{"id":9236,"date":"2024-09-17T14:31:58","date_gmt":"2024-09-17T12:31:58","guid":{"rendered":"https:\/\/antcube.shop\/en\/product\/ameisenarena-rahmen-20x10\/"},"modified":"2026-04-15T18:35:09","modified_gmt":"2026-04-15T16:35:09","slug":"sipelgate-areeni-raam-20x10","status":"publish","type":"product","link":"https:\/\/antcube.shop\/et\/toode\/sipelgate-areeni-raam-20x10\/","title":{"rendered":"Ant arena raam 20\u00d710"},"content":{"rendered":"<p><strong>M\u00f5\u00f5tmed (LxSxK):<\/strong> 20x10x0,4 cm<\/p>\n<p><strong>Materjal:<\/strong> Float-klaas<\/p>\n<p><strong>V\u00e4rv:<\/strong> selge \/ l\u00e4bipaistev<\/p>\n<p><strong>Sisu:<\/strong><br \/>\n1x Ant arena raam<\/p>\n<p><strong>Kirjeldus:<\/strong><br \/>\nKlaasist valmistatud raam sipelgate areenile p\u00f5genemiskaitseks.<\/p>\n<p><strong>Taotlus:<\/strong><br \/>\nSipelgaplatsi raam on klaasist raam, mis asetatakse sipelgaplatsile ja mis on altpoolt varustatud v\u00e4lja murdumisvastase kaitsega (\u00f5li, pulber v\u00f5i lakk), et v\u00e4ltida sipelgate v\u00e4lja murdumist.<\/p>\n<p><strong>Teade:<\/strong><br \/>\nKuna toode on valmistatud klaasist ja on seet\u00f5ttu tundlik, tuleb seda k\u00e4sitseda v\u00e4ga ettevaatlikult. Klaas on l\u00f5igatud vastavalt DIN 1249 standardile, mille lubatud h\u00e4lve on +\/- 1 mm. \u00c4\u00e4rmiselt v\u00e4ikeste sipelgate puhul on t\u00e4iendav l\u00e4bil\u00f6\u00f6gikaitse h\u00e4davajalik.<\/p>","protected":false},"excerpt":{"rendered":"<p>M\u00f5\u00f5tmed (LxSxK): 60x30x0,4 cm Materjal: Materjal: Float-klaas V\u00e4rv: l\u00e4bipaistev \/ l\u00e4bipaistev Sisu: Kirjeldus: 1x Ant arena raami kirjeldus: Klaasist valmistatud raam sipelgate areenile p\u00f5genemiskaitseks. Kasutamine: Sipelgasareeni raam on klaasist valmistatud raam, mis paigutatakse sipelgasareenile ja on varustatud v\u00e4ljap\u00e4\u00e4semise vastase kaitsega (\u00f5li, pulber","protected":false},"featured_media":9498,"comment_status":"open","ping_status":"closed","template":"","meta":{"_acf_changed":false,"content-type":"","_monsterinsights_skip_tracking":false,"_monsterinsights_sitenote_active":false,"_monsterinsights_sitenote_note":"","_monsterinsights_sitenote_category":0},"product_brand":[],"product_cat":[91,93],"product_tag":[],"class_list":{"0":"post-9236","1":"product","2":"type-product","3":"status-publish","4":"has-post-thumbnail","6":"product_cat-formicarium-modules","7":"product_cat-arena-frame","9":"first","10":"instock","11":"taxable","12":"shipping-taxable","13":"purchasable","14":"product-type-simple"},"acf":[],"aioseo_notices":[],"jetpack_sharing_enabled":true,"_links":{"self":[{"href":"https:\/\/antcube.shop\/et\/wp-json\/wp\/v2\/product\/9236","targetHints":{"allow":["GET"]}}],"collection":[{"href":"https:\/\/antcube.shop\/et\/wp-json\/wp\/v2\/product"}],"about":[{"href":"https:\/\/antcube.shop\/et\/wp-json\/wp\/v2\/types\/product"}],"replies":[{"embeddable":true,"href":"https:\/\/antcube.shop\/et\/wp-json\/wp\/v2\/comments?post=9236"}],"wp:featuredmedia":[{"embeddable":true,"href":"https:\/\/antcube.shop\/et\/wp-json\/wp\/v2\/media\/9498"}],"wp:attachment":[{"href":"https:\/\/antcube.shop\/et\/wp-json\/wp\/v2\/media?parent=9236"}],"wp:term":[{"taxonomy":"product_brand","embeddable":true,"href":"https:\/\/antcube.shop\/et\/wp-json\/wp\/v2\/product_brand?post=9236"},{"taxonomy":"product_cat","embeddable":true,"href":"https:\/\/antcube.shop\/et\/wp-json\/wp\/v2\/product_cat?post=9236"},{"taxonomy":"product_tag","embeddable":true,"href":"https:\/\/antcube.shop\/et\/wp-json\/wp\/v2\/product_tag?post=9236"}],"curies":[{"name":"wp","href":"https:\/\/api.w.org\/{rel}","templated":true}]}}