{"id":9235,"date":"2024-09-17T14:31:37","date_gmt":"2024-09-17T12:31:37","guid":{"rendered":"https:\/\/antcube.shop\/en\/product\/ameisenarena-abdeckung-20x10\/"},"modified":"2026-04-07T10:38:42","modified_gmt":"2026-04-07T08:38:42","slug":"sipelgate-areeni-kate-20x10","status":"publish","type":"product","link":"https:\/\/antcube.shop\/et\/toode\/sipelgate-areeni-kate-20x10\/","title":{"rendered":"Sipelgate areeni kate 20\u00d710"},"content":{"rendered":"<p><strong>M\u00f5\u00f5tmed (LxSxK):<\/strong> 20x10x0,4 cm<\/p>\n<p><strong>Materjal:<\/strong> valuklaas<\/p>\n<p><strong>V\u00e4rv:<\/strong> kristallselge \/ l\u00e4bipaistev<\/p>\n<p><strong>Sisu:<\/strong><br \/>\n1x sipelgate areeni kate<br \/>\n1x kinnituspunktid \u00e0 4 tk.<\/p>\n<p><strong>Kirjeldus:<\/strong><br \/>\nKlaaskate sipelgate areenile p\u00f5genemiskaitseks<\/p>\n<p><strong>Taotlus:<\/strong><br \/>\nKlaasist sipelgasareni kate pannakse sipelgasareni peale ja seda kasutatakse ka kliima reguleerimiseks.<br \/>\n50 mm avadesse saab sisestada erinevaid kliimaseadmete mooduleid, nt ventilatsiooniv\u00f5rgud, valgustus v\u00f5i niisutus.<br \/>\nEt v\u00e4ltida sipelgate p\u00f5genemist avade kaudu, tuleks avade \u00fcmber olevale alumisele k\u00fcljele kanda kaitsevahendit (\u00f5li, pulber v\u00f5i lakk).<\/p>\n<p><strong>M\u00e4rkus:<\/strong><br \/>\nKuna ese on valmistatud klaasist ja on seet\u00f5ttu habras, tuleb seda k\u00e4sitseda v\u00e4ga ettevaatlikult.<\/p>","protected":false},"excerpt":{"rendered":"<p>M\u00f5\u00f5tmed (LxSxK): 20x10x0,4 cm Materjal: float-klaas V\u00e4rv: kristallselge \/ l\u00e4bipaistev Sisu: kristallselge: 1x sipelgaplatsi kate 1x kinnituspunktid \u00e0 4 tk. Kirjeldus: Klaasist kate sipelgate areenile p\u00f5genemiskaitseks Kasutamine: Klaasist sipelgasareni kate pannakse sipelgasareni peale ja seda kasutatakse ka kliima reguleerimiseks. Erinevad kliimaseadmed","protected":false},"featured_media":9568,"comment_status":"open","ping_status":"closed","template":"","meta":{"_acf_changed":false,"content-type":"","_monsterinsights_skip_tracking":false,"_monsterinsights_sitenote_active":false,"_monsterinsights_sitenote_note":"","_monsterinsights_sitenote_category":0},"product_brand":[],"product_cat":[91,92],"product_tag":[],"class_list":{"0":"post-9235","1":"product","2":"type-product","3":"status-publish","4":"has-post-thumbnail","6":"product_cat-formicarium-modules","7":"product_cat-arena-cover","9":"first","10":"instock","11":"taxable","12":"shipping-taxable","13":"purchasable","14":"product-type-simple"},"acf":[],"aioseo_notices":[],"jetpack_sharing_enabled":true,"_links":{"self":[{"href":"https:\/\/antcube.shop\/et\/wp-json\/wp\/v2\/product\/9235","targetHints":{"allow":["GET"]}}],"collection":[{"href":"https:\/\/antcube.shop\/et\/wp-json\/wp\/v2\/product"}],"about":[{"href":"https:\/\/antcube.shop\/et\/wp-json\/wp\/v2\/types\/product"}],"replies":[{"embeddable":true,"href":"https:\/\/antcube.shop\/et\/wp-json\/wp\/v2\/comments?post=9235"}],"wp:featuredmedia":[{"embeddable":true,"href":"https:\/\/antcube.shop\/et\/wp-json\/wp\/v2\/media\/9568"}],"wp:attachment":[{"href":"https:\/\/antcube.shop\/et\/wp-json\/wp\/v2\/media?parent=9235"}],"wp:term":[{"taxonomy":"product_brand","embeddable":true,"href":"https:\/\/antcube.shop\/et\/wp-json\/wp\/v2\/product_brand?post=9235"},{"taxonomy":"product_cat","embeddable":true,"href":"https:\/\/antcube.shop\/et\/wp-json\/wp\/v2\/product_cat?post=9235"},{"taxonomy":"product_tag","embeddable":true,"href":"https:\/\/antcube.shop\/et\/wp-json\/wp\/v2\/product_tag?post=9235"}],"curies":[{"name":"wp","href":"https:\/\/api.w.org\/{rel}","templated":true}]}}