{"id":9234,"date":"2024-09-17T14:31:14","date_gmt":"2024-09-17T12:31:14","guid":{"rendered":"https:\/\/antcube.shop\/en\/product\/ameisenarena-lufter-50mm\/"},"modified":"2026-04-02T12:12:12","modified_gmt":"2026-04-02T10:12:12","slug":"ant-arena-ventilaator-50mm","status":"publish","type":"product","link":"https:\/\/antcube.shop\/et\/toode\/ant-arena-ventilaator-50mm\/","title":{"rendered":"Ant Arena - ventilaator 50mm"},"content":{"rendered":"<p><span data-text-color=\"alert\"><strong>Kohaletoimetamine v\u00f5imalik ainult Saksamaal!<\/strong><\/span><\/p>\n<p><strong>Sisu:<\/strong><br \/>\n- Ventilaator 42mm<br \/>\n- V\u00f5re 50 mm - l\u00e4bipaistev<br \/>\n- Pistik \/ pistikupesa<\/p>\n<p><strong>Tehnilised andmed:<\/strong><br \/>\nV\u00f5imsus: 1W<br \/>\nPinge: 12V<br \/>\nKaabli pikkus: 10 cm<br \/>\nTemperatuurivahemik -10 - +60 \u00b0C<br \/>\nKasutusiga 50 000 h<br \/>\n\u00d5huvooluhulk 10 m\u00b3\/h (koos v\u00f5rega, vooluhulk v\u00e4heneb s\u00f5ltuvalt ava suurusest)<\/p>\n<p><strong>Materjal:<\/strong> plastist<\/p>\n<p><strong>V\u00e4rv:<\/strong> valge \/ l\u00e4bipaistev<\/p>\n<p><strong>Kirjeldus:<\/strong><br \/>\nSipelgasala ventileerimiseks saab selle ventilaatori \u00fchendada otse sipelgasala kaane k\u00fclge.<\/p>\n<p><strong>Keskkonnainfo:<\/strong><br \/>\nV\u00f5ib olla vajalik spetsiaalne k\u00f5rvaldamine. Palun v\u00f5tke \u00fchendust oma kohalike ametiasutustega.<br \/>\nT\u00e4iendav teave:<\/p>\n<blockquote class=\"wp-embedded-content\" data-secret=\"E5wsFkHgL8\"><p><a href=\"https:\/\/antcube.shop\/en\/electrical-devices-act\/\">Elektriseadmete seadus<\/a><\/p><\/blockquote>\n<p><iframe loading=\"lazy\" class=\"wp-embedded-content\" sandbox=\"allow-scripts\" security=\"restricted\" style=\"position: absolute; visibility: hidden;\" title=\"&quot;Elektriseadmete seadus&quot; - ANTCUBE\" src=\"https:\/\/antcube.shop\/en\/electrical-devices-act\/embed\/#?secret=BvHuHVTyVI#?secret=E5wsFkHgL8\" data-secret=\"E5wsFkHgL8\" width=\"600\" height=\"338\" frameborder=\"0\" marginwidth=\"0\" marginheight=\"0\" scrolling=\"no\"><\/iframe><\/p>\n<p>&nbsp;<\/p>\n<p>See toode on registreeritud WEEE-m\u00e4\u00e4ruse alusel. DE 54590387.<\/p>\n<p>&nbsp;<\/p>","protected":false},"excerpt":{"rendered":"<p>Kohaletoimetamine v\u00f5imalik ainult Saksamaal! Sisu: - Ventilaator 42mm - V\u00f5re 50 mm - l\u00e4bipaistev - Pistik \/ pistik Tehnilised andmed: V\u00f5imsus: 1W Pinge: 12V Kaabli pikkus: 10 cm Temperatuurivahemik -10 - +60 \u00b0C Kasutusiga 50 000 h \u00d5huvooluhulk 10 m\u00b3\/h (koos v\u00f5re lisaga, vooluhulk v\u00e4heneb s\u00f5ltuvalt [...]","protected":false},"featured_media":9512,"comment_status":"open","ping_status":"closed","template":"","meta":{"_acf_changed":false,"content-type":"","_monsterinsights_skip_tracking":false,"_monsterinsights_sitenote_active":false,"_monsterinsights_sitenote_note":"","_monsterinsights_sitenote_category":0},"product_brand":[],"product_cat":[359,119],"product_tag":[],"class_list":{"0":"post-9234","1":"product","2":"type-product","3":"status-publish","4":"has-post-thumbnail","6":"product_cat-light-heat-humidity","7":"product_cat-formicarium-components","9":"first","10":"instock","11":"taxable","12":"shipping-taxable","13":"purchasable","14":"product-type-simple"},"acf":[],"aioseo_notices":[],"jetpack_sharing_enabled":true,"_links":{"self":[{"href":"https:\/\/antcube.shop\/et\/wp-json\/wp\/v2\/product\/9234","targetHints":{"allow":["GET"]}}],"collection":[{"href":"https:\/\/antcube.shop\/et\/wp-json\/wp\/v2\/product"}],"about":[{"href":"https:\/\/antcube.shop\/et\/wp-json\/wp\/v2\/types\/product"}],"replies":[{"embeddable":true,"href":"https:\/\/antcube.shop\/et\/wp-json\/wp\/v2\/comments?post=9234"}],"wp:featuredmedia":[{"embeddable":true,"href":"https:\/\/antcube.shop\/et\/wp-json\/wp\/v2\/media\/9512"}],"wp:attachment":[{"href":"https:\/\/antcube.shop\/et\/wp-json\/wp\/v2\/media?parent=9234"}],"wp:term":[{"taxonomy":"product_brand","embeddable":true,"href":"https:\/\/antcube.shop\/et\/wp-json\/wp\/v2\/product_brand?post=9234"},{"taxonomy":"product_cat","embeddable":true,"href":"https:\/\/antcube.shop\/et\/wp-json\/wp\/v2\/product_cat?post=9234"},{"taxonomy":"product_tag","embeddable":true,"href":"https:\/\/antcube.shop\/et\/wp-json\/wp\/v2\/product_tag?post=9234"}],"curies":[{"name":"wp","href":"https:\/\/api.w.org\/{rel}","templated":true}]}}