{"id":9233,"date":"2024-09-17T14:30:50","date_gmt":"2024-09-17T12:30:50","guid":{"rendered":"https:\/\/antcube.shop\/en\/product\/ameisenarena-lufter-set-50mm-mit-netzgerat\/"},"modified":"2026-04-02T18:12:07","modified_gmt":"2026-04-02T16:12:07","slug":"ant-arena-ventilaatorite-komplekt-50mm-koos-toiteallikaga","status":"publish","type":"product","link":"https:\/\/antcube.shop\/et\/toode\/ant-arena-ventilaatorite-komplekt-50mm-koos-toiteallikaga\/","title":{"rendered":"Ant Arena - 50mm ventilaatorite komplekt koos toiteallikaga"},"content":{"rendered":"<p><span data-text-color=\"alert\"><strong>Kohaletoimetamine v\u00f5imalik ainult Saksamaal!<\/strong><\/span><\/p>\n<p><strong>Sisu:<\/strong><br \/>\n- Ventilaator 42mm<br \/>\n- v\u00f5rega 50mm - l\u00e4bipaistev<br \/>\n- Toiteplokk<br \/>\n- Pistik \/ pistikupesa<\/p>\n<p><strong>Tehnilised andmed:<\/strong><br \/>\nToiteploki v\u00e4ljund: 2,5 A (12W)<br \/>\nPinge sisend: 100V-240V<br \/>\nPinge v\u00e4ljund: 5V<br \/>\nKaabli pikkus: 10 cm (ventilaator)<br \/>\nKaabli pikkus: 90 cm (toiteplokk)<br \/>\nVentilaatori v\u00f5imsus 1 W<br \/>\nTemperatuurivahemik -10 - +60 \u00b0C<br \/>\nKasutusiga 50 000 h<br \/>\n\u00d5huvooluhulk 10 m\u00b3\/h (koos v\u00f5rega, vooluhulk v\u00e4heneb s\u00f5ltuvalt ava suurusest)<\/p>\n<p><strong>M\u00f5\u00f5tmed:<\/strong> 5 x 5 x 1 cm (ventilaator)<\/p>\n<p><strong>Materjal:<\/strong> plastist<\/p>\n<p><strong>V\u00e4rv:<\/strong> l\u00e4bipaistev, l\u00e4bikumav (ventilaator); must (toiteplokk)<\/p>\n<p><strong>Kirjeldus:<\/strong><br \/>\nVentilatsioon on eriti oluline, et saavutada formikaariumis v\u00f5imalikult loomulik kliima ja v\u00e4ltida hallituse teket. Ventilaatori saab paigaldada kas nelja kruviaugu abil v\u00f5i tuleb see kinnitada silikooni v\u00f5i plastliimiga. Mootor t\u00f6\u00f6tab peaaegu h\u00e4\u00e4letult ja vibratsioonivabalt.<\/p>\n<p><strong>Keskkonnainfo:<\/strong><br \/>\nV\u00f5ib olla vajalik spetsiaalne k\u00f5rvaldamine. Palun v\u00f5tke \u00fchendust oma kohalike ametiasutustega.<br \/>\nT\u00e4iendav teave:<\/p>\n<blockquote class=\"wp-embedded-content\" data-secret=\"jOGF5OPQCF\"><p><a href=\"https:\/\/antcube.shop\/en\/electrical-devices-act\/\">Elektriseadmete seadus<\/a><\/p><\/blockquote>\n<p><iframe loading=\"lazy\" class=\"wp-embedded-content\" sandbox=\"allow-scripts\" security=\"restricted\" style=\"position: absolute; visibility: hidden;\" title=\"&quot;Elektriseadmete seadus&quot; - ANTCUBE\" src=\"https:\/\/antcube.shop\/en\/electrical-devices-act\/embed\/#?secret=NfRYQNwKWB#?secret=jOGF5OPQCF\" data-secret=\"jOGF5OPQCF\" width=\"600\" height=\"338\" frameborder=\"0\" marginwidth=\"0\" marginheight=\"0\" scrolling=\"no\"><\/iframe><\/p>","protected":false},"excerpt":{"rendered":"<p>Shipping only possible in Germany! Contents: &#8211; Fan 42mm &#8211; on grille insert 50mm &#8211; transparent &#8211; Power supply unit &#8211; Plug \/ connector Technical specifications: Power supply unit output: 2.5 A (12W) Voltage input: 100V-240V Voltage output: 5V Cable length: 10 cm (fan) Cable length: 90 cm (power supply unit) Power fan 1 W [&#8230;]","protected":false},"featured_media":9507,"comment_status":"open","ping_status":"closed","template":"","meta":{"_acf_changed":false,"content-type":"","_monsterinsights_skip_tracking":false,"_monsterinsights_sitenote_active":false,"_monsterinsights_sitenote_note":"","_monsterinsights_sitenote_category":0},"product_brand":[],"product_cat":[359,119],"product_tag":[],"class_list":{"0":"post-9233","1":"product","2":"type-product","3":"status-publish","4":"has-post-thumbnail","6":"product_cat-light-heat-humidity","7":"product_cat-formicarium-components","9":"first","10":"outofstock","11":"taxable","12":"shipping-taxable","13":"purchasable","14":"product-type-simple"},"acf":[],"aioseo_notices":[],"jetpack_sharing_enabled":true,"_links":{"self":[{"href":"https:\/\/antcube.shop\/et\/wp-json\/wp\/v2\/product\/9233","targetHints":{"allow":["GET"]}}],"collection":[{"href":"https:\/\/antcube.shop\/et\/wp-json\/wp\/v2\/product"}],"about":[{"href":"https:\/\/antcube.shop\/et\/wp-json\/wp\/v2\/types\/product"}],"replies":[{"embeddable":true,"href":"https:\/\/antcube.shop\/et\/wp-json\/wp\/v2\/comments?post=9233"}],"wp:featuredmedia":[{"embeddable":true,"href":"https:\/\/antcube.shop\/et\/wp-json\/wp\/v2\/media\/9507"}],"wp:attachment":[{"href":"https:\/\/antcube.shop\/et\/wp-json\/wp\/v2\/media?parent=9233"}],"wp:term":[{"taxonomy":"product_brand","embeddable":true,"href":"https:\/\/antcube.shop\/et\/wp-json\/wp\/v2\/product_brand?post=9233"},{"taxonomy":"product_cat","embeddable":true,"href":"https:\/\/antcube.shop\/et\/wp-json\/wp\/v2\/product_cat?post=9233"},{"taxonomy":"product_tag","embeddable":true,"href":"https:\/\/antcube.shop\/et\/wp-json\/wp\/v2\/product_tag?post=9233"}],"curies":[{"name":"wp","href":"https:\/\/api.w.org\/{rel}","templated":true}]}}