{"id":9231,"date":"2024-09-17T14:30:07","date_gmt":"2024-09-17T12:30:07","guid":{"rendered":"https:\/\/antcube.shop\/en\/product\/antcube-arena-60x30x30-lang\/"},"modified":"2026-04-02T09:54:10","modified_gmt":"2026-04-02T07:54:10","slug":"antcube-arena-60x30x30-laiune","status":"publish","type":"product","link":"https:\/\/antcube.shop\/et\/toode\/antcube-arena-60x30x30-laiune\/","title":{"rendered":"ANTCUBE - Arena 60x30x30 - laiad"},"content":{"rendered":"<p><span data-text-color=\"alert\"><strong>Kohaletoimetamine v\u00f5imalik ainult GO! kaudu Saksamaa piires v\u00f5i paleti kaudu Euroopa piires (saared puuduvad).<\/strong><\/span><\/p>\n<p><strong>M\u00f5\u00f5tmed:<\/strong> 600 x 300 x 300 mm; 4 mm paksune klaas<\/p>\n<p><strong>Materjal:<\/strong> Float-klaas<\/p>\n<p><strong>\u00dchendus:<\/strong> 2x auk 50 mm<\/p>\n<p><strong>Kirjeldus:<\/strong><br \/>\nKlaasist valamu 60x30x30 cm, 2x 50mm auguga<br \/>\nAuk (keskpunkt) on 3 cm k\u00f5rgusel.<\/p>\n<p><strong>M\u00e4rkus:<\/strong> Klaas on l\u00f5igatud vastavalt DIN 1249 standardile, tolerantsiga +\/- 1 mm. \u00c4\u00e4rmiselt v\u00e4ikeste sipelgaliikide puhul on t\u00e4iendav p\u00f5genemiskaitse h\u00e4davajalik.<\/p>","protected":false},"excerpt":{"rendered":"<p><strong>\u00dchendus:<\/strong> 2x auk 50 mm<\/p>\n<p><strong>Suurus:<\/strong> S, M, L, XL<\/p>","protected":false},"featured_media":9517,"comment_status":"open","ping_status":"closed","template":"","meta":{"_acf_changed":false,"content-type":"","_monsterinsights_skip_tracking":false,"_monsterinsights_sitenote_active":false,"_monsterinsights_sitenote_note":"","_monsterinsights_sitenote_category":0},"product_brand":[],"product_cat":[85,86],"product_tag":[],"class_list":{"0":"post-9231","1":"product","2":"type-product","3":"status-publish","4":"has-post-thumbnail","6":"product_cat-ant-arenas","7":"product_cat-formicariums","8":"product_shipping_class-fragile","10":"first","11":"instock","12":"taxable","13":"shipping-taxable","14":"purchasable","15":"product-type-simple"},"acf":[],"aioseo_notices":[],"jetpack_sharing_enabled":true,"_links":{"self":[{"href":"https:\/\/antcube.shop\/et\/wp-json\/wp\/v2\/product\/9231","targetHints":{"allow":["GET"]}}],"collection":[{"href":"https:\/\/antcube.shop\/et\/wp-json\/wp\/v2\/product"}],"about":[{"href":"https:\/\/antcube.shop\/et\/wp-json\/wp\/v2\/types\/product"}],"replies":[{"embeddable":true,"href":"https:\/\/antcube.shop\/et\/wp-json\/wp\/v2\/comments?post=9231"}],"wp:featuredmedia":[{"embeddable":true,"href":"https:\/\/antcube.shop\/et\/wp-json\/wp\/v2\/media\/9517"}],"wp:attachment":[{"href":"https:\/\/antcube.shop\/et\/wp-json\/wp\/v2\/media?parent=9231"}],"wp:term":[{"taxonomy":"product_brand","embeddable":true,"href":"https:\/\/antcube.shop\/et\/wp-json\/wp\/v2\/product_brand?post=9231"},{"taxonomy":"product_cat","embeddable":true,"href":"https:\/\/antcube.shop\/et\/wp-json\/wp\/v2\/product_cat?post=9231"},{"taxonomy":"product_tag","embeddable":true,"href":"https:\/\/antcube.shop\/et\/wp-json\/wp\/v2\/product_tag?post=9231"}],"curies":[{"name":"wp","href":"https:\/\/api.w.org\/{rel}","templated":true}]}}