{"id":9228,"date":"2024-09-17T14:28:51","date_gmt":"2024-09-17T12:28:51","guid":{"rendered":"https:\/\/antcube.shop\/en\/product\/antcube-ameisenarenaeinsatz-l-20x10\/"},"modified":"2026-04-01T13:28:11","modified_gmt":"2026-04-01T11:28:11","slug":"antcube-ant-arena-insert-l-20x10","status":"publish","type":"product","link":"https:\/\/antcube.shop\/et\/toode\/antcube-ant-arena-insert-l-20x10\/","title":{"rendered":"ANTCUBE sipelgaplats - L - 20\u00d720"},"content":{"rendered":"<p><strong>M\u00f5\u00f5tmed:<\/strong><br \/>\nV\u00e4ljaspool: 190 x 28 x 76mm<br \/>\nsisemus: 184 x 20 x 69 mm<\/p>\n<p><strong>Materjal:<\/strong> valuklaas<\/p>\n<p><strong>V\u00e4rv:<\/strong> l\u00e4bipaistev<\/p>\n<p><strong>Sisu:<\/strong><br \/>\n1x sipelgate areeni sisestus<br \/>\n1x kate<br \/>\n1x kinnituspunktid 2 tk.<\/p>\n<p><strong>Kirjeldus:<\/strong><br \/>\nSelle pesapaigaldussisendi v\u00f5ib paigutada ANTCUBE sipelgate areenile ja t\u00e4ita kaevamisk\u00f5lbliku materjaliga (nt liiva\/savi segu v\u00f5i Digfix). Selle erip\u00e4ra seisneb selles, et seda saab kergesti areenist v\u00e4lja v\u00f5tta, nt sipelgate talvitumiseks. Alumise osa juures on kaks 10 mm auku sisse- ja v\u00e4ljap\u00e4\u00e4su ning ventilatsiooni jaoks. Need saab talvitumiseks sulgeda 10 mm tihenditega (need ei kuulu komplekti).<\/p>\n<p><strong>M\u00e4rkus:<\/strong> Klaas l\u00f5igatakse m\u00f5\u00f5tu vastavalt standardile DIN 1249, lubatud h\u00e4lve on +\/- 1 mm. V\u00e4ga v\u00e4ikeste sipelgaliikide puhul on oluline t\u00e4iendav v\u00e4lja murdumiskaitse.<\/p>","protected":false},"excerpt":{"rendered":"<p>Suurus: <span style=\"color: #0000ff;\"><strong>L<\/strong><\/span><\/p>","protected":false},"featured_media":9525,"comment_status":"open","ping_status":"closed","template":"","meta":{"_acf_changed":false,"content-type":"","_monsterinsights_skip_tracking":false,"_monsterinsights_sitenote_active":false,"_monsterinsights_sitenote_note":"","_monsterinsights_sitenote_category":0},"product_brand":[],"product_cat":[91,94],"product_tag":[],"class_list":{"0":"post-9228","1":"product","2":"type-product","3":"status-publish","4":"has-post-thumbnail","6":"product_cat-formicarium-modules","7":"product_cat-arena-inset","9":"first","10":"instock","11":"taxable","12":"shipping-taxable","13":"purchasable","14":"product-type-simple"},"acf":[],"aioseo_notices":[],"jetpack_sharing_enabled":true,"_links":{"self":[{"href":"https:\/\/antcube.shop\/et\/wp-json\/wp\/v2\/product\/9228","targetHints":{"allow":["GET"]}}],"collection":[{"href":"https:\/\/antcube.shop\/et\/wp-json\/wp\/v2\/product"}],"about":[{"href":"https:\/\/antcube.shop\/et\/wp-json\/wp\/v2\/types\/product"}],"replies":[{"embeddable":true,"href":"https:\/\/antcube.shop\/et\/wp-json\/wp\/v2\/comments?post=9228"}],"wp:featuredmedia":[{"embeddable":true,"href":"https:\/\/antcube.shop\/et\/wp-json\/wp\/v2\/media\/9525"}],"wp:attachment":[{"href":"https:\/\/antcube.shop\/et\/wp-json\/wp\/v2\/media?parent=9228"}],"wp:term":[{"taxonomy":"product_brand","embeddable":true,"href":"https:\/\/antcube.shop\/et\/wp-json\/wp\/v2\/product_brand?post=9228"},{"taxonomy":"product_cat","embeddable":true,"href":"https:\/\/antcube.shop\/et\/wp-json\/wp\/v2\/product_cat?post=9228"},{"taxonomy":"product_tag","embeddable":true,"href":"https:\/\/antcube.shop\/et\/wp-json\/wp\/v2\/product_tag?post=9228"}],"curies":[{"name":"wp","href":"https:\/\/api.w.org\/{rel}","templated":true}]}}