{"id":9223,"date":"2024-09-17T14:26:51","date_gmt":"2024-09-17T12:26:51","guid":{"rendered":"https:\/\/antcube.shop\/en\/product\/antcube-ameisenarenaeinsatz-xl-60x30\/"},"modified":"2026-04-08T09:49:14","modified_gmt":"2026-04-08T07:49:14","slug":"antcube-ant-arena-sisestus-xl-60x30","status":"publish","type":"product","link":"https:\/\/antcube.shop\/et\/toode\/antcube-ant-arena-sisestus-xl-60x30\/","title":{"rendered":"ANTCUBE sipelgaplats - XL - 60\u00d730"},"content":{"rendered":"<p><span data-text-color=\"alert\"><strong>Kohaletoimetamine v\u00f5imalik ainult GO! kaudu Saksamaa piires v\u00f5i paleti kaudu Euroopa piires (saared puuduvad).<\/strong><\/span><\/p>\n<p><strong>M\u00f5\u00f5tmed:<\/strong><br \/>\nV\u00e4ljaspool: 590 x 58 x 276 mm<br \/>\nsisemus: 584 x 50 x 269 mm<\/p>\n<p><strong>Materjal:<\/strong> valuklaas<\/p>\n<p><strong>V\u00e4rv:<\/strong> l\u00e4bipaistev<\/p>\n<p><strong>Sisu:<\/strong><br \/>\n1x sipelgate areeni sisestus<br \/>\n1x kate<br \/>\n1x kinnituspunktid 2 tk.<\/p>\n<p><strong>Kirjeldus:<\/strong><br \/>\nSelle pesapaigaldussisendi v\u00f5ib paigutada ANTCUBE sipelgate areenile ja t\u00e4ita kaevamisk\u00f5lbliku materjaliga (nt liiva\/savi segu v\u00f5i Digfix). Selle erip\u00e4ra seisneb selles, et seda saab kergesti areenist v\u00e4lja v\u00f5tta, nt sipelgate talvitumiseks. Alumise osa juures on kaks 10 mm auku sisse- ja v\u00e4ljap\u00e4\u00e4su ning ventilatsiooni jaoks. Need saab talvitumiseks sulgeda 10 mm tihenditega (need ei kuulu komplekti).<\/p>\n<p><strong>M\u00e4rkus:<\/strong> Klaas l\u00f5igatakse m\u00f5\u00f5tu vastavalt standardile DIN 1249, lubatud h\u00e4lve on +\/- 1 mm. V\u00e4ga v\u00e4ikeste sipelgaliikide puhul on oluline t\u00e4iendav v\u00e4lja murdumiskaitse.<\/p>","protected":false},"excerpt":{"rendered":"<p>Suurus: <span style=\"color: #ff0000;\"><strong>XL<\/strong><\/span><\/p>","protected":false},"featured_media":9535,"comment_status":"open","ping_status":"closed","template":"","meta":{"_acf_changed":false,"content-type":"","_monsterinsights_skip_tracking":false,"_monsterinsights_sitenote_active":false,"_monsterinsights_sitenote_note":"","_monsterinsights_sitenote_category":0},"product_brand":[],"product_cat":[91,94],"product_tag":[],"class_list":{"0":"post-9223","1":"product","2":"type-product","3":"status-publish","4":"has-post-thumbnail","6":"product_cat-formicarium-modules","7":"product_cat-arena-inset","8":"product_shipping_class-fragile","10":"first","11":"instock","12":"taxable","13":"shipping-taxable","14":"purchasable","15":"product-type-simple"},"acf":[],"aioseo_notices":[],"jetpack_sharing_enabled":true,"_links":{"self":[{"href":"https:\/\/antcube.shop\/et\/wp-json\/wp\/v2\/product\/9223","targetHints":{"allow":["GET"]}}],"collection":[{"href":"https:\/\/antcube.shop\/et\/wp-json\/wp\/v2\/product"}],"about":[{"href":"https:\/\/antcube.shop\/et\/wp-json\/wp\/v2\/types\/product"}],"replies":[{"embeddable":true,"href":"https:\/\/antcube.shop\/et\/wp-json\/wp\/v2\/comments?post=9223"}],"wp:featuredmedia":[{"embeddable":true,"href":"https:\/\/antcube.shop\/et\/wp-json\/wp\/v2\/media\/9535"}],"wp:attachment":[{"href":"https:\/\/antcube.shop\/et\/wp-json\/wp\/v2\/media?parent=9223"}],"wp:term":[{"taxonomy":"product_brand","embeddable":true,"href":"https:\/\/antcube.shop\/et\/wp-json\/wp\/v2\/product_brand?post=9223"},{"taxonomy":"product_cat","embeddable":true,"href":"https:\/\/antcube.shop\/et\/wp-json\/wp\/v2\/product_cat?post=9223"},{"taxonomy":"product_tag","embeddable":true,"href":"https:\/\/antcube.shop\/et\/wp-json\/wp\/v2\/product_tag?post=9223"}],"curies":[{"name":"wp","href":"https:\/\/api.w.org\/{rel}","templated":true}]}}