{"id":9222,"date":"2024-09-17T14:26:28","date_gmt":"2024-09-17T12:26:28","guid":{"rendered":"https:\/\/antcube.shop\/en\/product\/antcube-ameisenfarm-xl-40x20-stehend\/"},"modified":"2026-03-09T18:09:35","modified_gmt":"2026-03-09T17:09:35","slug":"antcube-ant-farm-xl-40x20-pustiseisev","status":"publish","type":"product","link":"https:\/\/antcube.shop\/et\/toode\/antcube-ant-farm-xl-40x20-pustiseisev\/","title":{"rendered":"ANTCUBE - Sipelgafarm - XL - 40\u00d720 - p\u00fcstine"},"content":{"rendered":"<p><strong>M\u00f5\u00f5tmed (LxSxK):<\/strong><br \/>\nV\u00e4ljaspool: 390x58x299 mm<br \/>\nsisemus: 384x50x190 mm<\/p>\n<p><strong>Materjal:<\/strong><br \/>\nFloat-klaas, plastik<\/p>\n<p><strong>v\u00e4rv:<\/strong><br \/>\nkristallselge<\/p>\n<p><strong>Sisu:<\/strong><br \/>\n1x ANTCUBE sipelgafarm - 52mm plaatide vahekaugus<br \/>\n1x sipelgapesa kate XL 40\u00d76<br \/>\n2x pistikud 4mm<\/p>\n<p><strong>\u00dchendus:<\/strong><br \/>\nM\u00f5lemal k\u00fcljel on 27mm auk, nii et seda farmi saab \u00fchendada 28mm voolikuga v\u00f5i meie \"27mm aukudega voolikuga paak\u00fchendusega\".<br \/>\n2x 4mm augud 4mm tihenditega.<\/p>\n<p><strong>Kirjeldus:<\/strong><br \/>\nSee t\u00e4ielikult l\u00e4bipaistev sipelgafarm sobib L suurusega sipelgaliikidele.<\/p>\n<p><strong>M\u00e4rkused tootmise kohta<\/strong><br \/>\nKlaas on l\u00f5igatud vastavalt DIN 1249 standardile, tolerantsiga +\/- 1 mm. \u00c4\u00e4rmiselt v\u00e4ikeste sipelgaliikide puhul on t\u00e4iendav p\u00f5genemiskaitse h\u00e4davajalik.<\/p>\n<p><strong>M\u00e4rkus talu kohta<\/strong><br \/>\nPalun v\u00f5tke torude kinnitamisel arvesse j\u00e4rgmist:<br \/>\nKui toru on v\u00e4ga raskesti \u00fchendusmuhvile paigaldatav, tuleb muhvi kergelt h\u00f5\u00f5ruda tilga meie v\u00e4lja murdumiskaitse\u00f5li v\u00f5i -pulbriga. Seej\u00e4rel tuleks voolik l\u00fckata muhvile keerates v\u00f5i kruvides, ilma muhvi \u00fcles- ja allapoole liigutustega pinguldamata.<\/p>","protected":false},"excerpt":{"rendered":"<p><strong>\u00dchendus:<\/strong> 27mm auk<br \/>\n<strong>suurus<\/strong>: <span style=\"font-size: small;\"><span style=\"font-family: Arial;\"><strong>XL<\/strong><\/span><\/span><\/p>","protected":false},"featured_media":9537,"comment_status":"open","ping_status":"closed","template":"","meta":{"_acf_changed":false,"content-type":"","_monsterinsights_skip_tracking":false,"_monsterinsights_sitenote_active":false,"_monsterinsights_sitenote_note":"","_monsterinsights_sitenote_category":0},"product_brand":[],"product_cat":[80,84],"product_tag":[],"class_list":{"0":"post-9222","1":"product","2":"type-product","3":"status-publish","4":"has-post-thumbnail","6":"product_cat-antfarms","7":"product_cat-antfarms-xl","9":"first","10":"instock","11":"taxable","12":"shipping-taxable","13":"purchasable","14":"product-type-simple"},"acf":[],"aioseo_notices":[],"jetpack_sharing_enabled":true,"_links":{"self":[{"href":"https:\/\/antcube.shop\/et\/wp-json\/wp\/v2\/product\/9222","targetHints":{"allow":["GET"]}}],"collection":[{"href":"https:\/\/antcube.shop\/et\/wp-json\/wp\/v2\/product"}],"about":[{"href":"https:\/\/antcube.shop\/et\/wp-json\/wp\/v2\/types\/product"}],"replies":[{"embeddable":true,"href":"https:\/\/antcube.shop\/et\/wp-json\/wp\/v2\/comments?post=9222"}],"wp:featuredmedia":[{"embeddable":true,"href":"https:\/\/antcube.shop\/et\/wp-json\/wp\/v2\/media\/9537"}],"wp:attachment":[{"href":"https:\/\/antcube.shop\/et\/wp-json\/wp\/v2\/media?parent=9222"}],"wp:term":[{"taxonomy":"product_brand","embeddable":true,"href":"https:\/\/antcube.shop\/et\/wp-json\/wp\/v2\/product_brand?post=9222"},{"taxonomy":"product_cat","embeddable":true,"href":"https:\/\/antcube.shop\/et\/wp-json\/wp\/v2\/product_cat?post=9222"},{"taxonomy":"product_tag","embeddable":true,"href":"https:\/\/antcube.shop\/et\/wp-json\/wp\/v2\/product_tag?post=9222"}],"curies":[{"name":"wp","href":"https:\/\/api.w.org\/{rel}","templated":true}]}}