{"id":9215,"date":"2024-09-17T14:23:32","date_gmt":"2024-09-17T12:23:32","guid":{"rendered":"https:\/\/antcube.shop\/en\/product\/rote-abdeckplatte-30x30-liegend\/"},"modified":"2026-04-23T19:53:22","modified_gmt":"2026-04-23T17:53:22","slug":"punane-katteplaat-30x30-horisontaalne","status":"publish","type":"product","link":"https:\/\/antcube.shop\/et\/toode\/punane-katteplaat-30x30-horisontaalne\/","title":{"rendered":"Punane katteplaat 30\u00d730 - horisontaalne"},"content":{"rendered":"<p><strong>M\u00f5\u00f5tmed:<\/strong> 280 x 280 mm,<br \/>\nPaksus: paksus: 3 mm<br \/>\n56mm augur\u00f5nga v\u00e4lism\u00f5\u00f5duga - 33mm augu sisem\u00f5\u00f5duga<\/p>\n<p><strong>Materjal:<\/strong> PMMA<\/p>\n<p><strong>V\u00e4rv:<\/strong> tumepunane, l\u00e4bipaistev<\/p>\n<p><strong>Sisu:<\/strong> 1 tk.<\/p>\n<p><strong>Kirjeldus:<\/strong> Punane l\u00e4bipaistev katteplaat - horisontaalne, kasutatakse selleks, et anda sipelgatele maa-alune tunne. Seet\u00f5ttu soovitame seda toodet kasutada v\u00e4hemalt osaliselt pesa piirkonnas. L\u00e4bi katteplaadi on sipelgaid pesas isegi n\u00e4ha.<\/p>\n<p>See katteplaat sobib ideaalselt meie \"ANTCUBE - krohvipesa 30\u00d730 - horisontaalne\".<\/p>","protected":false},"excerpt":{"rendered":"<p>M\u00f5\u00f5tmed: Paksus: 180 x 180 mm, paksus: 180 x 180 mm: Materjal: 3 mm 56 mm augu r\u00f5nga v\u00e4lism\u00f5\u00f5t - 33 mm augu sisem\u00f5\u00f5t: PMMA V\u00e4rv: tumepunane, l\u00e4bipaistev Sisu: PMMA, l\u00e4bipaistev: 1 tk. Kirjeldus: Punane l\u00e4bipaistev katteplaat - horisontaalne, kasutatakse sipelgate maa-aluse tunde tekitamiseks. Seet\u00f5ttu soovitame seda toodet v\u00e4hemalt osaliselt kasutada","protected":false},"featured_media":9552,"comment_status":"open","ping_status":"closed","template":"","meta":{"_acf_changed":false,"content-type":"","_monsterinsights_skip_tracking":false,"_monsterinsights_sitenote_active":false,"_monsterinsights_sitenote_note":"","_monsterinsights_sitenote_category":0},"product_brand":[],"product_cat":[119,239],"product_tag":[],"class_list":{"0":"post-9215","1":"product","2":"type-product","3":"status-publish","4":"has-post-thumbnail","6":"product_cat-formicarium-components","7":"product_cat-useful-additions","9":"first","10":"instock","11":"taxable","12":"shipping-taxable","13":"purchasable","14":"product-type-simple"},"acf":[],"aioseo_notices":[],"jetpack_sharing_enabled":true,"_links":{"self":[{"href":"https:\/\/antcube.shop\/et\/wp-json\/wp\/v2\/product\/9215","targetHints":{"allow":["GET"]}}],"collection":[{"href":"https:\/\/antcube.shop\/et\/wp-json\/wp\/v2\/product"}],"about":[{"href":"https:\/\/antcube.shop\/et\/wp-json\/wp\/v2\/types\/product"}],"replies":[{"embeddable":true,"href":"https:\/\/antcube.shop\/et\/wp-json\/wp\/v2\/comments?post=9215"}],"wp:featuredmedia":[{"embeddable":true,"href":"https:\/\/antcube.shop\/et\/wp-json\/wp\/v2\/media\/9552"}],"wp:attachment":[{"href":"https:\/\/antcube.shop\/et\/wp-json\/wp\/v2\/media?parent=9215"}],"wp:term":[{"taxonomy":"product_brand","embeddable":true,"href":"https:\/\/antcube.shop\/et\/wp-json\/wp\/v2\/product_brand?post=9215"},{"taxonomy":"product_cat","embeddable":true,"href":"https:\/\/antcube.shop\/et\/wp-json\/wp\/v2\/product_cat?post=9215"},{"taxonomy":"product_tag","embeddable":true,"href":"https:\/\/antcube.shop\/et\/wp-json\/wp\/v2\/product_tag?post=9215"}],"curies":[{"name":"wp","href":"https:\/\/api.w.org\/{rel}","templated":true}]}}