{"id":9212,"date":"2024-09-17T14:21:53","date_gmt":"2024-09-17T12:21:53","guid":{"rendered":"https:\/\/antcube.shop\/en\/product\/agave-10cm\/"},"modified":"2026-03-11T13:48:49","modified_gmt":"2026-03-11T12:48:49","slug":"agavev-10cm","status":"publish","type":"product","link":"https:\/\/antcube.shop\/et\/toode\/agavev-10cm\/","title":{"rendered":"Agave - 10cm"},"content":{"rendered":"<p><strong>M\u00f5\u00f5tmed:<\/strong> 104 x 97 x 103 mm<\/p>\n<p><strong>Materjal:<\/strong> pol\u00fcmeerbetoon, savi, plastik<\/p>\n<p><strong>V\u00e4rv:<\/strong><br \/>\nAlus: hallikaspruun<br \/>\nTaim: tumeroheline-heleroheline halli servaga<\/p>\n<p><strong>Sisu:<\/strong> 1 t\u00fckk<\/p>\n<p><strong>Kirjeldus:<\/strong> V\u00e4ike agave on valmistatud tugevast plastist ja sellel on kivikujundusega s\u00fcnteetiline vaigup\u00f5hi. See muudab selle \u00e4\u00e4rmiselt vastupidavaks ja seda ei saa sipelgad kahjustada.<br \/>\nSellest hoolimata n\u00e4eb see v\u00e4ga loomulik ja atraktiivne v\u00e4lja ning seda saab h\u00f5lpsasti formikaariumisse integreerida.<\/p>\n<p><strong>M\u00e4rkus:<\/strong> Enne kasutamist puhastage jooksva vee all!<\/p>","protected":false},"excerpt":{"rendered":"<p>M\u00f5\u00f5tmed: Materjal: pol\u00fcmeerbetoon, savi, plastik V\u00e4rvus: p\u00f5hi: hall-pruun Taim: tumeroheline-heleroheline halli servaga Sisu: 104 x 97 x 103 mm: Kirjeldus: 1 tk: V\u00e4ike agave on valmistatud tugevast plastist ja sellel on kivin\u00e4olise v\u00e4limusega kunstvaigust alus. See muudab selle \u00e4\u00e4rmiselt vastupidavaks ja seda ei saa sipelgad kahjustada.","protected":false},"featured_media":9659,"comment_status":"open","ping_status":"closed","template":"","meta":{"_acf_changed":false,"content-type":"","_monsterinsights_skip_tracking":false,"_monsterinsights_sitenote_active":false,"_monsterinsights_sitenote_note":"","_monsterinsights_sitenote_category":0},"product_brand":[],"product_cat":[98,99],"product_tag":[],"class_list":{"0":"post-9212","1":"product","2":"type-product","3":"status-publish","4":"has-post-thumbnail","6":"product_cat-decoration","7":"product_cat-desert","9":"first","10":"instock","11":"taxable","12":"shipping-taxable","13":"purchasable","14":"product-type-simple"},"acf":[],"aioseo_notices":[],"jetpack_sharing_enabled":true,"_links":{"self":[{"href":"https:\/\/antcube.shop\/et\/wp-json\/wp\/v2\/product\/9212","targetHints":{"allow":["GET"]}}],"collection":[{"href":"https:\/\/antcube.shop\/et\/wp-json\/wp\/v2\/product"}],"about":[{"href":"https:\/\/antcube.shop\/et\/wp-json\/wp\/v2\/types\/product"}],"replies":[{"embeddable":true,"href":"https:\/\/antcube.shop\/et\/wp-json\/wp\/v2\/comments?post=9212"}],"wp:featuredmedia":[{"embeddable":true,"href":"https:\/\/antcube.shop\/et\/wp-json\/wp\/v2\/media\/9659"}],"wp:attachment":[{"href":"https:\/\/antcube.shop\/et\/wp-json\/wp\/v2\/media?parent=9212"}],"wp:term":[{"taxonomy":"product_brand","embeddable":true,"href":"https:\/\/antcube.shop\/et\/wp-json\/wp\/v2\/product_brand?post=9212"},{"taxonomy":"product_cat","embeddable":true,"href":"https:\/\/antcube.shop\/et\/wp-json\/wp\/v2\/product_cat?post=9212"},{"taxonomy":"product_tag","embeddable":true,"href":"https:\/\/antcube.shop\/et\/wp-json\/wp\/v2\/product_tag?post=9212"}],"curies":[{"name":"wp","href":"https:\/\/api.w.org\/{rel}","templated":true}]}}