{"id":9209,"date":"2024-09-17T14:20:13","date_gmt":"2024-09-17T12:20:13","guid":{"rendered":"https:\/\/antcube.shop\/en\/product\/sumpfpflanze\/"},"modified":"2026-04-02T23:03:13","modified_gmt":"2026-04-02T21:03:13","slug":"sootaim","status":"publish","type":"product","link":"https:\/\/antcube.shop\/et\/toode\/sootaim\/","title":{"rendered":"sootaim"},"content":{"rendered":"<p><strong>M\u00f5\u00f5tmed:<\/strong> umbes 90 x 30 x 125 mm<\/p>\n<p><strong>Materjal:<\/strong> pol\u00fcmeerbetoon, savi, plastik<\/p>\n<p><strong>V\u00e4rv:<\/strong><br \/>\nAlus: roheline, helehall-tumehall.<br \/>\nTaim: heleroheline-tumeroheline<\/p>\n<p><strong>Sisu:<\/strong> 1 tk.<\/p>\n<p><strong>Kirjeldus:<\/strong> Need taimed on valmistatud tugevast plastist ja neil on kivin\u00e4olise v\u00e4limusega s\u00fcnteetiline vaigup\u00f5hi. See muudab need \u00e4\u00e4rmiselt vastupidavaks ja sipelgad ei saa neid kahjustada. Sellegipoolest n\u00e4evad need v\u00e4ga loomulikud ja atraktiivsed v\u00e4lja ning neid saab h\u00f5lpsasti formikaariumisse integreerida.<\/p>\n<p><strong>M\u00e4rkus:<\/strong> Enne kasutamist puhastage jooksva vee all!<\/p>","protected":false},"excerpt":{"rendered":"<p>M\u00f5\u00f5tmed: umbes 9 x 3 x 12,5 cm<\/p>","protected":false},"featured_media":9362,"comment_status":"open","ping_status":"closed","template":"","meta":{"_acf_changed":false,"content-type":"","_monsterinsights_skip_tracking":false,"_monsterinsights_sitenote_active":false,"_monsterinsights_sitenote_note":"","_monsterinsights_sitenote_category":0},"product_brand":[],"product_cat":[98,100],"product_tag":[],"class_list":{"0":"post-9209","1":"product","2":"type-product","3":"status-publish","4":"has-post-thumbnail","6":"product_cat-decoration","7":"product_cat-rainforest","9":"first","10":"instock","11":"taxable","12":"shipping-taxable","13":"purchasable","14":"product-type-simple"},"acf":[],"aioseo_notices":[],"jetpack_sharing_enabled":true,"_links":{"self":[{"href":"https:\/\/antcube.shop\/et\/wp-json\/wp\/v2\/product\/9209","targetHints":{"allow":["GET"]}}],"collection":[{"href":"https:\/\/antcube.shop\/et\/wp-json\/wp\/v2\/product"}],"about":[{"href":"https:\/\/antcube.shop\/et\/wp-json\/wp\/v2\/types\/product"}],"replies":[{"embeddable":true,"href":"https:\/\/antcube.shop\/et\/wp-json\/wp\/v2\/comments?post=9209"}],"wp:featuredmedia":[{"embeddable":true,"href":"https:\/\/antcube.shop\/et\/wp-json\/wp\/v2\/media\/9362"}],"wp:attachment":[{"href":"https:\/\/antcube.shop\/et\/wp-json\/wp\/v2\/media?parent=9209"}],"wp:term":[{"taxonomy":"product_brand","embeddable":true,"href":"https:\/\/antcube.shop\/et\/wp-json\/wp\/v2\/product_brand?post=9209"},{"taxonomy":"product_cat","embeddable":true,"href":"https:\/\/antcube.shop\/et\/wp-json\/wp\/v2\/product_cat?post=9209"},{"taxonomy":"product_tag","embeddable":true,"href":"https:\/\/antcube.shop\/et\/wp-json\/wp\/v2\/product_tag?post=9209"}],"curies":[{"name":"wp","href":"https:\/\/api.w.org\/{rel}","templated":true}]}}