{"id":9208,"date":"2024-09-17T14:19:38","date_gmt":"2024-09-17T12:19:38","guid":{"rendered":"https:\/\/antcube.shop\/en\/product\/kleines-fettblatt\/"},"modified":"2026-04-13T09:34:47","modified_gmt":"2026-04-13T07:34:47","slug":"kleines-fettblatt","status":"publish","type":"product","link":"https:\/\/antcube.shop\/et\/toode\/kleines-fettblatt\/","title":{"rendered":"V\u00e4ike liblik\u00f5ieline"},"content":{"rendered":"<p><strong>M\u00f5\u00f5tmed:<\/strong> umbes 70 x 40 x 100 mm<\/p>\n<p><strong>Materjal:<\/strong> pol\u00fcmeerbetoon, savi, plastik<\/p>\n<p><strong>V\u00e4rv:<\/strong><br \/>\nAlus: roheline, helehall-tumehall.<br \/>\nTaim: tumeroheline<\/p>\n<p><strong>Sisu:<\/strong> 1 tk.<\/p>\n<p><strong>Kirjeldus:<\/strong> V\u00e4ike liblikapuu on valmistatud vastupidavast plastist ja sellel on kivikujundusega kunstvaigust alus. See muudab selle \u00e4\u00e4rmiselt vastupidavaks ja seda ei saa sipelgad kahjustada. Sellegipoolest n\u00e4eb see v\u00e4ga loomulik ja atraktiivne v\u00e4lja ning seda saab h\u00f5lpsasti formikaariumisse integreerida.<\/p>\n<p><strong>M\u00e4rkus:<\/strong> Enne kasutamist puhastage jooksva vee all!<\/p>","protected":false},"excerpt":{"rendered":"<p>M\u00f5\u00f5tmed: umbes 7 x 4 x 10 cm<\/p>","protected":false},"featured_media":9360,"comment_status":"open","ping_status":"closed","template":"","meta":{"_acf_changed":false,"content-type":"","_monsterinsights_skip_tracking":false,"_monsterinsights_sitenote_active":false,"_monsterinsights_sitenote_note":"","_monsterinsights_sitenote_category":0},"product_brand":[],"product_cat":[98,102,100],"product_tag":[],"class_list":{"0":"post-9208","1":"product","2":"type-product","3":"status-publish","4":"has-post-thumbnail","6":"product_cat-decoration","7":"product_cat-meadow","8":"product_cat-rainforest","10":"first","11":"outofstock","12":"taxable","13":"shipping-taxable","14":"purchasable","15":"product-type-simple"},"acf":[],"aioseo_notices":[],"jetpack_sharing_enabled":true,"_links":{"self":[{"href":"https:\/\/antcube.shop\/et\/wp-json\/wp\/v2\/product\/9208","targetHints":{"allow":["GET"]}}],"collection":[{"href":"https:\/\/antcube.shop\/et\/wp-json\/wp\/v2\/product"}],"about":[{"href":"https:\/\/antcube.shop\/et\/wp-json\/wp\/v2\/types\/product"}],"replies":[{"embeddable":true,"href":"https:\/\/antcube.shop\/et\/wp-json\/wp\/v2\/comments?post=9208"}],"wp:featuredmedia":[{"embeddable":true,"href":"https:\/\/antcube.shop\/et\/wp-json\/wp\/v2\/media\/9360"}],"wp:attachment":[{"href":"https:\/\/antcube.shop\/et\/wp-json\/wp\/v2\/media?parent=9208"}],"wp:term":[{"taxonomy":"product_brand","embeddable":true,"href":"https:\/\/antcube.shop\/et\/wp-json\/wp\/v2\/product_brand?post=9208"},{"taxonomy":"product_cat","embeddable":true,"href":"https:\/\/antcube.shop\/et\/wp-json\/wp\/v2\/product_cat?post=9208"},{"taxonomy":"product_tag","embeddable":true,"href":"https:\/\/antcube.shop\/et\/wp-json\/wp\/v2\/product_tag?post=9208"}],"curies":[{"name":"wp","href":"https:\/\/api.w.org\/{rel}","templated":true}]}}