{"id":9207,"date":"2024-09-17T14:19:09","date_gmt":"2024-09-17T12:19:09","guid":{"rendered":"https:\/\/antcube.shop\/en\/product\/grasstein-3cm\/"},"modified":"2026-04-13T09:31:48","modified_gmt":"2026-04-13T07:31:48","slug":"grasstein-3cm","status":"publish","type":"product","link":"https:\/\/antcube.shop\/et\/toode\/grasstein-3cm\/","title":{"rendered":"Rohukivi - 3cm"},"content":{"rendered":"<p><strong>M\u00f5\u00f5tmed:<\/strong> umbes 86 x 29 x 30 mm<\/p>\n<p><strong>Materjal:<\/strong> pol\u00fcmeerbetoon, savi, plastik<\/p>\n<p><strong>V\u00e4rv:<\/strong><br \/>\nAlus: roheline, tumehall<br \/>\nTaim: heleroheline-tumeroheline<\/p>\n<p><strong>Sisu:<\/strong> 1 tk.<\/p>\n<p><strong>Kirjeldus:<\/strong> Need taimed on valmistatud tugevast plastist ja neil on kivin\u00e4olise v\u00e4limusega s\u00fcnteetiline vaigup\u00f5hi. See muudab need \u00e4\u00e4rmiselt vastupidavaks ja sipelgad ei saa neid kahjustada. Sellegipoolest n\u00e4evad need v\u00e4ga loomulikud ja atraktiivsed v\u00e4lja ning neid saab h\u00f5lpsasti formikaariumisse integreerida.<\/p>\n<p><strong>M\u00e4rkus:<\/strong> Enne kasutamist puhastage jooksva vee all!<\/p>\n<p>&nbsp;<\/p>","protected":false},"excerpt":{"rendered":"<p>M\u00f5\u00f5tmed: u. 86 x 29 x 30 mm Materjal: pol\u00fcmeerbetoon, savi, plastik V\u00e4rv: p\u00f5hi: roheline, tumehall Taim: heleroheline-tumaroheline Sisu: 1 tk. Kirjeldus: Need taimed on valmistatud vastupidavast plastist ja neil on kivin\u00e4olise v\u00e4limusega kunstvaigust alus. See muudab need \u00e4\u00e4rmiselt vastupidavaks ja neid ei saa kahjustada sipelgad.","protected":false},"featured_media":9356,"comment_status":"open","ping_status":"closed","template":"","meta":{"_acf_changed":false,"content-type":"","_monsterinsights_skip_tracking":false,"_monsterinsights_sitenote_active":false,"_monsterinsights_sitenote_note":"","_monsterinsights_sitenote_category":0},"product_brand":[],"product_cat":[98,102],"product_tag":[],"class_list":{"0":"post-9207","1":"product","2":"type-product","3":"status-publish","4":"has-post-thumbnail","6":"product_cat-decoration","7":"product_cat-meadow","9":"first","10":"instock","11":"taxable","12":"shipping-taxable","13":"purchasable","14":"product-type-simple"},"acf":[],"aioseo_notices":[],"jetpack_sharing_enabled":true,"_links":{"self":[{"href":"https:\/\/antcube.shop\/et\/wp-json\/wp\/v2\/product\/9207","targetHints":{"allow":["GET"]}}],"collection":[{"href":"https:\/\/antcube.shop\/et\/wp-json\/wp\/v2\/product"}],"about":[{"href":"https:\/\/antcube.shop\/et\/wp-json\/wp\/v2\/types\/product"}],"replies":[{"embeddable":true,"href":"https:\/\/antcube.shop\/et\/wp-json\/wp\/v2\/comments?post=9207"}],"wp:featuredmedia":[{"embeddable":true,"href":"https:\/\/antcube.shop\/et\/wp-json\/wp\/v2\/media\/9356"}],"wp:attachment":[{"href":"https:\/\/antcube.shop\/et\/wp-json\/wp\/v2\/media?parent=9207"}],"wp:term":[{"taxonomy":"product_brand","embeddable":true,"href":"https:\/\/antcube.shop\/et\/wp-json\/wp\/v2\/product_brand?post=9207"},{"taxonomy":"product_cat","embeddable":true,"href":"https:\/\/antcube.shop\/et\/wp-json\/wp\/v2\/product_cat?post=9207"},{"taxonomy":"product_tag","embeddable":true,"href":"https:\/\/antcube.shop\/et\/wp-json\/wp\/v2\/product_tag?post=9207"}],"curies":[{"name":"wp","href":"https:\/\/api.w.org\/{rel}","templated":true}]}}