{"id":9030,"date":"2024-08-27T16:21:31","date_gmt":"2024-08-27T14:21:31","guid":{"rendered":"https:\/\/antcube.shop\/product\/antcube-digfix-terra-nidum-platte-40x20-l-beige\/"},"modified":"2026-03-05T09:26:15","modified_gmt":"2026-03-05T08:26:15","slug":"antcube-digfix-terra-nidum-plaat-40x20-l-beez","status":"publish","type":"product","link":"https:\/\/antcube.shop\/et\/toode\/antcube-digfix-terra-nidum-plaat-40x20-l-beez\/","title":{"rendered":"ANTCUBE - Digfix Terra nidum plaat 40\u00d720 - L - bee\u017e"},"content":{"rendered":"<p><strong>M\u00f5\u00f5tmed:<\/strong> 383x160x19 mm<\/p>\n<p><strong>Materjal:<\/strong> Kaevatav vaigup\u00f5hine materjal<\/p>\n<p><strong>Kirjeldus:<\/strong> Kaevatavast materjalist valmistatud Terra nidum (ladina keeles mullapesa) plaat sobib ideaalselt meie ANTCUBE sipelgafarmidele. Seda saab kasutada nii kuivalt kui ka m\u00e4rjalt. Samuti sobib see paljudele sipelgaliikidele, eriti liiva ja (surnud) puidus pesitsevatele liikidele. Seda v\u00f5ib kasutada liiva\/savi segude v\u00f5i korgist pesakinnituste asemel. Selle pesa eeliseks on see, et plaadi niisutamist on lihtsam kontrollida selgelt n\u00e4htava v\u00e4rvuse t\u00f5ttu ja plaadi v\u00e4rvus pakub super kontrasti tavaliselt tumedamatele sipelgaliikidele. Lisaks ei saa sipelgapesa siseklaasid m\u00e4\u00e4rduda substraadiga, nagu n\u00e4iteks liiva\/savi segude puhul, mis v\u00f5imaldab pesa suurep\u00e4raselt n\u00e4ha. Meie pesamaterjal on ka palju tugevama struktuuriga, nii et sipelgate kaevatud tunnelid ja kambreid ei varise kokku.<\/p>\n<p><strong>M\u00e4rkus:<\/strong> Looduslik v\u00e4rvus v\u00f5ib varieeruda bee\u017ei\/liiva ja helepruuni vahel. V\u00e4rvitoon ei m\u00f5juta kvaliteeti.<br \/>\nM\u00f5\u00f5tmed v\u00f5ivad tootmisprotsessi t\u00f5ttu erineda +\/- 1 mm.<\/p>","protected":false},"excerpt":{"rendered":"<p>Suurus: <strong>L<\/strong><\/p>","protected":false},"featured_media":9039,"comment_status":"open","ping_status":"closed","template":"","meta":{"_acf_changed":false,"content-type":"","_monsterinsights_skip_tracking":false,"_monsterinsights_sitenote_active":false,"_monsterinsights_sitenote_note":"","_monsterinsights_sitenote_category":0},"product_brand":[],"product_cat":[257,87,88],"product_tag":[],"class_list":{"0":"post-9030","1":"product","2":"type-product","3":"status-publish","4":"has-post-thumbnail","6":"product_cat-new-innovatve-products","7":"product_cat-nest-insets","8":"product_cat-digfix","10":"first","11":"instock","12":"taxable","13":"shipping-taxable","14":"purchasable","15":"product-type-simple"},"acf":[],"aioseo_notices":[],"jetpack_sharing_enabled":true,"_links":{"self":[{"href":"https:\/\/antcube.shop\/et\/wp-json\/wp\/v2\/product\/9030","targetHints":{"allow":["GET"]}}],"collection":[{"href":"https:\/\/antcube.shop\/et\/wp-json\/wp\/v2\/product"}],"about":[{"href":"https:\/\/antcube.shop\/et\/wp-json\/wp\/v2\/types\/product"}],"replies":[{"embeddable":true,"href":"https:\/\/antcube.shop\/et\/wp-json\/wp\/v2\/comments?post=9030"}],"wp:featuredmedia":[{"embeddable":true,"href":"https:\/\/antcube.shop\/et\/wp-json\/wp\/v2\/media\/9039"}],"wp:attachment":[{"href":"https:\/\/antcube.shop\/et\/wp-json\/wp\/v2\/media?parent=9030"}],"wp:term":[{"taxonomy":"product_brand","embeddable":true,"href":"https:\/\/antcube.shop\/et\/wp-json\/wp\/v2\/product_brand?post=9030"},{"taxonomy":"product_cat","embeddable":true,"href":"https:\/\/antcube.shop\/et\/wp-json\/wp\/v2\/product_cat?post=9030"},{"taxonomy":"product_tag","embeddable":true,"href":"https:\/\/antcube.shop\/et\/wp-json\/wp\/v2\/product_tag?post=9030"}],"curies":[{"name":"wp","href":"https:\/\/api.w.org\/{rel}","templated":true}]}}