{"id":8974,"date":"2024-08-19T20:51:45","date_gmt":"2024-08-19T18:51:45","guid":{"rendered":"https:\/\/antcube.shop\/product\/abstandshalter-fur-32mm-rohr\/"},"modified":"2026-01-12T12:38:28","modified_gmt":"2026-01-12T11:38:28","slug":"32mm-toru-jaoks-moeldud-vahekaugus","status":"publish","type":"product","link":"https:\/\/antcube.shop\/et\/toode\/32mm-toru-jaoks-moeldud-vahekaugus\/","title":{"rendered":"Vahekoht 32mm toru jaoks"},"content":{"rendered":"<p><strong>Toote m\u00f5\u00f5tmed:<\/strong> 49x14x8mm (vahekaugus)<\/p>\n<p><strong>Materjal:<\/strong> akr\u00fc\u00fclklaas, vedrusteras<\/p>\n<p><strong>V\u00e4rv:<\/strong> valge, terashall<\/p>\n<p><strong>Sisu:<\/strong><br \/>\n1x distantskate<br \/>\n1x klambrikinnitus - vedrusteras 32mm jaoks<br \/>\n2x kruvi ja t\u00fc\u00fcbel seinakinnituseks<br \/>\n1x v\u00e4ike kruvi klamberhoidiku kinnitamiseks vahekaitsele<\/p>\n<p><strong>Kirjeldus:<\/strong><br \/>\nVahekaitsmed akr\u00fc\u00fcltorude kinnitamiseks seinale. Need on v\u00e4lja t\u00f6\u00f6tatud selleks, et \u00fchendada meie seinaareenid ja seinafarmid \u00fcksteisega v\u00f5i teiste elementidega akr\u00fc\u00fcltorude abil. See t\u00e4idab seina ja akr\u00fc\u00fcltorude vahelise l\u00f5he ning v\u00f5imaldab akr\u00fc\u00fcltorusid klambrikinnitajatega kindlalt, kindlalt ja visuaalselt atraktiivselt kinnitada.<\/p>\n<p><strong>M\u00e4rkus:<\/strong><br \/>\nTarnitakse \u00fcksikutes osades ja tuleb kinnitada ristkruvikeeraja abil.<br \/>\nM\u00f5lemal pool vahekihti on \u00f5hukesed kaitsekiled. Koorige need lihtsalt maha.<\/p>\n<p><strong>Kinnitus:<\/strong><br \/>\n2 \"S6\" seinapistiku kinnitamiseks seinale on vaja 6 mm puurpuuri (s\u00f5ltuvalt materjalist puit, kivi v\u00f5i metall).<br \/>\nSeina tuleb puurida 40 mm s\u00fcgavused augud, et s\u00fcvistada 6x30 mm t\u00fc\u00fcblid 4,5x40 mm kruvidega.<br \/>\n<strong>Kokkupanekuks vajalik:<\/strong><br \/>\n- Vaakn\u00f5el<br \/>\n- Kleeplint, et te ei peaks seina alla m\u00e4rgistama.<br \/>\n- Phillips kruvikeeraja<br \/>\n- Puur\/puurimasin s\u00f5ltuvalt seinast<br \/>\n- 6mm puurpuur (puit, kivi v\u00f5i metall, s\u00f5ltuvalt pinnast)<\/p>","protected":false},"excerpt":{"rendered":"<p>Toote m\u00f5\u00f5tmed: Materjal: akr\u00fc\u00fclklaas, vedrusteras V\u00e4rv: valge, terashall Sisu: valge, terashall: 1x distantsklamber 1x klamberhoidja - vedrusteras 50mm jaoks 2x kruvi ja t\u00fc\u00fcbel seinakinnituseks 2x v\u00e4ike kruvi klamberhoidja kinnitamiseks distantsklambrile Kirjeldus: Vahekaitsmed akr\u00fc\u00fcltorude kinnitamiseks seinale. Need on v\u00e4lja t\u00f6\u00f6tatud selleks, et","protected":false},"featured_media":8991,"comment_status":"open","ping_status":"closed","template":"","meta":{"_acf_changed":false,"content-type":"","_monsterinsights_skip_tracking":false,"_monsterinsights_sitenote_active":false,"_monsterinsights_sitenote_note":"","_monsterinsights_sitenote_category":0},"product_brand":[],"product_cat":[345,119,120],"product_tag":[],"class_list":{"0":"post-8974","1":"product","2":"type-product","3":"status-publish","4":"has-post-thumbnail","6":"product_cat-pipe-connectors","7":"product_cat-formicarium-components","8":"product_cat-hoses","10":"first","11":"instock","12":"taxable","13":"shipping-taxable","14":"purchasable","15":"product-type-simple"},"acf":[],"aioseo_notices":[],"jetpack_sharing_enabled":true,"_links":{"self":[{"href":"https:\/\/antcube.shop\/et\/wp-json\/wp\/v2\/product\/8974","targetHints":{"allow":["GET"]}}],"collection":[{"href":"https:\/\/antcube.shop\/et\/wp-json\/wp\/v2\/product"}],"about":[{"href":"https:\/\/antcube.shop\/et\/wp-json\/wp\/v2\/types\/product"}],"replies":[{"embeddable":true,"href":"https:\/\/antcube.shop\/et\/wp-json\/wp\/v2\/comments?post=8974"}],"wp:featuredmedia":[{"embeddable":true,"href":"https:\/\/antcube.shop\/et\/wp-json\/wp\/v2\/media\/8991"}],"wp:attachment":[{"href":"https:\/\/antcube.shop\/et\/wp-json\/wp\/v2\/media?parent=8974"}],"wp:term":[{"taxonomy":"product_brand","embeddable":true,"href":"https:\/\/antcube.shop\/et\/wp-json\/wp\/v2\/product_brand?post=8974"},{"taxonomy":"product_cat","embeddable":true,"href":"https:\/\/antcube.shop\/et\/wp-json\/wp\/v2\/product_cat?post=8974"},{"taxonomy":"product_tag","embeddable":true,"href":"https:\/\/antcube.shop\/et\/wp-json\/wp\/v2\/product_tag?post=8974"}],"curies":[{"name":"wp","href":"https:\/\/api.w.org\/{rel}","templated":true}]}}