{"id":8970,"date":"2024-08-19T20:48:32","date_gmt":"2024-08-19T18:48:32","guid":{"rendered":"https:\/\/antcube.shop\/product\/wand-formicarien-set\/"},"modified":"2026-03-04T17:24:31","modified_gmt":"2026-03-04T16:24:31","slug":"seinale-paigaldatav-formikaariumi-komplekt","status":"publish","type":"product","link":"https:\/\/antcube.shop\/et\/toode\/seinale-paigaldatav-formikaariumi-komplekt\/","title":{"rendered":"Seinale paigaldatav formikaariumi komplekt"},"content":{"rendered":"<p><strong>Sisaldab:<\/strong><br \/>\n1x seinale paigaldatud sipelgate areen - 30x15x15<br \/>\n1x seinale paigaldatav sipelgapesa - L - 30\u00d730 - klaasist<br \/>\n1x sipelgate areeni raam 30\u00d715<br \/>\n1x sipelgaplatsi kate 30\u00d715<\/p>\n<p>3x toruliitmik kristallselge 20mm jaoks - L<br \/>\n1x toruliitmik kristallselge 20mm jaoks - I<br \/>\n1x valamu \u00fchendus 3\/4\" kuni 20mm - kristallselge<br \/>\n1x sipelgate toru - kristallselge 20mm (3x3cm ja 1x30cm)<br \/>\n1x distantsklamber koos 20 mm klambrikinnitusega<br \/>\n1x v\u00f5rega kaetud kork - 16mm - roostevaba teras<br \/>\n2x Grid insert acrylic &#8211; 50 mm with sealing ring<br \/>\n1x Grid insert acrylic &#8211; 27 mm with sealing ring<br \/>\n1x formikaariumi mutter 3\/4 tolli - kristallselge<br \/>\n8x kummi sisestus puuraukude kaitseks<br \/>\n8x seibid<br \/>\nsh 8x kruvid ja t\u00fc\u00fcblid<\/p>\n<p><strong>Kirjeldus:<\/strong><br \/>\nSee seinale paigaldatav formikaariumikomplekt on v\u00e4lja t\u00f6\u00f6tatud seinale paigaldamiseks ja seda on lihtne paigaldada puu- ja kiviseintele. Nii areen kui ka sipelgapesa on t\u00e4ielikult l\u00e4bipaistvad, v\u00f5imaldades head vaadet pesale. Sipelgate pesamaterjaliks v\u00f5ib kasutada kas liiva ja savi v\u00f5i \u00fchte meie sobivatest korgist v\u00f5i Digfixi pesakastidest. Sipelgapesa ja areeni \u00fchendamiseks on komplekti lisatud m\u00f5\u00f5tu l\u00f5igatud akr\u00fc\u00fcltorud. Komplekti kuuluvad ka kruvid ja pistikud seinale kinnitamiseks.<\/p>\n<p><strong>Paigaldusjuhised:<\/strong><\/p>\n<p><strong>Kuna klaaspaneel on tagasein, peaks all olev sein olema t\u00e4iesti sirge.<\/strong><br \/>\n8 \"S6\" t\u00fc\u00fcblite kinnitamiseks seinale on vaja 6 mm puurpuuri (s\u00f5ltuvalt materjalist puit, kivi v\u00f5i metall). Seina tuleb puurida 45 mm s\u00fcgavused augud, et s\u00fcvistada 6x30 mm t\u00fc\u00fcblid 4,5x40 mm kruvidega.<br \/>\n<strong>Kokkupanekuks vajalik:<\/strong><br \/>\n- vesiloodia<br \/>\n- Kleeplint, et v\u00e4ltida m\u00e4rgistamist seinal allpool.<br \/>\n- Phillips kruvikeeraja<br \/>\n- Puur\/puurimasin s\u00f5ltuvalt seinast<br \/>\n- 6mm puurpuur (puit, kivi v\u00f5i metall, s\u00f5ltuvalt pinnast)<br \/>\n- Samuti on kasulik teha paberilehelt puuraukude jaoks \u0161abloon. Asetage see lihtsalt tagaseina alla ja m\u00e4rgistage augud.<\/p>\n<p><strong>Sipelgafarmi \u00fcksikasjad:<\/strong><br \/>\nM\u00f5\u00f5tmed (LxH):<br \/>\nTagasein (6 mm paksune): 400x293mm<\/p>\n<p>V\u00e4ljaspool (ilma tagapaneelita)<br \/>\n334x28x296mm<\/p>\n<p>Sisemine<br \/>\n284x20x290 mm<\/p>\n<p><strong>Materjal:<\/strong><br \/>\nFloat-klaas<\/p>\n<p><strong>v\u00e4rv:<\/strong><br \/>\nkristallselge<\/p>\n<p><strong>\u00dcksikasjad sipelgate areenil:<\/strong><br \/>\nM\u00f5\u00f5tmed (LxSxK):<br \/>\nTagasein (6 mm): 400x150mm<\/p>\n<p>Areen (ilma tagaseinata): 300x146x150mm<\/p>\n<p><strong>materjal:<\/strong><br \/>\nFloat-klaas<\/p>\n<p><strong>V\u00e4rv:<\/strong><br \/>\nkristallselge<\/p>\n<p><strong>M\u00f5\u00f5tmed (LxSxK):<\/strong><br \/>\nTagasein (6 mm): 400x150mm<\/p>\n<p>Arena (ilma tagapaneelita): 300x146x150mm<\/p>\n<p><strong>materjal:<\/strong><br \/>\nFloat-klaas<\/p>\n<p><strong>V\u00e4rv:<\/strong><br \/>\nkristallselge<\/p>\n<p><strong>M\u00e4rkused tootmise kohta<\/strong><br \/>\nKlaas l\u00f5igatakse m\u00f5\u00f5tu vastavalt standardile DIN 1249, lubatud h\u00e4lve on +\/- 1 mm. V\u00e4ga v\u00e4ikeste sipelgaliikide puhul on oluline t\u00e4iendav v\u00e4lja murdumiskaitse.<br \/>\nKuna meie tooted valmistatakse k\u00e4sitsi, v\u00f5ivad vaatamata suurimale hoolikusele esineda minimaalsed k\u00f5rvalekalded.<\/p>\n<p><strong>M\u00e4rkus talu kohta<\/strong><br \/>\n<strong>Voolikute kinnitamisel v\u00f5i eemaldamisel v\u00f5tke arvesse j\u00e4rgmist:<\/strong><br \/>\nKui toru on v\u00e4ga raske \u00fchendusmuhvile sobitada, tuleb muhvi kergelt h\u00f5\u00f5ruda tilga meie l\u00f5hkumisvastase \u00f5li v\u00f5i pulbriga. Seej\u00e4rel tuleks voolik l\u00fckata muhvile keerates v\u00f5i kruvides, ilma muhvi \u00fcles- ja allapoole liigutustega pinguldamata. Sama kehtib ka voolikute eemaldamisel p\u00f5llumajandusettev\u00f5tte \u00fchendusmuhvist. \u00c4rge t\u00f5mmake seda lihtsalt maha!<\/p>","protected":false},"excerpt":{"rendered":"<p>See komplekt koosneb 21 osast<\/p>\n<p>Suurus: <span style=\"color: #0000ff;\"><strong>L<\/strong> <\/span><\/p>","protected":false},"featured_media":8995,"comment_status":"open","ping_status":"closed","template":"","meta":{"_acf_changed":false,"content-type":"","_monsterinsights_skip_tracking":false,"_monsterinsights_sitenote_active":false,"_monsterinsights_sitenote_note":"","_monsterinsights_sitenote_category":0},"product_brand":[],"product_cat":[257,73,86],"product_tag":[],"class_list":{"0":"post-8970","1":"product","2":"type-product","3":"status-publish","4":"has-post-thumbnail","6":"product_cat-new-innovatve-products","7":"product_cat-starter-sets","8":"product_cat-formicariums","10":"first","11":"instock","12":"taxable","13":"shipping-taxable","14":"purchasable","15":"product-type-simple"},"acf":[],"aioseo_notices":[],"jetpack_sharing_enabled":true,"_links":{"self":[{"href":"https:\/\/antcube.shop\/et\/wp-json\/wp\/v2\/product\/8970","targetHints":{"allow":["GET"]}}],"collection":[{"href":"https:\/\/antcube.shop\/et\/wp-json\/wp\/v2\/product"}],"about":[{"href":"https:\/\/antcube.shop\/et\/wp-json\/wp\/v2\/types\/product"}],"replies":[{"embeddable":true,"href":"https:\/\/antcube.shop\/et\/wp-json\/wp\/v2\/comments?post=8970"}],"wp:featuredmedia":[{"embeddable":true,"href":"https:\/\/antcube.shop\/et\/wp-json\/wp\/v2\/media\/8995"}],"wp:attachment":[{"href":"https:\/\/antcube.shop\/et\/wp-json\/wp\/v2\/media?parent=8970"}],"wp:term":[{"taxonomy":"product_brand","embeddable":true,"href":"https:\/\/antcube.shop\/et\/wp-json\/wp\/v2\/product_brand?post=8970"},{"taxonomy":"product_cat","embeddable":true,"href":"https:\/\/antcube.shop\/et\/wp-json\/wp\/v2\/product_cat?post=8970"},{"taxonomy":"product_tag","embeddable":true,"href":"https:\/\/antcube.shop\/et\/wp-json\/wp\/v2\/product_tag?post=8970"}],"curies":[{"name":"wp","href":"https:\/\/api.w.org\/{rel}","templated":true}]}}