{"id":8969,"date":"2024-08-19T20:48:04","date_gmt":"2024-08-19T18:48:04","guid":{"rendered":"https:\/\/antcube.shop\/product\/wand-ameisenarena-30x15x30\/"},"modified":"2026-04-09T14:37:42","modified_gmt":"2026-04-09T12:37:42","slug":"seina-sipelgate-areen-30x15x30","status":"publish","type":"product","link":"https:\/\/antcube.shop\/et\/toode\/seina-sipelgate-areen-30x15x30\/","title":{"rendered":"Sipelgate areen - 30x15x30"},"content":{"rendered":"<p><strong>M\u00f5\u00f5tmed (LxH):<\/strong><br \/>\nTagasein (6 mm): 400x300mm<\/p>\n<p><strong>Arena ( ilma tagapaneelita):<\/strong> 300x146x300mm<\/p>\n<p><strong>Materjal:<\/strong><br \/>\nFloat-klaas<\/p>\n<p><strong>V\u00e4rv:<\/strong><br \/>\nkristallselge<\/p>\n<p><strong>Sisu:<\/strong><br \/>\n1x seina sipelgate areen - 30x15x30<br \/>\n4x kummi sissekanne puuraukude kaitseks<br \/>\n4x alusplaat puuraukude jaoks<br \/>\n4x pistikud ja kruvid<\/p>\n<p><strong>\u00dchendus:<\/strong><br \/>\n<strong>T\u00c4HELEPANU 2x torgid\/v\u00f5re sisestused\/liitmikud (vastavalt vajadusele) k\u00fclgmiste 27mm aukude jaoks ei kuulu tarnekomplekti.<\/strong><br \/>\n2x 50 mm auk p\u00f5hjas (augu keskkoht 4 cm alumisest servast)<br \/>\n2x 50 mm auk \u00fcleval (augu keskkoht 4 cm kaugusel \u00fclemisest servast).<\/p>\n<p><strong>Kirjeldus:<\/strong><br \/>\nSee sipelgate areen on v\u00e4lja t\u00f6\u00f6tatud seinale paigaldamiseks ja seda on lihtne paigaldada puu- ja kiviseintele. K\u00fcljel olevate 27 mm aukude kaudu saab \u00fchendada t\u00e4iendavaid sipelgaparke ja areenasid. \u00dchendusena saab kasutada kas voolikut, l\u00e4bipaistvat akr\u00fc\u00fcltoru v\u00f5i \"sipelgatreppi\". Pakume ka seinam\u00fcrkide farmi, mis sobib kokku seinam\u00fcrkide areenaga.<br \/>\nSobivad artiklid Ant arena kate 30\u00d715 ja Ant arena raam 30\u00d715 tuleb tellida eraldi.<\/p>\n<p><strong>Paigaldusjuhised:<\/strong><br \/>\n<strong>Kuna klaaspaneel on tagasein, peaks all olev sein olema t\u00e4iesti sirge.<\/strong><br \/>\n4 \"S6\" t\u00fc\u00fcblite kinnitamiseks seina sisse on vaja 6 mm puurpuuri (s\u00f5ltuvalt materjalist puit, kivi v\u00f5i metall).<br \/>\nSeina tuleb puurida 45 mm s\u00fcgavad augud, et s\u00fcvistada 6x30 mm t\u00fc\u00fcblid 4,5x40 mm kruvidega.<br \/>\n<strong>Kokkupanekuks vajalik:<\/strong><br \/>\n- vesiloodia<br \/>\n- Kleeplint, et v\u00e4ltida m\u00e4rgistamist seinal allpool.<br \/>\n- Phillips kruvikeeraja<br \/>\n- Puur\/puurimasin s\u00f5ltuvalt seinast<br \/>\n- 6mm puurpuur (puit, kivi v\u00f5i metall, s\u00f5ltuvalt pinnast)<br \/>\n- Samuti on kasulik teha paberilehelt puuraukude jaoks \u0161abloon. Asetage see lihtsalt tagaseina alla ja m\u00e4rgistage augud.<\/p>\n<p><strong>M\u00e4rkused tootmise kohta<\/strong><br \/>\nKlaas on l\u00f5igatud vastavalt DIN 1249 standardile, tolerantsiga +\/- 1 mm. \u00c4\u00e4rmiselt v\u00e4ikeste sipelgaliikide puhul on t\u00e4iendav p\u00f5genemiskaitse h\u00e4davajalik.<br \/>\nKuna meie tooted valmistatakse k\u00e4sitsi, v\u00f5ivad hoolimata suurimast hoolikusest esineda minimaalsed k\u00f5rvalekalded.<\/p>\n<p><strong>M\u00e4rkus talu kohta<\/strong><br \/>\nVoolikute kinnitamisel v\u00f5i eemaldamisel v\u00f5tke arvesse j\u00e4rgmist:<br \/>\nKui toru on v\u00e4ga raske \u00fchendusmuhvile sobitada, tuleb muhvi kergelt h\u00f5\u00f5ruda tilga meie l\u00f5hkumisvastase \u00f5li v\u00f5i pulbriga. Seej\u00e4rel tuleks voolik l\u00fckata muhvile keerates v\u00f5i kruvides, ilma muhvi \u00fcles- ja allapoole liigutustega pinguldamata. Sama kehtib ka voolikute eemaldamisel p\u00f5llumajandusettev\u00f5tte \u00fchendusmuhvist. \u00c4rge t\u00f5mmake seda lihtsalt maha!<\/p>","protected":false},"excerpt":{"rendered":"<p>\u00dchendus: 50 mm<\/p>","protected":false},"featured_media":9001,"comment_status":"open","ping_status":"closed","template":"","meta":{"_acf_changed":false,"content-type":"","_monsterinsights_skip_tracking":false,"_monsterinsights_sitenote_active":false,"_monsterinsights_sitenote_note":"","_monsterinsights_sitenote_category":0},"product_brand":[],"product_cat":[257,85,86],"product_tag":[],"class_list":{"0":"post-8969","1":"product","2":"type-product","3":"status-publish","4":"has-post-thumbnail","6":"product_cat-new-innovatve-products","7":"product_cat-ant-arenas","8":"product_cat-formicariums","10":"first","11":"instock","12":"taxable","13":"shipping-taxable","14":"purchasable","15":"product-type-simple"},"acf":[],"aioseo_notices":[],"jetpack_sharing_enabled":true,"_links":{"self":[{"href":"https:\/\/antcube.shop\/et\/wp-json\/wp\/v2\/product\/8969","targetHints":{"allow":["GET"]}}],"collection":[{"href":"https:\/\/antcube.shop\/et\/wp-json\/wp\/v2\/product"}],"about":[{"href":"https:\/\/antcube.shop\/et\/wp-json\/wp\/v2\/types\/product"}],"replies":[{"embeddable":true,"href":"https:\/\/antcube.shop\/et\/wp-json\/wp\/v2\/comments?post=8969"}],"wp:featuredmedia":[{"embeddable":true,"href":"https:\/\/antcube.shop\/et\/wp-json\/wp\/v2\/media\/9001"}],"wp:attachment":[{"href":"https:\/\/antcube.shop\/et\/wp-json\/wp\/v2\/media?parent=8969"}],"wp:term":[{"taxonomy":"product_brand","embeddable":true,"href":"https:\/\/antcube.shop\/et\/wp-json\/wp\/v2\/product_brand?post=8969"},{"taxonomy":"product_cat","embeddable":true,"href":"https:\/\/antcube.shop\/et\/wp-json\/wp\/v2\/product_cat?post=8969"},{"taxonomy":"product_tag","embeddable":true,"href":"https:\/\/antcube.shop\/et\/wp-json\/wp\/v2\/product_tag?post=8969"}],"curies":[{"name":"wp","href":"https:\/\/api.w.org\/{rel}","templated":true}]}}