{"id":8968,"date":"2024-08-19T20:47:21","date_gmt":"2024-08-19T18:47:21","guid":{"rendered":"https:\/\/antcube.shop\/product\/wand-ameisenfarm-l-30x30-glas\/"},"modified":"2026-01-12T12:39:31","modified_gmt":"2026-01-12T11:39:31","slug":"seina-ant-farm-l-30x30-klaas","status":"publish","type":"product","link":"https:\/\/antcube.shop\/et\/toode\/seina-ant-farm-l-30x30-klaas\/","title":{"rendered":"Seina sipelgapesa - L - 30\u00d730 - klaasist"},"content":{"rendered":"<p><strong>M\u00f5\u00f5tmed (LxH):<\/strong><br \/>\nTagasein (6 mm paksune) : 400x293mm<\/p>\n<p>V\u00e4ljaspool (ilma tagapaneelita)<br \/>\n334x28x296mm<\/p>\n<p>Sisemine<br \/>\n284x20x290 mm<\/p>\n<p><strong>Materjal:<\/strong><br \/>\nFloat-klaas<\/p>\n<p><strong>V\u00e4rv:<\/strong><br \/>\nkristallselge<\/p>\n<p><strong>Sisu:<\/strong><br \/>\nSeina sipelgapesa - L - 30\u00d730 - klaasist<br \/>\n1x katta sipelgafarmi<br \/>\n4x kummi sissekanne puuraukude kaitseks<br \/>\n4x alusplaat puuraukude jaoks<br \/>\n4x pistikud ja kruvid<\/p>\n<p><strong>\u00dchendus:<\/strong><br \/>\n2x 14\/16\/18\/20 x 20mm muhvid<\/p>\n<p>14\/10 voolik on kindlalt sisestatud 14 mm muhvi sisse.<br \/>\n20\/16 voolik on kindlalt kinnitatud esimese 16mm astme k\u00fclge.<\/p>\n<p><strong>Kirjeldus:<\/strong><br \/>\nSee sipelgafarm on v\u00e4lja t\u00f6\u00f6tatud seinale paigaldamiseks ja seda on lihtne paigaldada puu- ja kiviseintele. See on t\u00e4iesti l\u00e4bipaistev ja v\u00f5imaldab head vaadet pessa. Sipelgate pesamaterjaliks v\u00f5ib kasutada kas liiva ja savi v\u00f5i \u00fchte meie sobivatest korgist v\u00f5i Digfixist valmistatud pesakinnitusest. Lisaks saab k\u00fclgmiste \u00fchenduspesade k\u00fclge \u00fchendada kas vooliku, l\u00e4bipaistva akr\u00fc\u00fcltoru v\u00f5i \"sipelgatrepi\". Pakume ka seina sipelgate areenid m\u00f5\u00f5tmetega 30\u00d715 v\u00f5i 30\u00d730, mis sobivad seina sipelgafarmi jaoks.<\/p>\n<p><strong>Paigaldusjuhised:<\/strong><br \/>\n<strong>Kuna klaaspaneel on tagasein, peaks all olev sein olema t\u00e4iesti sirge.<\/strong><br \/>\n4 \"S6\" t\u00fc\u00fcblite kinnitamiseks seina sisse on vaja 6 mm puurpuuri (s\u00f5ltuvalt materjalist puit, kivi v\u00f5i metall).<br \/>\nSeina tuleb puurida 45 mm s\u00fcgavad augud, et s\u00fcvistada 6x30 mm t\u00fc\u00fcblid 4,5x40 mm kruvidega.<br \/>\n<strong>Kokkupanekuks vajalik:<\/strong><br \/>\n- vesiloodia<br \/>\n- Kleeplint, et v\u00e4ltida m\u00e4rgistamist seinal allpool.<br \/>\n- Phillips kruvikeeraja<br \/>\n- Puur\/puurimasin s\u00f5ltuvalt seinast<br \/>\n- 6mm puurpuur (puit, kivi v\u00f5i metall, s\u00f5ltuvalt pinnast)<br \/>\n- Samuti on kasulik teha paberilehelt puuraukude jaoks \u0161abloon. Asetage see lihtsalt tagaseina alla ja m\u00e4rgistage augud.<\/p>\n<p><strong>M\u00e4rkused tootmise kohta<\/strong><br \/>\nKlaas on l\u00f5igatud vastavalt DIN 1249 standardile, tolerantsiga +\/- 1 mm. \u00c4\u00e4rmiselt v\u00e4ikeste sipelgaliikide puhul on t\u00e4iendav p\u00f5genemiskaitse h\u00e4davajalik.<br \/>\nKuna meie tooted valmistatakse k\u00e4sitsi, v\u00f5ivad vaatamata suurimale hoolikusele esineda minimaalsed k\u00f5rvalekalded.<\/p>\n<p><strong>M\u00e4rkus talu kohta<\/strong><br \/>\nVoolikute kinnitamisel v\u00f5i eemaldamisel v\u00f5tke arvesse j\u00e4rgmist:<br \/>\nKui toru on v\u00e4ga raske \u00fchendusmuhvile sobitada, tuleb muhvi kergelt h\u00f5\u00f5ruda tilga meie l\u00f5hkumisvastase \u00f5li v\u00f5i pulbriga. Seej\u00e4rel tuleks voolik l\u00fckata muhvile keerates v\u00f5i kruvides, ilma muhvi \u00fcles- ja allapoole liigutustega pinguldamata. Sama kehtib ka voolikute eemaldamisel p\u00f5llumajandusettev\u00f5tte \u00fchendusmuhvist. \u00c4rge t\u00f5mmake seda lihtsalt maha!<\/p>","protected":false},"excerpt":{"rendered":"<p>\u00dchendus: 14\/16 x 20mm; plaadi kaugus: 2x 14\/16 x 20mm; plaadi kaugus: 2x 14\/16 x 20mm: Sisemine 20mm<\/p>\n<p>Suurus: <span style=\"color: #0000ff;\"><strong>L<\/strong> <\/span><\/p>","protected":false},"featured_media":8997,"comment_status":"open","ping_status":"closed","template":"","meta":{"_acf_changed":false,"content-type":"","_monsterinsights_skip_tracking":false,"_monsterinsights_sitenote_active":false,"_monsterinsights_sitenote_note":"","_monsterinsights_sitenote_category":0},"product_brand":[],"product_cat":[257,80,83,86],"product_tag":[],"class_list":{"0":"post-8968","1":"product","2":"type-product","3":"status-publish","4":"has-post-thumbnail","6":"product_cat-new-innovatve-products","7":"product_cat-antfarms","8":"product_cat-antfarms-l","9":"product_cat-formicariums","11":"first","12":"instock","13":"taxable","14":"shipping-taxable","15":"purchasable","16":"product-type-simple"},"acf":[],"aioseo_notices":[],"jetpack_sharing_enabled":true,"_links":{"self":[{"href":"https:\/\/antcube.shop\/et\/wp-json\/wp\/v2\/product\/8968","targetHints":{"allow":["GET"]}}],"collection":[{"href":"https:\/\/antcube.shop\/et\/wp-json\/wp\/v2\/product"}],"about":[{"href":"https:\/\/antcube.shop\/et\/wp-json\/wp\/v2\/types\/product"}],"replies":[{"embeddable":true,"href":"https:\/\/antcube.shop\/et\/wp-json\/wp\/v2\/comments?post=8968"}],"wp:featuredmedia":[{"embeddable":true,"href":"https:\/\/antcube.shop\/et\/wp-json\/wp\/v2\/media\/8997"}],"wp:attachment":[{"href":"https:\/\/antcube.shop\/et\/wp-json\/wp\/v2\/media?parent=8968"}],"wp:term":[{"taxonomy":"product_brand","embeddable":true,"href":"https:\/\/antcube.shop\/et\/wp-json\/wp\/v2\/product_brand?post=8968"},{"taxonomy":"product_cat","embeddable":true,"href":"https:\/\/antcube.shop\/et\/wp-json\/wp\/v2\/product_cat?post=8968"},{"taxonomy":"product_tag","embeddable":true,"href":"https:\/\/antcube.shop\/et\/wp-json\/wp\/v2\/product_tag?post=8968"}],"curies":[{"name":"wp","href":"https:\/\/api.w.org\/{rel}","templated":true}]}}