{"id":8854,"date":"2024-08-01T15:37:58","date_gmt":"2024-08-01T13:37:58","guid":{"rendered":"https:\/\/antcube.shop\/product\/bundle-offer-myrmica-rubra\/"},"modified":"2026-03-17T18:05:43","modified_gmt":"2026-03-17T17:05:43","slug":"pakettpakkumine-myrmica-rubra","status":"publish","type":"product","link":"https:\/\/antcube.shop\/et\/toode\/pakettpakkumine-myrmica-rubra\/","title":{"rendered":"Pakettpakkumine - Myrmica rubra"},"content":{"rendered":"<p><span data-text-color=\"secondary\"><strong>Pakettpakkumine, mis sisaldab Myrmica rubra sipelgapesakolooniat (kuninganna koos 11-25 t\u00f6\u00f6listega + haudmik).<\/strong><\/span><\/p>\n<p><span data-text-color=\"alert\"><strong>Ainult niikaua, kuni varusid j\u00e4tkub.<\/strong><\/span><\/p>\n<p><strong>K\u00f5ik, mida vajate Myrmica rubra sipelgapesakonna jaoks:<\/strong><br \/>\nSee komplekt sisaldab k\u00f5ike, mida vajate Myrmica rubra koloonia edukaks kasvatamiseks esimestel kuudel. See on paindlikult laiendatav ja seda on katsetatud mitme aasta jooksul selle sipelgaliigiga.<\/p>\n<p><strong>Myrmica rubra sipelgaliik - Euroopa tulekahju sipelgas:<\/strong><br \/>\nMyrmica rubra on Euroopas v\u00e4ga laialt levinud sipelgaliik. Seda tuntakse ka kui punast aedmesilast v\u00f5i Euroopa tulesipelgaid. Ta armastab niiskeid ja poolvarjulisi kohti, mist\u00f5ttu teda leidub peamiselt aedades, niitudel ja metsades. Seda v\u00f5ib kohata ka Kanada ja USA osades, kuid seal on ta invasiivne, st mitte p\u00e4rismaine. Nagu enamik invasiivseid sipelgaliike, toodi ta sinna koos taimedega sisse umbes 1900. aasta paiku.<\/p>\n<p>Myrmica rubra on pol\u00fcg\u00fc\u00fcnne liik, mis t\u00e4hendab, et tal on looduses tavaliselt mitu kuningannat. On isegi teateid nn superkolooniate kohta, kus on kuni 600 kuningannat ja umbes 20 000 t\u00f6\u00f6list. Myrmica rubra kaitseb oma pesa agressiivselt ja tal on kaitseks pistoda. Tema m\u00fcrk on siiski kahjutu, v\u00e4lja arvatud allergikutele.<\/p>\n<p>Myrmica rubra talvitub looduses oktoobri l\u00f5pust kuni m\u00e4rtsi l\u00f5puni umbes 5-8 \u00b0C juures.<\/p>\n<p><strong>Myrmica rubra pesa:<\/strong><br \/>\nLooduses pesitseb Myrmica rubra samblikupatjade, kivide all p\u00f5ldudel ja niitudel maapinnas, kuhu nad rajavad k\u00fcnkaid v\u00f5i isegi m\u00e4danenud puidus. K\u00f5ige t\u00e4htsam on nende jaoks niiske pesapaik.<\/p>\n<p>Selles stardikomplektis on pesamaterjaliks \u00fcks meie Digfixi plaat. See simuleerib looduslikku mullapesa ja seda saab hoida v\u00e4ga niiskena. Lisaks ei saa loomad kaevamise ajal sipelgapesa aknaid m\u00e4\u00e4rida, mis v\u00f5imaldab pidevalt selget vaadet kambritesse ja k\u00e4ikudesse. Samuti on see materjal sipelgafarmis palju stabiilsem kui tavaline liiva\/savi segu, mis takistab kambrite ja tunnelite kokkuvarisemist.<\/p>\n<p><strong>Myrmica rubra toit:<\/strong><br \/>\nMyrmica rubra on k\u00f5ikjal s\u00f6\u00f6ja ja toitub looduses korjuste, putukate ja nektariga. Nagu n\u00e4iteks Lasius niger, nii hoiab ka Myrmica rubra kahjurikolooniaid ja kaitseb neid.<\/p>\n<p>Selles komplektis on toiduks lisatud terveid pleegitatud s\u00e4rge ja mesirohelisi. Myrmica rubra v\u00f5tab m\u00f5lemad v\u00e4ga h\u00e4sti vastu ning toetavad koloonia loomulikku ja positiivset arengut t\u00e4nu nende sisaldatavatele toitainetele.<\/p>\n<p><strong>Myrmica rubra optimaalsed kliimatingimused on j\u00e4rgmised:<\/strong><br \/>\nNiiskus:<br \/>\nArena: Pesa ala: 50 - 70%<br \/>\nTemperatuur:<br \/>\nAreen: 18 - 28\u00b0C Pesapindala: 21 - 24\u00b0C<\/p>\n<p><strong>Sisu:<\/strong><\/p>\n<p>1x Myrmica rubra kuninganna + 11-25 t\u00f6\u00f6list ja haude<br \/>\n1x kriketimoos 25g<br \/>\n1x mesirohusegu (HT) - j\u00e4relpakend 10ml<br \/>\n1x formikaariumi alus - 20x20cm<br \/>\n1x formikaariumi alus - 20x6cm<\/p>\n<p>1x ANTCUBE - areenil 20x20x10 - lame<br \/>\n1x sipelgate areeni raam 20\u00d720<br \/>\n1x sipelgaplatsi kate 20\u00d720<br \/>\n4x kinnituspunkt areeni katte jaoks<br \/>\n1x ANTCUBE - Sipelgafarm - L - 20\u00d720 - p\u00fcstine<br \/>\n1x ANTCUBE - Digfix plaat 20\u00d720 - M<\/p>\n<p>1x 0,5m toru l\u00e4bipaistev 14\/10 mm<br \/>\n1x ANTCUBE - punane foolium 20\u00d720 - filter<br \/>\n1x liimiklambrid - l\u00e4bipaistvad 2 tk.<br \/>\n1x substraat - liiv-savi bee\u017e - 200g<\/p>\n<p>1x Grid cap &#8211; 10mm &#8211; stainless steel<br \/>\n2x Grid insert acrylic &#8211; 50 mm with sealing ring<br \/>\n1x Grid insert acrylic &#8211; 27 mm with sealing ring<\/p>\n<p>1x mahuti voolikuliitmik 27-14,16,20 mm - l\u00e4bipaistev<br \/>\n1x Foil thermometer &#8211; farm<br \/>\n1x Foil thermometer Display<br \/>\n1x drinking clear 5ml &#8211; sponge<br \/>\n1x Feeding dish white rectangle &#8211; 3 compartments<br \/>\n1x Drinking trough 2ml &#8211; 360 Degrees<br \/>\n1x Sipelgap\u00f5genemise kaitse\u00f5li 10ml<br \/>\n1x Pintsetid vedrusterasest - lai - pehme<br \/>\n1x Pintsetid plastikust l\u00e4bipaistvad<br \/>\n1x plastpipett 3ml<br \/>\n1x k\u00e4sil\u00e4\u00e4tse - 2x - 30mm<br \/>\n1x vahtplasti klaasipuhasti 150x18x2,5mm<br \/>\n1x foto tagasi - niit - 20\u00d710<\/p>\n<p>&nbsp;<\/p>\n<p><strong>Kirjeldus:<\/strong><br \/>\nSee laiendatav stardikomplekt Myrmica rubra jaoks sisaldab lisaks optimaalselt kohandatud formikaariumile ka \u00f5igeid tarvikuid selle sipelgaliigi pidamiseks. \"Joogiklaas selge 20ml - k\u00e4sn\" on m\u00f5eldud vee jaoks, \"joogiklaas 2ml - 360 kraadi\" mesirohusegu jaoks.<\/p>\n<p><span data-text-color=\"alert\"><strong>Oluline:<\/strong><\/span> Palun niisutage substraati enne kasutamist, et segu saaks sipelgap\u00f5llul siduda ja kindlalt kinni pidada. Lisaks v\u00f5ib kuiv ja tolmune substraat p\u00f5hjustada sipelgate hingamisteede ummistumist ja halvimal juhul loomade l\u00e4mbumist.<\/p>\n<p><strong>M\u00e4rkused tootmise kohta<\/strong><br \/>\nKlaas l\u00f5igatakse m\u00f5\u00f5tu vastavalt standardile DIN 1249, lubatud h\u00e4lve on +\/- 1 mm. V\u00e4ga v\u00e4ikeste sipelgaliikide puhul on oluline t\u00e4iendav v\u00e4lja murdumiskaitse.<\/p>\n<p><strong>M\u00e4rkus blan\u0161eeritud s\u00e4rge kohta:<\/strong><br \/>\nMeie blan\u0161eeritud s\u00e4rge on lihtne viis pakkuda sipelgatele v\u00e4rskelt konserveeritud valgurikast toitu, ilma et oleks vaja toita elavaid putukaid. Sisalduvaid s\u00e4rge (Acheta domesticus) on \u00f5rnalt blan\u0161eeritud, et tagada toitev\u00e4\u00e4rtuste, maitse ja aroomi s\u00e4ilimine. Lisaks on putukate kitiinne kest sel viisil pehmendatud, et see oleks kergemini seeditav. Kollageenvalkude sidemed on l\u00f5hutud, et sipelgad saaksid neid paremini kasutada. Konserveeritud Acheta domesticus on sama toitev\u00e4\u00e4rtusega kui elusad sirkad, kuid on kergemini seeditav.<\/p>\n<p>Blan\u0161eeritud sirkad ei sobi elusat toitu n\u00f5udvate sipelgaliikide (nt poneriinid (suured sipelgad) nagu Harpegnathos v\u00f5i Odontomachus) k\u00fcttimiseks.<\/p>\n<p><strong>T\u00e4iendavad eelised:<\/strong><br \/>\nGaranteeritult lestavaba<br \/>\nSaab portsjoniteks jaotada<br \/>\nSteriliseeritud ja tolmuimeeritud<br \/>\nIlma lisaaineteta<br \/>\nPuhtalt mahep\u00f5llumajanduslikust kasvatusest p\u00e4rit ja orgaaniliste j\u00e4\u00e4tmetega toidetud kriketid.<\/p>\n<p><strong>Palun v\u00f5tke arvesse:<\/strong><br \/>\nS\u00e4ilib k\u00fclmikus umbes neli p\u00e4eva p\u00e4rast avamist. K\u00fclmutatuna s\u00e4ilivusaeg on pikem.<\/p>\n<p><strong>M\u00e4rkus mesirohu kohta:<\/strong><br \/>\nSisu: 10 ml<br \/>\nSee on looduslik toode, mida oleme p\u00e4rast p\u00f5hjalikke katseid oma laboris t\u00e4iustanud ja arendanud sipelgate poolt v\u00e4ga h\u00e4sti vastuv\u00f5etavaks toiduks. P\u00f5hjus on selles, et t\u00f6\u00f6tlemata mesimett oma kontsentreeritud algsel kujul ei v\u00f5ta sipelgad ja nende ainevahetus h\u00e4sti vastu.<br \/>\nMeie mesi on kogutud Bulgaaria saastamata metsikutest m\u00e4gimetsadest. Mesimarja toodetakse ainult v\u00e4ga piiratud aja jooksul, umbes kaks kuud suvel. Seet\u00f5ttu on see v\u00e4ga haruldane. Metsade eriliste mullaomaduste ja kliima t\u00f5ttu talletatakse puude lehtedes olulisi toitaineid, mida mesilased imavad endasse. See teebki selle mesimagusegu sipelgate jaoks nii ihaldusv\u00e4\u00e4rseks.<\/p>\n<p><strong>Taotlus:<\/strong><br \/>\nToidukogus tuleks tarbida umbes 3 p\u00e4eva jooksul.<\/p>\n<p><strong>Kirjeldus:<\/strong><br \/>\nMesimett saadakse erinevalt lillemeest taimi imevate putukate, n\u00e4iteks kirvade, eritistest. Mesimesi on populaarne toiduallikas paljudele putukatele, nagu sipelgad, mesilased ja kimalased. Mesilased ja kimalased lakuvad seda erinevate puude lehtedelt v\u00f5i n\u00f5eltelt. Sipelgad, n\u00e4iteks Lasius niger, hoiavad s\u00f5na otseses m\u00f5ttes \u00e4ra mesirohtu. Nad kaitsevad neid isegi r\u00f6\u00f6vloomade eest ja kannavad neid v\u00e4rsketele v\u00f5rsetele.<\/p>\n<p>Mesimagus on sipelgate seas eriti populaarne oma m\u00f5nev\u00f5rra teistsuguste komponentide t\u00f5ttu. Peamised suhkrud mesimagus on sahharoos ja fruktoos, kuid v\u00e4iksemas koguses leidub ka maltoosi, trehaloosi, melesitoosi, rafinoosi ja muid oligosahhariide. Lisaks suhkrule ja veele sisaldab mesimesi ka olulisi aminohappeid, mineraalaineid, mikroelemente, adenosiine, fosfaate ja muid koostisosi, n\u00e4iteks vitamiine.<\/p>\n<p><strong>Kasutage:<\/strong><br \/>\nMees\u00f6\u00f6jate sipelgaliikide (Meliphagidae) puhul.<br \/>\nSee on t\u00e4iendav s\u00f6\u00f6t<br \/>\nSeda v\u00f5ib pakkuda loomadele tarnitud kujul. Kuna niiskuse t\u00f5ttu v\u00e4heneb suhkrusisaldus ja algab k\u00e4\u00e4rimisprotsess, tuleb toit iga 3 p\u00e4eva j\u00e4rel asendada. Enne taaskasutamist puhastage s\u00f6\u00f6dakaussi\/toru p\u00f5hjalikult.<br \/>\nKui pakend on avatud, tuleb seda kuni k\u00f5lblikkusaja l\u00f5puni tihedalt suletud hoida.<\/p>\n<p><strong>Toitumisalane teave 100 g kohta:<\/strong><br \/>\numbes 2,7 % rasvad<br \/>\nmillest k\u00fcllastunud umbes 0,45 %<br \/>\numbes 95 % s\u00fcsivesikuid<br \/>\nmillest suhkur umbes 71<br \/>\numbes 2,85% valku<\/p>\n<p>Mineraalained (kaalium, kaltsium, vask, raud, naatrium, magneesium, fosfor, tsink ja muud mikroelemendid). Aminohapped (proliin, leutsiin, fen\u00fc\u00fclalaniin, alaniin, histidiin, isoleutsiin, glutamiinhape, arginiin, asparagiinhape jne) Orgaanilised happed Ens\u00fc\u00fcmid (fermente)Aroomid Inhibiinid (antibakteriaalsed ained) \u00d5ietolm \u00d5ietolm.<\/p>\n<p><strong>Ladustamine:<\/strong><br \/>\nS\u00f6\u00f6da kvaliteedi tagamiseks tuleb s\u00f6\u00f6ta hoida pimedas ja kuivas kohas.<\/p>\n<p><strong>M\u00e4rkus:<\/strong><br \/>\nT\u00e4iendav s\u00f6\u00f6t mett s\u00f6\u00f6vate sipelgate jaoks.<br \/>\nKoostise, anal\u00fc\u00fctiliste koostisosade, s\u00e4ilimisaja ja partii numbri leiate pakendi infolehelt.<\/p>\n<p>Infotelefon +49 30 439703870<\/p>\n<p><strong>Vastutav veterinaar- ja toiduinspektsioon:<\/strong><br \/>\nSteglitzi veterinaarkabinet<br \/>\nK\u00f6nigin-Luise-Str. 92<br \/>\n14195 Berliin<\/p>","protected":false},"excerpt":{"rendered":"<p>Komplekt koosneb 34 osast<\/p>","protected":false},"featured_media":8856,"comment_status":"open","ping_status":"closed","template":"","meta":{"_acf_changed":false,"content-type":"","_monsterinsights_skip_tracking":false,"_monsterinsights_sitenote_active":false,"_monsterinsights_sitenote_note":"","_monsterinsights_sitenote_category":0},"product_brand":[],"product_cat":[355,73],"product_tag":[],"class_list":{"0":"post-8854","1":"product","2":"type-product","3":"status-publish","4":"has-post-thumbnail","6":"product_cat-bundle-offers","7":"product_cat-starter-sets","9":"first","10":"instock","11":"taxable","12":"shipping-taxable","13":"purchasable","14":"product-type-simple"},"acf":[],"aioseo_notices":[],"jetpack_sharing_enabled":true,"_links":{"self":[{"href":"https:\/\/antcube.shop\/et\/wp-json\/wp\/v2\/product\/8854","targetHints":{"allow":["GET"]}}],"collection":[{"href":"https:\/\/antcube.shop\/et\/wp-json\/wp\/v2\/product"}],"about":[{"href":"https:\/\/antcube.shop\/et\/wp-json\/wp\/v2\/types\/product"}],"replies":[{"embeddable":true,"href":"https:\/\/antcube.shop\/et\/wp-json\/wp\/v2\/comments?post=8854"}],"wp:featuredmedia":[{"embeddable":true,"href":"https:\/\/antcube.shop\/et\/wp-json\/wp\/v2\/media\/8856"}],"wp:attachment":[{"href":"https:\/\/antcube.shop\/et\/wp-json\/wp\/v2\/media?parent=8854"}],"wp:term":[{"taxonomy":"product_brand","embeddable":true,"href":"https:\/\/antcube.shop\/et\/wp-json\/wp\/v2\/product_brand?post=8854"},{"taxonomy":"product_cat","embeddable":true,"href":"https:\/\/antcube.shop\/et\/wp-json\/wp\/v2\/product_cat?post=8854"},{"taxonomy":"product_tag","embeddable":true,"href":"https:\/\/antcube.shop\/et\/wp-json\/wp\/v2\/product_tag?post=8854"}],"curies":[{"name":"wp","href":"https:\/\/api.w.org\/{rel}","templated":true}]}}