{"id":8718,"date":"2024-07-22T15:43:52","date_gmt":"2024-07-22T13:43:52","guid":{"rendered":"https:\/\/antcube.shop\/product\/bonsai-tree-deko\/"},"modified":"2026-01-20T18:00:36","modified_gmt":"2026-01-20T17:00:36","slug":"bonsai-puu-deko","status":"publish","type":"product","link":"https:\/\/antcube.shop\/et\/toode\/bonsai-puu-deko\/","title":{"rendered":"Bonsai-puu"},"content":{"rendered":"<p>Suurus \/ k\u00f5rgus 20 cm kuni 28 cm<br \/>\nL\u00e4bim\u00f5\u00f5t ~ 10 cm -20 cm, ideaalne 30x30x30 cm ja suuremate areenide jaoks.<br \/>\nKaal varieerub 250 ja 400 grammi vahel.<\/p>\n<p>Meie bonsaipuu on ideaalne kaunistus teie formikaariumi jaoks. Seda saab kasutada nii vabalt seisvas foonikaariumis kui ka looduslikult istutatud vivaariumis. Kuna sipelgad v\u00f5ivad peituda bonsai alla v\u00f5i sisse, soovitame seda kasutada alles siis, kui teie sipelgakoloonia on juba oma pessa kolinud. Vastasel juhul v\u00f5ivad nad seda pesapaigana eelistada ja te kaotate pesa silmist.<\/p>\n<p><strong>T\u00c4HELEPANU:<\/strong> Palun \u00e4rge paigutage v\u00e4ga niiskesse formikariasse (\u00fcle 60% niiskus). Bonsai v\u00f5ib hakata hallitama. V\u00e4ga hea ventilatsiooni korral v\u00f5ib bonsaid paigutada ka niiskematesse formikaariumidesse.<\/p>\n<p><span data-text-color=\"alert\"><strong>OLULINE M\u00c4RKUS ARTIKLI KOHTA:<\/strong><\/span><br \/>\nKuna tegemist on loodusliku tootega \/ unikaalse tootega, ei ole siinsed pildid t\u00e4iesti identsed saadetava tootega. Minipuu suurus, kuju ja v\u00e4rvus, samuti kiviplaadi alusplaat v\u00f5ivad erineda. Me garanteerime ainult eseme maksimaalse k\u00f5rguse.<\/p>\n<p>Tellides selle toote, n\u00f5ustute ja n\u00f5ustute, et ostu ajal on v\u00f5imalik, et toode v\u00f5ib olla erineva suuruse, kuju ja v\u00e4rvusega.<\/p>","protected":false},"excerpt":{"rendered":"<p>M\u00f5\u00f5tmed: 20-28 cm k\u00f5rge<\/p>","protected":false},"featured_media":8721,"comment_status":"open","ping_status":"closed","template":"","meta":{"_acf_changed":false,"content-type":"","_monsterinsights_skip_tracking":false,"_monsterinsights_sitenote_active":false,"_monsterinsights_sitenote_note":"","_monsterinsights_sitenote_category":0},"product_brand":[],"product_cat":[95,98],"product_tag":[],"class_list":{"0":"post-8718","1":"product","2":"type-product","3":"status-publish","4":"has-post-thumbnail","6":"product_cat-accessories-for-ants","7":"product_cat-decoration","9":"first","10":"outofstock","11":"taxable","12":"shipping-taxable","13":"purchasable","14":"product-type-simple"},"acf":[],"aioseo_notices":[],"jetpack_sharing_enabled":true,"_links":{"self":[{"href":"https:\/\/antcube.shop\/et\/wp-json\/wp\/v2\/product\/8718","targetHints":{"allow":["GET"]}}],"collection":[{"href":"https:\/\/antcube.shop\/et\/wp-json\/wp\/v2\/product"}],"about":[{"href":"https:\/\/antcube.shop\/et\/wp-json\/wp\/v2\/types\/product"}],"replies":[{"embeddable":true,"href":"https:\/\/antcube.shop\/et\/wp-json\/wp\/v2\/comments?post=8718"}],"wp:featuredmedia":[{"embeddable":true,"href":"https:\/\/antcube.shop\/et\/wp-json\/wp\/v2\/media\/8721"}],"wp:attachment":[{"href":"https:\/\/antcube.shop\/et\/wp-json\/wp\/v2\/media?parent=8718"}],"wp:term":[{"taxonomy":"product_brand","embeddable":true,"href":"https:\/\/antcube.shop\/et\/wp-json\/wp\/v2\/product_brand?post=8718"},{"taxonomy":"product_cat","embeddable":true,"href":"https:\/\/antcube.shop\/et\/wp-json\/wp\/v2\/product_cat?post=8718"},{"taxonomy":"product_tag","embeddable":true,"href":"https:\/\/antcube.shop\/et\/wp-json\/wp\/v2\/product_tag?post=8718"}],"curies":[{"name":"wp","href":"https:\/\/api.w.org\/{rel}","templated":true}]}}