{"id":8717,"date":"2024-07-22T15:37:55","date_gmt":"2024-07-22T13:37:55","guid":{"rendered":"https:\/\/antcube.shop\/product\/bundle-offer-harpegnathos-venator\/"},"modified":"2026-03-04T16:55:50","modified_gmt":"2026-03-04T15:55:50","slug":"pakettpakkumine-harpegnathos-venator","status":"publish","type":"product","link":"https:\/\/antcube.shop\/et\/toode\/pakettpakkumine-harpegnathos-venator\/","title":{"rendered":"Pakettpakkumine - Harpegnathos venator"},"content":{"rendered":"<p><span data-text-color=\"secondary\"><strong>Komplektpakkumine, mis sisaldab Harpegnathos venator sipelgapesakolooniat (kuninganna koos 11-25 t\u00f6\u00f6listega + pesakond).<\/strong><\/span><\/p>\n<p><span data-text-color=\"alert\"><strong>Ainult niikaua, kuni varusid j\u00e4tkub. <\/strong><\/span><\/p>\n<p><span data-text-color=\"alert\"><strong>Kohaletoimetamine on v\u00f5imalik ainult GO! kaudu Saksamaa piires.<\/strong><\/span><\/p>\n<p>1x Harpegnathos venator kuninganna + 11-25 t\u00f6\u00f6list + haude<\/p>\n<p>1x Ytong pesa - 40\u00d720 koos areeniga<br \/>\n1x klaasist vann 40\u00d720<br \/>\n1x formikaariumi pad - 40x20cm<br \/>\n1x punane katteplaat 20\u00d720 - horisontaalne<\/p>\n<p>1x Saviv\u00e4rv - bee\u017e - 100ml<br \/>\n1x substraat - vihmamets - 1kg<br \/>\n1x Formicarium graanulid 200 ml - mustad<br \/>\n1x fotode tagapaneel - vihmamets - 20\u00d710<\/p>\n<p>2x Grid insert acrylic &#8211; 50 mm with sealing ring<br \/>\n1x Grid insert acrylic &#8211; 27 mm with sealing ring<\/p>\n<p>1x kriketimoos 25g<br \/>\n1x Honeydew Mix (HT) - j\u00e4relpakend 10ml<\/p>\n<p>1x drinking clear 5ml &#8211; sponge<br \/>\n1x Feeding dish white rectangle &#8211; 3 compartments<br \/>\n1x Drinking trough 2ml &#8211; 360 Degrees<\/p>\n<p>1x Foil thermometer Display<\/p>\n<p>1x sipelgapesu\u00f5li 10ml<br \/>\n1x Pintsetid vedrusterasest - lai - pehme<br \/>\n1x Pintsetid plastikust l\u00e4bipaistvad<br \/>\n1x plastpipett 3ml<br \/>\n1x k\u00e4sil\u00e4\u00e4tse - 2x - 30mm<br \/>\n1x vahtplasti klaasipuhasti 150x18x2,5mm<\/p>\n<p><strong>Sipelgaliik Harpegnathos venator:<\/strong><br \/>\nHarpegnathos venator on v\u00e4ga ilus ja v\u00e4ga suur sipelgaliik Kagu-Aasiast. Nad on aktiivsed peamiselt \u00f6\u00f6sel, kuid on aktiivsed ka p\u00e4eval, kuna kodudes on tavaliselt v\u00e4hem valgust. See sipelgaliik suudab h\u00fcpata umbes 8-10 cm, k\u00f5ndida tagurpidi ja on v\u00e4ga hea n\u00e4gemisega. Profiilis vaadatuna on mandibulid sakaleheliku kujuga. Nad n\u00e4itavad jahipidamisel huvitavat k\u00e4itumist, liigutades enne r\u00fcndamist oma gastrit.<\/p>\n<p>V\u00f5ite neid toita suhkru-mesi lahusega, mee ja valgurikka toiduga v\u00f5i eelistatavalt v\u00e4ikeste elusate putukatega, nagu n\u00e4iteks s\u00e4rge ja puuviljak\u00e4rbseid. Harpegnathos venatoril on v\u00e4ga v\u00e4ljendunud jahik\u00e4itumine ja seet\u00f5ttu v\u00f5tab ta elusat toitu palju paremini vastu.<\/p>\n<p>Niiskust ja temperatuuri tuleb areenil maksimaalselt veidi t\u00f5sta, kuid pesa peaks alati olema niiske. Loomad eelistavad pesas erinevalt niiskeid kohti.<\/p>\n<p>Ettevalmistatud kambreid ja k\u00e4ike saab kasutada otse koloonia poolt. Ytongi pesa saab h\u00f5lpsasti niisutada kaasasoleva salve abil. Lihtsalt valage salve veidi vett ja oodake, kuni Ytong-kivi imab vett ise endasse.<\/p>\n<p><strong>Teave Ytongi pesa kohta koos areeniga:<\/strong><br \/>\nSisaldab:<br \/>\nMaterjal: poorbetoon, klaas, PMMA plastik ja PVC.<\/p>\n<p><strong>\u00dchendus:<\/strong> 1x 14mm avaus; 1x 27mm avaus<\/p>\n<p><strong>Sisu:<\/strong><br \/>\n1x poorbetoonplokk 40x20x5 cm, 20 mm s\u00fcgavusega kambritega.<br \/>\n1x klaasplaat 40\u00d720 cm 50mm avaga ja areen 20\u00d720 cm.<br \/>\n1x sipelgate areeni raam 20\u00d720<br \/>\n1x sipelgaplatsi kate 20\u00d720<br \/>\n1x 50mm r\u00f5ngas 27mm avaga<br \/>\n1x formikaariumi pistik 13mm<br \/>\n2x formikariumi pistikud 27mm<br \/>\n2x 50mm formikariumi pistikud<\/p>\n<p>T\u00e4nu oma veehoidvatele omadustele sobib see materjal h\u00e4sti sipelgate hoidmiseks. Seda saab kasutada paljude maas pesitsevate liikide pidamiseks nii kuivades kui ka niisketes elupaikades. S\u00f5ltuvalt sipelgaliigist on soovitatav katta kambri p\u00f5hi saviv\u00e4rvi ja mulla substraadiga. M\u00f5ned liigid tunnevad end niimoodi mugavamalt ja n\u00e4iteks Ponerinae liigid vajavad mulda, et nende vastsed saaksid korralikult poegida. Kuna see pesa sisaldab juba areeni, v\u00f5ib seda kasutada t\u00e4ieliku formikaariumi s\u00fcsteemina.<\/p>\n<p><strong>M\u00e4rkus:<\/strong><br \/>\nSelleks, et vesi ei lekiks Ytongist p\u00e4rast pesapinna niisutamist v\u00e4lja ja ei koguneks m\u00f6\u00f6bli all olevale pinnale v\u00f5i et karedad materjalid ei kriimustaks pindu, soovitame meie Ytong-pesade jaoks \u00fchte sobivat klaasist salve. Need on veekindlad ja kaitsevad t\u00f5husalt all olevaid pindu vee- ja kriimustuskahjustuste eest.<\/p>\n<p><strong>Kasutage:<\/strong><br \/>\nM - L suuruste sipelgaliikide puhul<br \/>\nGaasbetoon on v\u00e4ga habras ja habras materjal. Seet\u00f5ttu on v\u00f5imatu v\u00e4ltida, et nurgad ja servad ei murduksid ja muutuksid tootmise k\u00e4igus veidi ebatasaseks. Seet\u00f5ttu ei sobi Ytong-pesad v\u00e4ga v\u00e4ikestele sipelgaliikidele suurusega S, sest need liigid v\u00f5ivad kergesti v\u00e4lja murda.<\/p>\n<p><span data-text-color=\"alert\"><strong>Oluline:<\/strong><\/span> Palun niisutage substraati enne kasutamist, et segu saaks sipelgap\u00f5llul siduda ja tugevalt kinni pidada. Kui substraat on liiga kuiv ja tolmune, v\u00f5ib see ka sipelgate hingamisteed ummistada ja halvimal juhul p\u00f5hjustada nende l\u00e4mbumist.<\/p>\n<p><strong>Soovitus:<\/strong> Soovitame 2 mm k\u00f5rguse substraatkihi, et loomad ei saaks areenile kaevuda, vaid kasutaksid selleks ette n\u00e4htud talu. Samuti soovitame, et farmi pesamaterjal (liiv\/savi, Digfix jne) oleks \u00fches kohas kergelt torgatud, et loomadel oleks lihtsam kaevata.<\/p>\n<p><strong>M\u00e4rkused tootmise kohta<\/strong><br \/>\nKlaas l\u00f5igatakse m\u00f5\u00f5tu vastavalt standardile DIN 1249, lubatud h\u00e4lve on +\/- 1 mm. V\u00e4ga v\u00e4ikeste sipelgaliikide puhul on oluline t\u00e4iendav v\u00e4lja murdumiskaitse.<\/p>\n<p><strong>M\u00e4rkus Saviv\u00e4rv:<\/strong><\/p>\n<p><strong>Kirjeldus:<\/strong> See segu on mittetoksiline ja suhteliselt veekindel kipsil ja betoonil, kuid on muidu vees lahustuv.<\/p>\n<p><strong>Kasutusjuhend:<\/strong><br \/>\nSee segu on kasutusvalmis ja seda saab kohe pintsliga krohvile v\u00f5i gaasbetoonile kanda.<br \/>\n100ml on piisav umbes 1\/4m\u00b2 gaasbetooni v\u00f5i 1\/2m\u00b2 krohvi jaoks.<br \/>\nKui pind on m\u00e4rg, v\u00f5ib seda n\u00e4iteks liivaga puistata, et saavutada veelgi loomulikum v\u00e4limus.<\/p>","protected":false},"excerpt":{"rendered":"<p>\u00dchendus: 1x14mm 1x27mm<br \/>\nSuurus: <strong><span style=\"color: #339966;\">M<\/span><\/strong><strong> &#8211; <span style=\"color: #0000ff;\">L<\/span><\/strong><\/p>","protected":false},"featured_media":8720,"comment_status":"open","ping_status":"closed","template":"","meta":{"_acf_changed":false,"content-type":"","_monsterinsights_skip_tracking":false,"_monsterinsights_sitenote_active":false,"_monsterinsights_sitenote_note":"","_monsterinsights_sitenote_category":0},"product_brand":[],"product_cat":[355,73],"product_tag":[],"class_list":{"0":"post-8717","1":"product","2":"type-product","3":"status-publish","4":"has-post-thumbnail","6":"product_cat-bundle-offers","7":"product_cat-starter-sets","8":"product_shipping_class-germany-only","10":"first","11":"outofstock","12":"taxable","13":"shipping-taxable","14":"purchasable","15":"product-type-simple"},"acf":[],"aioseo_notices":[],"jetpack_sharing_enabled":true,"_links":{"self":[{"href":"https:\/\/antcube.shop\/et\/wp-json\/wp\/v2\/product\/8717","targetHints":{"allow":["GET"]}}],"collection":[{"href":"https:\/\/antcube.shop\/et\/wp-json\/wp\/v2\/product"}],"about":[{"href":"https:\/\/antcube.shop\/et\/wp-json\/wp\/v2\/types\/product"}],"replies":[{"embeddable":true,"href":"https:\/\/antcube.shop\/et\/wp-json\/wp\/v2\/comments?post=8717"}],"wp:featuredmedia":[{"embeddable":true,"href":"https:\/\/antcube.shop\/et\/wp-json\/wp\/v2\/media\/8720"}],"wp:attachment":[{"href":"https:\/\/antcube.shop\/et\/wp-json\/wp\/v2\/media?parent=8717"}],"wp:term":[{"taxonomy":"product_brand","embeddable":true,"href":"https:\/\/antcube.shop\/et\/wp-json\/wp\/v2\/product_brand?post=8717"},{"taxonomy":"product_cat","embeddable":true,"href":"https:\/\/antcube.shop\/et\/wp-json\/wp\/v2\/product_cat?post=8717"},{"taxonomy":"product_tag","embeddable":true,"href":"https:\/\/antcube.shop\/et\/wp-json\/wp\/v2\/product_tag?post=8717"}],"curies":[{"name":"wp","href":"https:\/\/api.w.org\/{rel}","templated":true}]}}