{"id":8518,"date":"2024-06-10T10:41:37","date_gmt":"2024-06-10T08:41:37","guid":{"rendered":"https:\/\/antcube.shop\/product\/poster\/"},"modified":"2025-09-30T10:22:23","modified_gmt":"2025-09-30T08:22:23","slug":"posteri-anatoomia","status":"publish","type":"product","link":"https:\/\/antcube.shop\/et\/toode\/posteri-anatoomia\/","title":{"rendered":"Posteri anatoomia"},"content":{"rendered":"<p>Muuseumikvaliteediga plakatid, mis on valmistatud paksule mattpaberile. Lisage oma tuppa ja kontorisse imeline aktsent nende plakatitega, mis kaunistavad kindlasti iga keskkonda.<\/p>\n<p>- Paberi paksus: 10,3 mil<br \/>\n- Paberi kaal: 189 g\/m\u00b2<br \/>\n- L\u00e4bipaistvus: 94%<br \/>\n- ISO heledus: 104%<br \/>\n- Paber on p\u00e4rit Jaapanist<\/p>\n<p>See toode valmistatakse spetsiaalselt teie jaoks kohe p\u00e4rast tellimuse esitamist, mist\u00f5ttu kulub meil veidi kauem aega, et see teile k\u00e4tte toimetada. Toodete valmistamine tellimuse alusel, mitte lahtiselt, aitab v\u00e4hendada \u00fcletootmist, seega t\u00e4name teid l\u00e4bim\u00f5eldud ostuotsuste tegemise eest!<\/p>","protected":false},"excerpt":{"rendered":"<p>Muuseumikvaliteediga plakatid, mis on valmistatud paksule mattpaberile. Lisage oma tuppa ja kontorisse imeline aktsent nende plakatitega, mis kaunistavad kindlasti iga keskkonda. - Paberi paksus: 10,3 mil - Paberi kaal: 189 g\/m\u00b2 - L\u00e4bipaistvus: 94% - ISO heledus: 104% - Paber on p\u00e4rit Jaapanist See toode on valmistatud spetsiaalselt","protected":false},"featured_media":8523,"comment_status":"open","ping_status":"closed","template":"","meta":{"_acf_changed":false,"content-type":"","_monsterinsights_skip_tracking":false,"_monsterinsights_sitenote_active":false,"_monsterinsights_sitenote_note":"","_monsterinsights_sitenote_category":0},"product_brand":[],"product_cat":[245],"product_tag":[],"class_list":{"0":"post-8518","1":"product","2":"type-product","3":"status-publish","4":"has-post-thumbnail","6":"product_cat-merchandise","8":"first","9":"instock","10":"taxable","11":"shipping-taxable","12":"purchasable","13":"product-type-variable"},"acf":[],"aioseo_notices":[],"jetpack_sharing_enabled":true,"_links":{"self":[{"href":"https:\/\/antcube.shop\/et\/wp-json\/wp\/v2\/product\/8518","targetHints":{"allow":["GET"]}}],"collection":[{"href":"https:\/\/antcube.shop\/et\/wp-json\/wp\/v2\/product"}],"about":[{"href":"https:\/\/antcube.shop\/et\/wp-json\/wp\/v2\/types\/product"}],"replies":[{"embeddable":true,"href":"https:\/\/antcube.shop\/et\/wp-json\/wp\/v2\/comments?post=8518"}],"wp:featuredmedia":[{"embeddable":true,"href":"https:\/\/antcube.shop\/et\/wp-json\/wp\/v2\/media\/8523"}],"wp:attachment":[{"href":"https:\/\/antcube.shop\/et\/wp-json\/wp\/v2\/media?parent=8518"}],"wp:term":[{"taxonomy":"product_brand","embeddable":true,"href":"https:\/\/antcube.shop\/et\/wp-json\/wp\/v2\/product_brand?post=8518"},{"taxonomy":"product_cat","embeddable":true,"href":"https:\/\/antcube.shop\/et\/wp-json\/wp\/v2\/product_cat?post=8518"},{"taxonomy":"product_tag","embeddable":true,"href":"https:\/\/antcube.shop\/et\/wp-json\/wp\/v2\/product_tag?post=8518"}],"curies":[{"name":"wp","href":"https:\/\/api.w.org\/{rel}","templated":true}]}}