{"id":8505,"date":"2024-06-10T10:40:55","date_gmt":"2024-06-10T08:40:55","guid":{"rendered":"https:\/\/antcube.shop\/product\/sports-water-bottle\/"},"modified":"2025-12-03T21:47:07","modified_gmt":"2025-12-03T20:47:07","slug":"sportlik-veepudel","status":"publish","type":"product","link":"https:\/\/antcube.shop\/et\/toode\/sportlik-veepudel\/","title":{"rendered":"Sportlik veepudel"},"content":{"rendered":"<p>Hankige 50% taaskasutatud plastist valmistatud isikup\u00e4rastatud ja sportlik veepudel, et j\u00e4\u00e4da stiilselt vedelema. See on plekkide, purunemise ja l\u00f5hnade suhtes vastupidav, hoiab teie joogid v\u00e4rskena ning lekkimiskindel kaas ja hammustusklapp takistavad lekkeid. Selle pudeli eriti suur suurus sobib ka pikkade j\u00f5usaali-, t\u00f6\u00f6- v\u00f5i \u00f5ppesessioonide jaoks! - 25<\/p>\n<p>- 25 oz (739 ml) <br \/>\n- M\u00f5\u00f5tmed: (25,4 \u00d7 7,62 cm): 10\u2033 \u00d7 3\u2033 (25,4 \u00d7 7,62 cm)<br \/>\n- BPA-vaba Eastman Tritan\u2122 Renew 50% ringlussev\u00f5etav materjal <br \/>\n- plekk-, purunemis- ja l\u00f5hnakindel<br \/>\n- Lekkimiskindel kruvitav kaas hammustusklapiga<br \/>\n- \u00dche s\u00f5rmega kandek\u00e4epide<\/p>","protected":false},"excerpt":{"rendered":"<p>Hankige 50% taaskasutatud plastist valmistatud isikup\u00e4rastatud ja sportlik veepudel, et j\u00e4\u00e4da stiilselt vedelema. See on plekkide, purunemise ja l\u00f5hnade suhtes vastupidav, hoiab teie joogid v\u00e4rskena ning lekkimiskindel kaas ja hammustusklapp takistavad lekkeid. Selle pudeli eriti suur suurus sobib ka pikkade j\u00f5usaali-, t\u00f6\u00f6- v\u00f5i \u00f5ppesessioonide jaoks! - 25","protected":false},"featured_media":0,"comment_status":"open","ping_status":"closed","template":"","meta":{"_acf_changed":false,"content-type":"","_monsterinsights_skip_tracking":false,"_monsterinsights_sitenote_active":false,"_monsterinsights_sitenote_note":"","_monsterinsights_sitenote_category":0},"product_brand":[],"product_cat":[245],"product_tag":[],"class_list":{"0":"post-8505","1":"product","2":"type-product","3":"status-publish","5":"product_cat-merchandise","7":"first","8":"outofstock","9":"taxable","10":"shipping-taxable","11":"product-type-variable"},"acf":[],"aioseo_notices":[],"jetpack_sharing_enabled":true,"_links":{"self":[{"href":"https:\/\/antcube.shop\/et\/wp-json\/wp\/v2\/product\/8505","targetHints":{"allow":["GET"]}}],"collection":[{"href":"https:\/\/antcube.shop\/et\/wp-json\/wp\/v2\/product"}],"about":[{"href":"https:\/\/antcube.shop\/et\/wp-json\/wp\/v2\/types\/product"}],"replies":[{"embeddable":true,"href":"https:\/\/antcube.shop\/et\/wp-json\/wp\/v2\/comments?post=8505"}],"wp:attachment":[{"href":"https:\/\/antcube.shop\/et\/wp-json\/wp\/v2\/media?parent=8505"}],"wp:term":[{"taxonomy":"product_brand","embeddable":true,"href":"https:\/\/antcube.shop\/et\/wp-json\/wp\/v2\/product_brand?post=8505"},{"taxonomy":"product_cat","embeddable":true,"href":"https:\/\/antcube.shop\/et\/wp-json\/wp\/v2\/product_cat?post=8505"},{"taxonomy":"product_tag","embeddable":true,"href":"https:\/\/antcube.shop\/et\/wp-json\/wp\/v2\/product_tag?post=8505"}],"curies":[{"name":"wp","href":"https:\/\/api.w.org\/{rel}","templated":true}]}}