{"id":8503,"date":"2024-06-10T10:40:31","date_gmt":"2024-06-10T08:40:31","guid":{"rendered":"https:\/\/antcube.shop\/product\/stainless-steel-water-bottle-2\/"},"modified":"2024-12-12T11:07:50","modified_gmt":"2024-12-12T10:07:50","slug":"roostevabast-terasest-veepudel-2","status":"publish","type":"product","link":"https:\/\/antcube.shop\/et\/toode\/roostevabast-terasest-veepudel-2\/","title":{"rendered":"Roostevabast terasest veepudel"},"content":{"rendered":"<p>See 17-untsine, kahekordse seinaga roostevabast terasest veepudel sobib ideaalselt teie igap\u00e4evasteks v\u00e4ljas\u00f5itudeks. See hoiab teie valitud joogi kuumana v\u00f5i k\u00fclma tundide jooksul. Sellel on ka l\u00f5hna- ja lekkekindel kork. Viska see autosse t\u00f6\u00f6le minnes tassihoidjasse, v\u00f5ta see kaasa matkale v\u00f5i viska kotti, kui sul tekib janu.<\/p>\n<p>- K\u00f5rgekvaliteediline roostevaba teras<br \/>\n- 17 oz (500 ml)<br \/>\n- M\u00f5\u00f5tmed: (27 \u00d7 7 cm): 10,5\u2033 \u00d7 2,85\u2033 (27 \u00d7 7 cm)<br \/>\n- Vaakumkolb<br \/>\n- Topeltkonstruktsioon<br \/>\n- Bowlingt\u00e4pi kuju<br \/>\n- L\u00e4ikiv viimistlus<br \/>\n- L\u00f5hnatu ja lekkekindel kork<br \/>\n- Isoleeritud kuumade ja k\u00fclmade vedelike jaoks (hoiab vedeliku kuumana v\u00f5i k\u00fclmana 6 h)<br \/>\n- Patenteeritud ORCA kate elavateks v\u00e4rvideks<br \/>\n- Ainult k\u00e4sipesu<br \/>\n- Hiinast p\u00e4rit t\u00fchi toode<\/p>\n<p>Vastutusest loobumine: vee hoidmine pudelis \u00fcle 24 tunni on ebah\u00fcgieeniline ja v\u00f5ib p\u00f5hjustada ebameeldivat l\u00f5hna.<\/p>","protected":false},"excerpt":{"rendered":"<p>See 17-untsine, kahekordse seinaga roostevabast terasest veepudel sobib ideaalselt teie igap\u00e4evasteks v\u00e4ljas\u00f5itudeks. See hoiab teie valitud joogi kuumana v\u00f5i k\u00fclma tundide jooksul. Sellel on ka l\u00f5hna- ja lekkekindel kork. Visake see autos tassihoidikusse teel t\u00f6\u00f6le, v\u00f5tke see kaasa matkale v\u00f5i visake see [...]","protected":false},"featured_media":8504,"comment_status":"open","ping_status":"closed","template":"","meta":{"_acf_changed":false,"content-type":"","_monsterinsights_skip_tracking":false,"_monsterinsights_sitenote_active":false,"_monsterinsights_sitenote_note":"","_monsterinsights_sitenote_category":0},"product_brand":[],"product_cat":[245],"product_tag":[],"class_list":{"0":"post-8503","1":"product","2":"type-product","3":"status-publish","4":"has-post-thumbnail","6":"product_cat-merchandise","8":"first","9":"instock","10":"taxable","11":"shipping-taxable","12":"purchasable","13":"product-type-simple"},"acf":[],"aioseo_notices":[],"jetpack_sharing_enabled":true,"_links":{"self":[{"href":"https:\/\/antcube.shop\/et\/wp-json\/wp\/v2\/product\/8503","targetHints":{"allow":["GET"]}}],"collection":[{"href":"https:\/\/antcube.shop\/et\/wp-json\/wp\/v2\/product"}],"about":[{"href":"https:\/\/antcube.shop\/et\/wp-json\/wp\/v2\/types\/product"}],"replies":[{"embeddable":true,"href":"https:\/\/antcube.shop\/et\/wp-json\/wp\/v2\/comments?post=8503"}],"wp:featuredmedia":[{"embeddable":true,"href":"https:\/\/antcube.shop\/et\/wp-json\/wp\/v2\/media\/8504"}],"wp:attachment":[{"href":"https:\/\/antcube.shop\/et\/wp-json\/wp\/v2\/media?parent=8503"}],"wp:term":[{"taxonomy":"product_brand","embeddable":true,"href":"https:\/\/antcube.shop\/et\/wp-json\/wp\/v2\/product_brand?post=8503"},{"taxonomy":"product_cat","embeddable":true,"href":"https:\/\/antcube.shop\/et\/wp-json\/wp\/v2\/product_cat?post=8503"},{"taxonomy":"product_tag","embeddable":true,"href":"https:\/\/antcube.shop\/et\/wp-json\/wp\/v2\/product_tag?post=8503"}],"curies":[{"name":"wp","href":"https:\/\/api.w.org\/{rel}","templated":true}]}}