{"id":8320,"date":"2024-06-10T10:36:48","date_gmt":"2024-06-10T08:36:48","guid":{"rendered":"https:\/\/antcube.shop\/product\/unisex-t-shirt-2\/"},"modified":"2024-12-12T11:08:12","modified_gmt":"2024-12-12T10:08:12","slug":"unisex-t-sark-2","status":"publish","type":"product","link":"https:\/\/antcube.shop\/et\/toode\/unisex-t-sark-2\/","title":{"rendered":"Unisex t-s\u00e4rk"},"content":{"rendered":"<p>See t-s\u00e4rk on k\u00f5ik, millest sa oled unistanud ja veel rohkemgi. See on pehme ja kerge, \u00f5ige venivuse tasemega. See on mugav ja meelik\u00f6itev k\u00f5igile. <\/p>\n<p>- 100% kammitud ja r\u00f5ngaspunane puuvill (Heather v\u00e4rvid sisaldavad pol\u00fcestrit).<br \/>\n- Kanga kaal: 4,2 oz.\/yd.\u00b2 (142 g\/m\u00b2)<br \/>\n- Eelnevalt kokkut\u00f5mmatud kangas<br \/>\n- K\u00fclg\u00f5mmeldud konstruktsioon<br \/>\n- \u00d5lg-\u00f5la teipimine<br \/>\n- Nicaraguast, Mehhikost, Hondurasest v\u00f5i USAst p\u00e4rit t\u00fchi toode.<\/p>\n<p>See toode valmistatakse spetsiaalselt teie jaoks kohe p\u00e4rast tellimuse esitamist, mist\u00f5ttu kulub meil veidi kauem aega, et see teile k\u00e4tte toimetada. Toodete valmistamine tellimuse alusel, mitte lahtiselt, aitab v\u00e4hendada \u00fcletootmist, seega t\u00e4name teid l\u00e4bim\u00f5eldud ostuotsuste tegemise eest!<\/p>","protected":false},"excerpt":{"rendered":"<p>See t-s\u00e4rk on k\u00f5ik, millest sa oled unistanud ja veel rohkemgi. See on pehme ja kerge, \u00f5ige venivuse tasemega. See on mugav ja meelik\u00f6itev k\u00f5igile. - 100% kammitud ja r\u00f5ngaspunane puuvill (Heather v\u00e4rvid sisaldavad pol\u00fcestrit) - Kanga kaal: 4,2 oz.\/yd.\u00b2 (142 g\/m\u00b2) - Eelp\u00f5letatud kangas - K\u00fclje\u00f5mblused - \u00d5lg-\u00f5la teipimine - T\u00fchi toode.","protected":false},"featured_media":8423,"comment_status":"open","ping_status":"closed","template":"","meta":{"_acf_changed":false,"content-type":"","_monsterinsights_skip_tracking":false,"_monsterinsights_sitenote_active":false,"_monsterinsights_sitenote_note":"","_monsterinsights_sitenote_category":0},"product_brand":[],"product_cat":[245],"product_tag":[],"class_list":{"0":"post-8320","1":"product","2":"type-product","3":"status-publish","4":"has-post-thumbnail","6":"product_cat-merchandise","8":"first","9":"instock","10":"taxable","11":"shipping-taxable","12":"purchasable","13":"product-type-variable"},"acf":[],"aioseo_notices":[],"jetpack_sharing_enabled":true,"_links":{"self":[{"href":"https:\/\/antcube.shop\/et\/wp-json\/wp\/v2\/product\/8320","targetHints":{"allow":["GET"]}}],"collection":[{"href":"https:\/\/antcube.shop\/et\/wp-json\/wp\/v2\/product"}],"about":[{"href":"https:\/\/antcube.shop\/et\/wp-json\/wp\/v2\/types\/product"}],"replies":[{"embeddable":true,"href":"https:\/\/antcube.shop\/et\/wp-json\/wp\/v2\/comments?post=8320"}],"wp:featuredmedia":[{"embeddable":true,"href":"https:\/\/antcube.shop\/et\/wp-json\/wp\/v2\/media\/8423"}],"wp:attachment":[{"href":"https:\/\/antcube.shop\/et\/wp-json\/wp\/v2\/media?parent=8320"}],"wp:term":[{"taxonomy":"product_brand","embeddable":true,"href":"https:\/\/antcube.shop\/et\/wp-json\/wp\/v2\/product_brand?post=8320"},{"taxonomy":"product_cat","embeddable":true,"href":"https:\/\/antcube.shop\/et\/wp-json\/wp\/v2\/product_cat?post=8320"},{"taxonomy":"product_tag","embeddable":true,"href":"https:\/\/antcube.shop\/et\/wp-json\/wp\/v2\/product_tag?post=8320"}],"curies":[{"name":"wp","href":"https:\/\/api.w.org\/{rel}","templated":true}]}}