{"id":8185,"date":"2024-06-10T10:28:06","date_gmt":"2024-06-10T08:28:06","guid":{"rendered":"https:\/\/antcube.shop\/product\/boxer-briefs\/"},"modified":"2024-12-12T11:08:38","modified_gmt":"2024-12-12T10:08:38","slug":"bokserid","status":"publish","type":"product","link":"https:\/\/antcube.shop\/et\/toode\/bokserid\/","title":{"rendered":"Boxer p\u00fcksikud"},"content":{"rendered":"<p>Need bokserid on valmistatud pehmest ja venivast materjalist, mis tagab mugavuse kogu p\u00e4eva jooksul. Bokserp\u00fckstel ei ole tagumist \u00f5mblust ja neil on vooderdatud esip\u00fcksikott, mis pakub lisamugavust ja tuge. <\/p>\n<p>- 95% pol\u00fcester, 5% elastaan (kanga koostis v\u00f5ib erineda 1% v\u00f5rra).<br \/>\n- Keskmine t\u00f5us<br \/>\n- Vooderdatud esikott t\u00e4iendava toetuse saamiseks<br \/>\n- 4 cm laiune elastne v\u00f6\u00f6koht, mis on kaetud kangaga.<br \/>\n- Puusapaneel <br \/>\n- \u00dcletikkimine ja kattevate \u00f5mblus <br \/>\n- Taga\u00f5mbluse puudumine lisamugavuse tagamiseks<br \/>\n- Leedust p\u00e4rit t\u00fchjad tootekomponendid ELis<br \/>\n- USAst ja Hiinast p\u00e4rit t\u00fchjad tootekomponendid Mehhikos<\/p>","protected":false},"excerpt":{"rendered":"<p>Need bokserid on valmistatud pehmest ja venivast materjalist, mis tagab mugavuse kogu p\u00e4eva jooksul. Bokserp\u00fckstel ei ole tagumist \u00f5mblust ja neil on vooderdatud esip\u00fcksikott, mis pakub lisamugavust ja tuge. - 95% pol\u00fcester, 5% elastaan (kangakoosseis v\u00f5ib erineda 1% v\u00f5rra) - Keskmise k\u00f5rgusega - Vooderdatud esi\u00fcmbris lisakinnituseks.","protected":false},"featured_media":8195,"comment_status":"open","ping_status":"closed","template":"","meta":{"_acf_changed":false,"content-type":"","_monsterinsights_skip_tracking":false,"_monsterinsights_sitenote_active":false,"_monsterinsights_sitenote_note":"","_monsterinsights_sitenote_category":0},"product_brand":[],"product_cat":[245],"product_tag":[],"class_list":{"0":"post-8185","1":"product","2":"type-product","3":"status-publish","4":"has-post-thumbnail","6":"product_cat-merchandise","8":"first","9":"instock","10":"taxable","11":"shipping-taxable","12":"purchasable","13":"product-type-variable"},"acf":[],"aioseo_notices":[],"jetpack_sharing_enabled":true,"_links":{"self":[{"href":"https:\/\/antcube.shop\/et\/wp-json\/wp\/v2\/product\/8185","targetHints":{"allow":["GET"]}}],"collection":[{"href":"https:\/\/antcube.shop\/et\/wp-json\/wp\/v2\/product"}],"about":[{"href":"https:\/\/antcube.shop\/et\/wp-json\/wp\/v2\/types\/product"}],"replies":[{"embeddable":true,"href":"https:\/\/antcube.shop\/et\/wp-json\/wp\/v2\/comments?post=8185"}],"wp:featuredmedia":[{"embeddable":true,"href":"https:\/\/antcube.shop\/et\/wp-json\/wp\/v2\/media\/8195"}],"wp:attachment":[{"href":"https:\/\/antcube.shop\/et\/wp-json\/wp\/v2\/media?parent=8185"}],"wp:term":[{"taxonomy":"product_brand","embeddable":true,"href":"https:\/\/antcube.shop\/et\/wp-json\/wp\/v2\/product_brand?post=8185"},{"taxonomy":"product_cat","embeddable":true,"href":"https:\/\/antcube.shop\/et\/wp-json\/wp\/v2\/product_cat?post=8185"},{"taxonomy":"product_tag","embeddable":true,"href":"https:\/\/antcube.shop\/et\/wp-json\/wp\/v2\/product_tag?post=8185"}],"curies":[{"name":"wp","href":"https:\/\/api.w.org\/{rel}","templated":true}]}}