{"id":7997,"date":"2024-06-07T18:17:29","date_gmt":"2024-06-07T16:17:29","guid":{"rendered":"https:\/\/antcube.shop\/product\/unisex-hoodie\/"},"modified":"2024-12-12T11:08:58","modified_gmt":"2024-12-12T10:08:58","slug":"unisex-kapuutsiga","status":"publish","type":"product","link":"https:\/\/antcube.shop\/et\/toode\/unisex-kapuutsiga\/","title":{"rendered":"Unisex kapuutsiga"},"content":{"rendered":"<p>Iga\u00fcks vajab m\u00f5nusat kapuutsi, millesse end sisse kerida, seega vali selline, mis on pehme, sile ja stiilne. See on ideaalne valik jahedamateks \u00f5htuteks!<\/p>\n<p>- 50% eelp\u00f5letatud puuvill, 50% pol\u00fcester<br \/>\n- Kanga kaal: 8,0 oz\/yd\u00b2 (271,25 g\/m\u00b2)<br \/>\n- \u00d5hujuga ketratud l\u00f5ng, mis on pehme ja v\u00e4hese pillinguga.<br \/>\n- Topeltvoodriga kapuuts koos sobiva t\u00f5mblukuga<br \/>\n- Veerandp\u00f6\u00f6ratud keha, et v\u00e4ltida kortsu keskel.<br \/>\n- 1 \u00d7 1 sportlik ribi-kootud mansetid ja v\u00f6\u00f6koht koos elastaaniga.<br \/>\n- Esikoti tasku<br \/>\n- Topelt\u00f5mmeldud krae, \u00f5lad, k\u00e4eaugud, mansetid ja \u00e4\u00e4r.<br \/>\n- Bangladeshist, Nicaraguast, Hondurasest v\u00f5i El Salvadorist p\u00e4rit t\u00fchi toode.<\/p>\n<p>See toode valmistatakse spetsiaalselt teie jaoks kohe p\u00e4rast tellimuse esitamist, mist\u00f5ttu kulub meil veidi kauem aega, et see teile k\u00e4tte toimetada. Toodete valmistamine tellimuse alusel, mitte lahtiselt, aitab v\u00e4hendada \u00fcletootmist, seega t\u00e4name teid l\u00e4bim\u00f5eldud ostuotsuste tegemise eest!<\/p>","protected":false},"excerpt":{"rendered":"<p>Iga\u00fcks vajab m\u00f5nusat kapuutsi, millesse end sisse kerida, seega vali selline, mis on pehme, sile ja stiilne. See on ideaalne valik jahedamateks \u00f5htuteks! - 50% eelsurutud puuvill, 50% pol\u00fcester - Kanga kaal: 8,0 oz\/yd\u00b2 (271,25 g\/m\u00b2) - \u00d5huspritseeritud l\u00f5ng, mis on pehme ja v\u00e4hese pillinguga - Topeltvoodriga kapuuts koos sobiva kapuutsiga.","protected":false},"featured_media":8060,"comment_status":"open","ping_status":"closed","template":"","meta":{"_acf_changed":false,"content-type":"","_monsterinsights_skip_tracking":false,"_monsterinsights_sitenote_active":false,"_monsterinsights_sitenote_note":"","_monsterinsights_sitenote_category":0},"product_brand":[],"product_cat":[245],"product_tag":[],"class_list":{"0":"post-7997","1":"product","2":"type-product","3":"status-publish","4":"has-post-thumbnail","6":"product_cat-merchandise","8":"first","9":"instock","10":"taxable","11":"shipping-taxable","12":"purchasable","13":"product-type-variable"},"acf":[],"aioseo_notices":[],"jetpack_sharing_enabled":true,"_links":{"self":[{"href":"https:\/\/antcube.shop\/et\/wp-json\/wp\/v2\/product\/7997","targetHints":{"allow":["GET"]}}],"collection":[{"href":"https:\/\/antcube.shop\/et\/wp-json\/wp\/v2\/product"}],"about":[{"href":"https:\/\/antcube.shop\/et\/wp-json\/wp\/v2\/types\/product"}],"replies":[{"embeddable":true,"href":"https:\/\/antcube.shop\/et\/wp-json\/wp\/v2\/comments?post=7997"}],"wp:featuredmedia":[{"embeddable":true,"href":"https:\/\/antcube.shop\/et\/wp-json\/wp\/v2\/media\/8060"}],"wp:attachment":[{"href":"https:\/\/antcube.shop\/et\/wp-json\/wp\/v2\/media?parent=7997"}],"wp:term":[{"taxonomy":"product_brand","embeddable":true,"href":"https:\/\/antcube.shop\/et\/wp-json\/wp\/v2\/product_brand?post=7997"},{"taxonomy":"product_cat","embeddable":true,"href":"https:\/\/antcube.shop\/et\/wp-json\/wp\/v2\/product_cat?post=7997"},{"taxonomy":"product_tag","embeddable":true,"href":"https:\/\/antcube.shop\/et\/wp-json\/wp\/v2\/product_tag?post=7997"}],"curies":[{"name":"wp","href":"https:\/\/api.w.org\/{rel}","templated":true}]}}