{"id":7942,"date":"2024-05-29T15:42:05","date_gmt":"2024-05-29T13:42:05","guid":{"rendered":"https:\/\/antcube.shop\/product\/rote-abdeckplatte-20x20-liegend\/"},"modified":"2026-04-16T12:33:06","modified_gmt":"2026-04-16T10:33:06","slug":"punane-katteplaat-20x20","status":"publish","type":"product","link":"https:\/\/antcube.shop\/et\/toode\/punane-katteplaat-20x20\/","title":{"rendered":"Punane katteplaat 20\u00d720 - horisontaalne"},"content":{"rendered":"<p><strong>M\u00f5\u00f5tmed:<\/strong> 180 x 180 mm,<br \/>\n<strong>Paksus:<\/strong> 3 mm<br \/>\n56mm augur\u00f5nga v\u00e4lism\u00f5\u00f5duga - 33mm augu sisem\u00f5\u00f5duga<\/p>\n<p><strong>Materjal:<\/strong> PMMA<\/p>\n<p><strong>V\u00e4rv:<\/strong> tumepunane, l\u00e4bipaistev<\/p>\n<p><strong>Sisu:<\/strong> 1 tk.<\/p>\n<p><strong>Kirjeldus:<\/strong> Punane l\u00e4bipaistev katteplaat - horisontaalne, kasutatakse selleks, et anda sipelgatele maa-alune tunne. Seet\u00f5ttu soovitame seda toodet kasutada v\u00e4hemalt osaliselt pesa piirkonnas. L\u00e4bi katteplaadi on sipelgaid pesas isegi n\u00e4ha.<\/p>","protected":false},"excerpt":{"rendered":"<p>M\u00f5\u00f5tmed: Paksus: 180 x 180 mm, paksus: 180 x 180 mm: Materjal: 3 mm 56 mm augu r\u00f5nga v\u00e4lism\u00f5\u00f5t - 33 mm augu sisem\u00f5\u00f5t: PMMA V\u00e4rv: tumepunane, l\u00e4bipaistev Sisu: PMMA, l\u00e4bipaistev: 1 tk. Kirjeldus: Punane l\u00e4bipaistev katteplaat - horisontaalne, kasutatakse sipelgate maa-aluse tunde tekitamiseks. Seet\u00f5ttu soovitame seda toodet v\u00e4hemalt osaliselt kasutada","protected":false},"featured_media":7945,"comment_status":"open","ping_status":"closed","template":"","meta":{"_acf_changed":false,"content-type":"","_monsterinsights_skip_tracking":false,"_monsterinsights_sitenote_active":false,"_monsterinsights_sitenote_note":"","_monsterinsights_sitenote_category":0},"product_brand":[],"product_cat":[119,239],"product_tag":[],"class_list":{"0":"post-7942","1":"product","2":"type-product","3":"status-publish","4":"has-post-thumbnail","6":"product_cat-formicarium-components","7":"product_cat-useful-additions","9":"first","10":"instock","11":"taxable","12":"shipping-taxable","13":"purchasable","14":"product-type-simple"},"acf":[],"aioseo_notices":[],"jetpack_sharing_enabled":true,"_links":{"self":[{"href":"https:\/\/antcube.shop\/et\/wp-json\/wp\/v2\/product\/7942","targetHints":{"allow":["GET"]}}],"collection":[{"href":"https:\/\/antcube.shop\/et\/wp-json\/wp\/v2\/product"}],"about":[{"href":"https:\/\/antcube.shop\/et\/wp-json\/wp\/v2\/types\/product"}],"replies":[{"embeddable":true,"href":"https:\/\/antcube.shop\/et\/wp-json\/wp\/v2\/comments?post=7942"}],"wp:featuredmedia":[{"embeddable":true,"href":"https:\/\/antcube.shop\/et\/wp-json\/wp\/v2\/media\/7945"}],"wp:attachment":[{"href":"https:\/\/antcube.shop\/et\/wp-json\/wp\/v2\/media?parent=7942"}],"wp:term":[{"taxonomy":"product_brand","embeddable":true,"href":"https:\/\/antcube.shop\/et\/wp-json\/wp\/v2\/product_brand?post=7942"},{"taxonomy":"product_cat","embeddable":true,"href":"https:\/\/antcube.shop\/et\/wp-json\/wp\/v2\/product_cat?post=7942"},{"taxonomy":"product_tag","embeddable":true,"href":"https:\/\/antcube.shop\/et\/wp-json\/wp\/v2\/product_tag?post=7942"}],"curies":[{"name":"wp","href":"https:\/\/api.w.org\/{rel}","templated":true}]}}