{"id":7590,"date":"2024-04-04T16:24:13","date_gmt":"2024-04-04T14:24:13","guid":{"rendered":"https:\/\/antcube.shop\/product\/thermo-hygrometer-analog-display-43mm-hangend\/"},"modified":"2026-04-13T10:49:00","modified_gmt":"2026-04-13T08:49:00","slug":"termohugromeetri-analoognaidik-43mm-riputatav","status":"publish","type":"product","link":"https:\/\/antcube.shop\/et\/toode\/termohugromeetri-analoognaidik-43mm-riputatav\/","title":{"rendered":"Termo-h\u00fcgromeetri analoog - n\u00e4idik - 43mm - riputatav"},"content":{"rendered":"<p><strong>M\u00f5\u00f5tmed:<\/strong> 73mm x 63mm, 20mm s\u00fcgavus<\/p>\n<p><strong>Materjal:<\/strong> metall \/ akr\u00fc\u00fcl<\/p>\n<p><strong>V\u00e4rv:<\/strong> metall, h\u00f5bedane \/ l\u00e4bipaistev<\/p>\n<p><strong>Sisu:<\/strong> 1x termo-h\u00fcgromeetri analoog metall - 43mm, 1x akr\u00fc\u00fclklaasist hoidik m\u00f5\u00f5teriista s\u00fcvendiga - 73x59mm, 1x akr\u00fc\u00fclklaasist alus - 73x20mm, 2x l\u00e4bipaistvad kleeplokid - 30x20mm<\/p>\n<p><strong>Kirjeldus:<\/strong><br \/>\nKomplekt koosneb analoogtermomeetrist ja h\u00fcgromeetrist, mis on valmistatud metallist (43mm), mis on sisestatud akr\u00fc\u00fclklaasist plaati (73x59mm). N\u00e4idik on kinnitatud kahe l\u00e4bipaistva kleeplokiga, mida saab kasutada aluse (73x20mm) kinnitamiseks \u00fclalpool areenikatte v\u00f5i raami k\u00fclge.<\/p>\n<p><strong>Oluline:<\/strong><br \/>\nM\u00f5\u00f5turi tagak\u00fclg peab olema vaba, vastasel juhul v\u00f5ivad tekkida m\u00f5\u00f5tmisvead.<\/p>\n<p><strong>T\u00e4psus termomeeter:<\/strong> +\/- 2\u00b0C , +\/- 4\u00b0F<br \/>\n<strong>T\u00e4psus h\u00fcgromeeter:<\/strong> +\/- 5%<\/p>","protected":false},"excerpt":{"rendered":"<p>Termomeetri ja h\u00fcgromeetri komplekt, mis on valmistatud metallist (43mm), mis on sisestatud akr\u00fc\u00fclklaasist plaati (73x63mm).<\/p>","protected":false},"featured_media":7580,"comment_status":"open","ping_status":"closed","template":"","meta":{"_acf_changed":false,"content-type":"","_monsterinsights_skip_tracking":false,"_monsterinsights_sitenote_active":false,"_monsterinsights_sitenote_note":"","_monsterinsights_sitenote_category":0},"product_brand":[],"product_cat":[359,119],"product_tag":[],"class_list":{"0":"post-7590","1":"product","2":"type-product","3":"status-publish","4":"has-post-thumbnail","6":"product_cat-light-heat-humidity","7":"product_cat-formicarium-components","9":"first","10":"instock","11":"taxable","12":"shipping-taxable","13":"purchasable","14":"product-type-simple"},"acf":[],"aioseo_notices":[],"jetpack_sharing_enabled":true,"_links":{"self":[{"href":"https:\/\/antcube.shop\/et\/wp-json\/wp\/v2\/product\/7590","targetHints":{"allow":["GET"]}}],"collection":[{"href":"https:\/\/antcube.shop\/et\/wp-json\/wp\/v2\/product"}],"about":[{"href":"https:\/\/antcube.shop\/et\/wp-json\/wp\/v2\/types\/product"}],"replies":[{"embeddable":true,"href":"https:\/\/antcube.shop\/et\/wp-json\/wp\/v2\/comments?post=7590"}],"wp:featuredmedia":[{"embeddable":true,"href":"https:\/\/antcube.shop\/et\/wp-json\/wp\/v2\/media\/7580"}],"wp:attachment":[{"href":"https:\/\/antcube.shop\/et\/wp-json\/wp\/v2\/media?parent=7590"}],"wp:term":[{"taxonomy":"product_brand","embeddable":true,"href":"https:\/\/antcube.shop\/et\/wp-json\/wp\/v2\/product_brand?post=7590"},{"taxonomy":"product_cat","embeddable":true,"href":"https:\/\/antcube.shop\/et\/wp-json\/wp\/v2\/product_cat?post=7590"},{"taxonomy":"product_tag","embeddable":true,"href":"https:\/\/antcube.shop\/et\/wp-json\/wp\/v2\/product_tag?post=7590"}],"curies":[{"name":"wp","href":"https:\/\/api.w.org\/{rel}","templated":true}]}}