{"id":7589,"date":"2024-04-04T16:24:06","date_gmt":"2024-04-04T14:24:06","guid":{"rendered":"https:\/\/antcube.shop\/product\/mini-thermo-hygrometer-analog-metall-43mm\/"},"modified":"2026-04-15T09:42:42","modified_gmt":"2026-04-15T07:42:42","slug":"mini-termohugromeeter-analoog-metall-43mm","status":"publish","type":"product","link":"https:\/\/antcube.shop\/et\/toode\/mini-termohugromeeter-analoog-metall-43mm\/","title":{"rendered":"Mini termo-h\u00fcgromeetri analoog metall - 43mm"},"content":{"rendered":"<p><strong>Suurus:<\/strong> 43mm (40mm augu jaoks)<\/p>\n<p><strong>Materjal\/v\u00e4rv:<\/strong> metall, h\u00f5be<\/p>\n<p><strong>M\u00f5\u00f5tmine:<\/strong><\/p>\n<p><strong>Termomeeter:<\/strong> -20 kuni +50\u00b0C \/ -10 kuni +130\u00b0F<br \/>\n<strong>T\u00e4psus:<\/strong> +\/- 2\u00b0C , +\/- 4\u00b0F<\/p>\n<p><strong>H\u00fcgromeeter:<\/strong> 0 kuni 100%<br \/>\n<strong>T\u00e4psus:<\/strong> +\/- 5%<\/p>\n<p><strong>Kirjeldus:<\/strong><br \/>\nAnaloogne termo-\/h\u00fcgromeeter, mis sobib eriti h\u00e4sti v\u00e4ga v\u00e4ikeste formikariate jaoks.<\/p>\n<p><strong>M\u00e4rkus:<\/strong><br \/>\nTagak\u00fcljel olevad m\u00f5\u00f5teriistad peavad j\u00e4\u00e4ma vabaks, vastasel juhul v\u00f5ivad tekkida m\u00f5\u00f5tmisvead.<\/p>","protected":false},"excerpt":{"rendered":"<p>Suurus: 43mm (40mm augu jaoks) Materjal\/v\u00e4rv: metall, h\u00f5bedane M\u00f5\u00f5tmine: Temperatuur: -20 kuni +50\u00b0C \/ -10 kuni +130\u00b0F T\u00e4psus: -20 kuni +50\u00b0C \/ -10 kuni +130\u00b0F T\u00e4psus: -20 kuni +50\u00b0C \/ -10 kuni +130\u00b0F: T\u00e4psus: +\/- 2\u00b0C , +\/- 4\u00b0F H\u00fcgromeeter: 0 kuni 100% T\u00e4psus: 0 kuni 100% T\u00e4psus: +\/- 2\u00b0C , +\/- 4\u00b0F: T\u00e4psus: +\/- 5% Kirjeldus: Analoogne termo-\/h\u00fcgromeeter, mis sobib eriti h\u00e4sti v\u00e4ga v\u00e4ikeste formikariate jaoks. M\u00e4rkus: Tagak\u00fcljel olevad m\u00f5\u00f5teriistad peavad j\u00e4\u00e4ma vabaks, vastasel juhul on m\u00f5\u00f5tmine","protected":false},"featured_media":7581,"comment_status":"open","ping_status":"closed","template":"","meta":{"_acf_changed":false,"content-type":"","_monsterinsights_skip_tracking":false,"_monsterinsights_sitenote_active":false,"_monsterinsights_sitenote_note":"","_monsterinsights_sitenote_category":0},"product_brand":[],"product_cat":[359,119],"product_tag":[],"class_list":{"0":"post-7589","1":"product","2":"type-product","3":"status-publish","4":"has-post-thumbnail","6":"product_cat-light-heat-humidity","7":"product_cat-formicarium-components","9":"first","10":"instock","11":"taxable","12":"shipping-taxable","13":"purchasable","14":"product-type-simple"},"acf":[],"aioseo_notices":[],"jetpack_sharing_enabled":true,"_links":{"self":[{"href":"https:\/\/antcube.shop\/et\/wp-json\/wp\/v2\/product\/7589","targetHints":{"allow":["GET"]}}],"collection":[{"href":"https:\/\/antcube.shop\/et\/wp-json\/wp\/v2\/product"}],"about":[{"href":"https:\/\/antcube.shop\/et\/wp-json\/wp\/v2\/types\/product"}],"replies":[{"embeddable":true,"href":"https:\/\/antcube.shop\/et\/wp-json\/wp\/v2\/comments?post=7589"}],"wp:featuredmedia":[{"embeddable":true,"href":"https:\/\/antcube.shop\/et\/wp-json\/wp\/v2\/media\/7581"}],"wp:attachment":[{"href":"https:\/\/antcube.shop\/et\/wp-json\/wp\/v2\/media?parent=7589"}],"wp:term":[{"taxonomy":"product_brand","embeddable":true,"href":"https:\/\/antcube.shop\/et\/wp-json\/wp\/v2\/product_brand?post=7589"},{"taxonomy":"product_cat","embeddable":true,"href":"https:\/\/antcube.shop\/et\/wp-json\/wp\/v2\/product_cat?post=7589"},{"taxonomy":"product_tag","embeddable":true,"href":"https:\/\/antcube.shop\/et\/wp-json\/wp\/v2\/product_tag?post=7589"}],"curies":[{"name":"wp","href":"https:\/\/api.w.org\/{rel}","templated":true}]}}