{"id":7500,"date":"2024-04-04T11:27:17","date_gmt":"2024-04-04T09:27:17","guid":{"rendered":"https:\/\/antcube.shop\/product\/ant-maze-20x20-m\/"},"modified":"2026-04-16T10:36:10","modified_gmt":"2026-04-16T08:36:10","slug":"sipelgate-laburint-20x20-m","status":"publish","type":"product","link":"https:\/\/antcube.shop\/et\/toode\/sipelgate-laburint-20x20-m\/","title":{"rendered":"Sipelgate lab\u00fcrint 20\u00d720 - M"},"content":{"rendered":"<p><strong>M\u00f5\u00f5tmed:<\/strong><br \/>\n190x220x23mm; <strong>raja k\u00f5rgus<\/strong> 10mm <strong>raja laius<\/strong> 10-19mm<br \/>\n5x libisev l\u00e4bip\u00e4\u00e4su kontroller<\/p>\n<p><strong>Materjal:<\/strong> akr\u00fc\u00fclklaas<\/p>\n<p><strong>V\u00e4rv:<\/strong> kristallselge, l\u00e4bipaistev<\/p>\n<p><strong>Sisu:<\/strong><br \/>\n1x Ant Maze M koos 5x l\u00e4bil\u00fckatava kontrolleriga<\/p>\n<p><strong>\u00dchendus:<\/strong> 2x \u00fchendusmuhvid 10mm torule 14\/10mm<\/p>\n<p><strong>Kirjeldus:<\/strong> Mitmest kihilisest paneelist koosnev sipelgate lab\u00fcrindiga lameformikaarium. Sipelgate lab\u00fcrinti saab laiendada voolikute abil v\u00f5i \u00fchendada sipelgate areeniga integreeritud \u00fchendusliitmike abil. Viis sisseehitatud liugurit v\u00f5imaldavad sipelgatele avada v\u00f5i sulgeda erinevaid radu lab\u00fcrindis. Seda saab kasutada n\u00e4iteks katsetes haridusasutustes v\u00f5i kodus, et j\u00e4lgida, kuidas sipelgad leiavad oma tee ja kohanevad j\u00e4rsult muutuvate marsruutidega, n\u00e4iteks toitumisaladele.<\/p>\n<p><strong>M\u00e4rkus:<\/strong> V\u00f5ib esineda 0,5 mm suuruseid t\u00fchimikke.<\/p>\n<p><strong>M\u00e4rkus \u00fchenduspesade kohta<\/strong><br \/>\nVoolikute kinnitamisel v\u00f5i eemaldamisel v\u00f5tke arvesse j\u00e4rgmist:<br \/>\nKui toru on v\u00e4ga raske \u00fchendusmuhvile sobitada, tuleb muhvi kergelt h\u00f5\u00f5ruda tilga meie l\u00f5hkumisvastase \u00f5li v\u00f5i pulbriga. Seej\u00e4rel tuleks voolik l\u00fckata muhvile keerates v\u00f5i kruvides, ilma muhvi \u00fcles- ja allapoole liigutustega pinguldamata. Sama kehtib ka voolikute eemaldamisel p\u00f5llumajandusettev\u00f5tte \u00fchendusmuhvist. \u00c4rge t\u00f5mmake seda lihtsalt maha!<\/p>","protected":false},"excerpt":{"rendered":"<p>\u00dchendus: 10mm<\/p>","protected":false},"featured_media":7600,"comment_status":"open","ping_status":"closed","template":"","meta":{"_acf_changed":false,"content-type":"","_monsterinsights_skip_tracking":false,"_monsterinsights_sitenote_active":false,"_monsterinsights_sitenote_note":"","_monsterinsights_sitenote_category":0},"product_brand":[],"product_cat":[257,119,239,91],"product_tag":[],"class_list":{"0":"post-7500","1":"product","2":"type-product","3":"status-publish","4":"has-post-thumbnail","6":"product_cat-new-innovatve-products","7":"product_cat-formicarium-components","8":"product_cat-useful-additions","9":"product_cat-formicarium-modules","11":"first","12":"instock","13":"taxable","14":"shipping-taxable","15":"purchasable","16":"product-type-simple"},"acf":[],"aioseo_notices":[],"jetpack_sharing_enabled":true,"_links":{"self":[{"href":"https:\/\/antcube.shop\/et\/wp-json\/wp\/v2\/product\/7500","targetHints":{"allow":["GET"]}}],"collection":[{"href":"https:\/\/antcube.shop\/et\/wp-json\/wp\/v2\/product"}],"about":[{"href":"https:\/\/antcube.shop\/et\/wp-json\/wp\/v2\/types\/product"}],"replies":[{"embeddable":true,"href":"https:\/\/antcube.shop\/et\/wp-json\/wp\/v2\/comments?post=7500"}],"wp:featuredmedia":[{"embeddable":true,"href":"https:\/\/antcube.shop\/et\/wp-json\/wp\/v2\/media\/7600"}],"wp:attachment":[{"href":"https:\/\/antcube.shop\/et\/wp-json\/wp\/v2\/media?parent=7500"}],"wp:term":[{"taxonomy":"product_brand","embeddable":true,"href":"https:\/\/antcube.shop\/et\/wp-json\/wp\/v2\/product_brand?post=7500"},{"taxonomy":"product_cat","embeddable":true,"href":"https:\/\/antcube.shop\/et\/wp-json\/wp\/v2\/product_cat?post=7500"},{"taxonomy":"product_tag","embeddable":true,"href":"https:\/\/antcube.shop\/et\/wp-json\/wp\/v2\/product_tag?post=7500"}],"curies":[{"name":"wp","href":"https:\/\/api.w.org\/{rel}","templated":true}]}}