{"id":6739,"date":"2023-12-12T15:09:04","date_gmt":"2023-12-12T14:09:04","guid":{"rendered":"https:\/\/antcube.shop\/product\/ameisenarena-abdeckung-60x30\/"},"modified":"2026-04-13T10:48:44","modified_gmt":"2026-04-13T08:48:44","slug":"sipelgate-areen-mis-katab-60x30","status":"publish","type":"product","link":"https:\/\/antcube.shop\/et\/toode\/sipelgate-areen-mis-katab-60x30\/","title":{"rendered":"Sipelgate areen, mis katab 60\u00d730"},"content":{"rendered":"<p><strong>M\u00f5\u00f5tmed (LxSxK):<\/strong> 60x30x0,4 cm<\/p>\n<p><strong>Materjal:<\/strong> Float-klaas<\/p>\n<p><strong>V\u00e4rv:<\/strong> selge \/ l\u00e4bipaistev<\/p>\n<p><strong>Sisu:<\/strong><br \/>\n1x Ant arena kate<br \/>\n1x fikseerimispunktid 4 tk.<\/p>\n<p><strong>Kirjeldus:<\/strong><br \/>\nKlaaskate sipelgate areenile p\u00f5genemiskaitseks<\/p>\n<p><strong>Kuidas kasutada:<\/strong><br \/>\nKlaasist valmistatud sipelgate katte v\u00f5ib asetada sipelgate areenile p\u00f5genemiskaitseks ja kliima reguleerimiseks.<br \/>\n50 mm avadesse saab sisestada erinevaid kliimaseadmete mooduleid, nt ventilatsiooniv\u00f5rgud, valgustus v\u00f5i niisutus.<br \/>\nEt v\u00e4ltida sipelgate v\u00e4ljap\u00e4\u00e4su avade kaudu, tuleks avade \u00fcmbruses olevale alumisele k\u00fcljele kanda v\u00e4lja murdumiskaitsevahendit (\u00f5li, pulber v\u00f5i lakk).<\/p>\n<p><strong>M\u00e4rkus:<\/strong><br \/>\nKuna toode on valmistatud klaasist ja on seet\u00f5ttu habras, tuleb seda k\u00e4sitseda v\u00e4ga ettevaatlikult.<\/p>","protected":false},"excerpt":{"rendered":"<p>Klaaskate\/kate sipelgate areeni jaoks p\u00f5genemiskaitseks<\/p>","protected":false},"featured_media":6730,"comment_status":"open","ping_status":"closed","template":"","meta":{"_acf_changed":false,"content-type":"","_monsterinsights_skip_tracking":false,"_monsterinsights_sitenote_active":false,"_monsterinsights_sitenote_note":"","_monsterinsights_sitenote_category":0},"product_brand":[],"product_cat":[91,92],"product_tag":[],"class_list":{"0":"post-6739","1":"product","2":"type-product","3":"status-publish","4":"has-post-thumbnail","6":"product_cat-formicarium-modules","7":"product_cat-arena-cover","9":"first","10":"instock","11":"taxable","12":"shipping-taxable","13":"purchasable","14":"product-type-simple"},"acf":[],"aioseo_notices":[],"jetpack_sharing_enabled":true,"_links":{"self":[{"href":"https:\/\/antcube.shop\/et\/wp-json\/wp\/v2\/product\/6739","targetHints":{"allow":["GET"]}}],"collection":[{"href":"https:\/\/antcube.shop\/et\/wp-json\/wp\/v2\/product"}],"about":[{"href":"https:\/\/antcube.shop\/et\/wp-json\/wp\/v2\/types\/product"}],"replies":[{"embeddable":true,"href":"https:\/\/antcube.shop\/et\/wp-json\/wp\/v2\/comments?post=6739"}],"wp:featuredmedia":[{"embeddable":true,"href":"https:\/\/antcube.shop\/et\/wp-json\/wp\/v2\/media\/6730"}],"wp:attachment":[{"href":"https:\/\/antcube.shop\/et\/wp-json\/wp\/v2\/media?parent=6739"}],"wp:term":[{"taxonomy":"product_brand","embeddable":true,"href":"https:\/\/antcube.shop\/et\/wp-json\/wp\/v2\/product_brand?post=6739"},{"taxonomy":"product_cat","embeddable":true,"href":"https:\/\/antcube.shop\/et\/wp-json\/wp\/v2\/product_cat?post=6739"},{"taxonomy":"product_tag","embeddable":true,"href":"https:\/\/antcube.shop\/et\/wp-json\/wp\/v2\/product_tag?post=6739"}],"curies":[{"name":"wp","href":"https:\/\/api.w.org\/{rel}","templated":true}]}}