{"id":6737,"date":"2023-12-12T15:03:25","date_gmt":"2023-12-12T14:03:25","guid":{"rendered":"https:\/\/antcube.shop\/product\/antcube-starter-set-fur-weberameisen-gros\/"},"modified":"2026-04-15T13:37:57","modified_gmt":"2026-04-15T11:37:57","slug":"stardikomplekt-kuduja-sipelgate-jaoks-suur","status":"publish","type":"product","link":"https:\/\/antcube.shop\/et\/toode\/stardikomplekt-kuduja-sipelgate-jaoks-suur\/","title":{"rendered":"ANTCUBE - Stardikomplekt kootud sipelgate jaoks - suur"},"content":{"rendered":"<p><span data-text-color=\"alert\"><strong>Kohaletoimetamine v\u00f5imalik ainult paletile saatmise kaudu.<\/strong><\/span><\/p>\n<p><strong>Sisu:<\/strong><br \/>\n1x ANTCUBE Arena 30x30x60 koos l\u00fckanduksega<br \/>\n1x sipelgate areeni raam 30\u00d730<br \/>\n1x sipelgaplatsi kate 30\u00d730<br \/>\n1x kinnituspunkt areeni katte jaoks (4 tk)<\/p>\n<p>1x l\u00fckandukseraam<br \/>\n1x pihustuspudel 0,5 liitrine pihusti - messingist otsikuga<br \/>\n1x Fotode tagasein - vihmamets - 30\u00d760 - k\u00f5rge<br \/>\n1x formikaariumi alus 30\u00d730 cm<br \/>\n1x substraat rainforest 1 kg<\/p>\n<p>7x Grid insert acrylic &#8211; 50 mm with sealing ring<br \/>\n1x drinking clear 5ml &#8211; sponge<br \/>\n1x Feeding dish white rectangle &#8211; 3 compartments<br \/>\n1x Drinking trough 2ml &#8211; 360 Degrees<br \/>\n1x vedrusterasest pintsetid laiad - pehmed<br \/>\n1x plastist pintsetid standard<br \/>\n1x Sipelgap\u00f5letiku kaitse\u00f5li<br \/>\n1x k\u00e4sil\u00e4\u00e4tse - 2x - 30mm<br \/>\n1x vahtplasti klaasipuhasti 150x18x2,5mm<\/p>\n<p><strong>Can be ordered with shipping by forwarding agent on pallet in our second store ANTCUBE:<\/strong><\/p>\n<blockquote class=\"wp-embedded-content\" data-secret=\"ej6pTCxvgs\"><p><a href=\"https:\/\/antcube.shop\/product\/starter-set-for-weaver-ants-large\/\">ANTCUBE - Stardikomplekt kootud sipelgate jaoks - suur<\/a><\/p><\/blockquote>\n<p><iframe loading=\"lazy\" class=\"wp-embedded-content\" sandbox=\"allow-scripts\" security=\"restricted\" style=\"position: absolute; visibility: hidden;\" title=\"&#8222;ANTCUBE &#8211; Starter set for weaver ants &#8211; large&#8220; &#8211; ANTCUBE\" src=\"https:\/\/antcube.shop\/product\/starter-set-for-weaver-ants-large\/embed\/#?secret=8EE7Sy4tG2#?secret=ej6pTCxvgs\" data-secret=\"ej6pTCxvgs\" width=\"600\" height=\"338\" frameborder=\"0\" marginwidth=\"0\" marginheight=\"0\" scrolling=\"no\"><\/iframe><\/p>\n<p><strong>Kirjeldus:<\/strong><br \/>\nSee laiendatav stardikomplekt, mis on m\u00f5eldud spetsiaalselt erinevate sipelgaliikide, nagu Polyrhachis spec. v\u00f5i Oecophylla spec. jaoks, sisaldab lisaks optimaalselt kohandatud formikaariumile ka sobivaid tarvikuid selle sipelgaliigi pidamiseks.<\/p>\n<p>The sliding door in the front (opening 150x200mm) facilitates the work in the formicarium, even with large colonies or planting of the formicarium with a host plant for example Oecophylla smaragdina. Additional formicariums can be connected via the two 50mm holes on the side. The stainless steel grid inserts provide good ventilation and are robust against mechanical impact. If necessary, the humidity can be increased with the spray bottle. The drinker clear 5ml &#8211; sponge is intended for the supply of fresh water, the drinker 2ml &#8211; 360 degrees for honey or sugar solution.<\/p>\n<p><strong>Oluline: <\/strong>Palun niisutage substraat enne kasutamist, et segu saaks kokku sulanduda ja sipelgapesas tugevalt kinni pidada. Lisaks v\u00f5ib liiga kuiv ja tolmune substraat p\u00f5hjustada sipelgate hingamisteede ummistumist ja halvimal juhul loomad l\u00e4mbuvad.<\/p>\n<p><strong>Oluline m\u00e4rkus l\u00fckanduste raami kohta:<\/strong><br \/>\nRaami saab h\u00f5lpsasti kinnitada liugukse r\u00f6\u00f6baste k\u00fclge kinnitatud kruvide k\u00fclge. Selleks tuleb ettevaatlikult l\u00f5dvendada <strong>ainult<\/strong> p\u00e4hklid sees. Vajalik on v\u00e4ike ristkruvikeeraja (ristpeakruvikeeraja). Pange raam kokku ja riputage sees kruvide k\u00fclge. Seej\u00e4rel kinnitage ettevaatlikult uuesti mutrid ja <strong>under no circumstances turn too tightly<\/strong>, otherwise the glass may be damaged.<\/p>\n<p><u><strong>M\u00e4rkused tootmise kohta<\/strong><\/u><br \/>\nKlaas on l\u00f5igatud vastavalt DIN 1249 standardile, tolerantsiga +\/- 1 mm. V\u00e4ga v\u00e4ikeste sipelgaliikide puhul on vajalik t\u00e4iendav l\u00e4bil\u00f6\u00f6gikaitse.<\/p>","protected":false},"excerpt":{"rendered":"<p>The set consists of 22 parts.<br \/>\nSuurus: <span style=\"color: #ed1c24;\"><strong>XL<\/strong><\/span><\/p>","protected":false},"featured_media":6710,"comment_status":"open","ping_status":"closed","template":"","meta":{"_acf_changed":false,"content-type":"","_monsterinsights_skip_tracking":false,"_monsterinsights_sitenote_active":false,"_monsterinsights_sitenote_note":"","_monsterinsights_sitenote_category":0},"product_brand":[],"product_cat":[354,73],"product_tag":[],"class_list":{"0":"post-6737","1":"product","2":"type-product","3":"status-publish","4":"has-post-thumbnail","6":"product_cat-starter-sets-for-weaver-ants","7":"product_cat-starter-sets","8":"product_shipping_class-forwarding-on-pallet","10":"first","11":"instock","12":"taxable","13":"shipping-taxable","14":"purchasable","15":"product-type-simple"},"acf":[],"aioseo_notices":[],"jetpack_sharing_enabled":true,"_links":{"self":[{"href":"https:\/\/antcube.shop\/et\/wp-json\/wp\/v2\/product\/6737","targetHints":{"allow":["GET"]}}],"collection":[{"href":"https:\/\/antcube.shop\/et\/wp-json\/wp\/v2\/product"}],"about":[{"href":"https:\/\/antcube.shop\/et\/wp-json\/wp\/v2\/types\/product"}],"replies":[{"embeddable":true,"href":"https:\/\/antcube.shop\/et\/wp-json\/wp\/v2\/comments?post=6737"}],"wp:featuredmedia":[{"embeddable":true,"href":"https:\/\/antcube.shop\/et\/wp-json\/wp\/v2\/media\/6710"}],"wp:attachment":[{"href":"https:\/\/antcube.shop\/et\/wp-json\/wp\/v2\/media?parent=6737"}],"wp:term":[{"taxonomy":"product_brand","embeddable":true,"href":"https:\/\/antcube.shop\/et\/wp-json\/wp\/v2\/product_brand?post=6737"},{"taxonomy":"product_cat","embeddable":true,"href":"https:\/\/antcube.shop\/et\/wp-json\/wp\/v2\/product_cat?post=6737"},{"taxonomy":"product_tag","embeddable":true,"href":"https:\/\/antcube.shop\/et\/wp-json\/wp\/v2\/product_tag?post=6737"}],"curies":[{"name":"wp","href":"https:\/\/api.w.org\/{rel}","templated":true}]}}