{"id":6736,"date":"2023-12-12T15:03:19","date_gmt":"2023-12-12T14:03:19","guid":{"rendered":"https:\/\/antcube.shop\/product\/antcube-arena-30x30x60-mit-schiebetur\/"},"modified":"2026-03-17T08:11:00","modified_gmt":"2026-03-17T07:11:00","slug":"antcube-arena-30x30x60-lukanduksega","status":"publish","type":"product","link":"https:\/\/antcube.shop\/et\/toode\/antcube-arena-30x30x60-lukanduksega\/","title":{"rendered":"ANTCUBE Arena 30x30x60 koos l\u00fckanduksega"},"content":{"rendered":"<p><span data-text-color=\"alert\"><strong>Kohaletoimetamine v\u00f5imalik ainult paletile saatmise kaudu.<\/strong><\/span><\/p>\n<p>ANTCUBE Arena 30x30x60 cm l\u00fckanduksega ja 2x 50mm auguga.<\/p>\n<p><strong>M\u00f5\u00f5tmed:<\/strong> 300 x 300 x 600 mm; 4 mm paksune klaas.<br \/>\n<strong>Materjal:<\/strong> valuklaas<br \/>\n<strong>\u00dchendus:<\/strong> 2x auk 50 mm<\/p>\n<p><strong>Eesmine avaus (l\u00fckanduks):<\/strong> 150\u00d7200 mm<\/p>\n<p><strong>Kirjeldus:<\/strong> Meie ANTCUBE Arena 30x30x60 koos l\u00fckanduksega on loodud selleks, et t\u00f6\u00f6tada mugavalt isegi t\u00e4is vormitooriumides. Need on eriti kasulikud formikaariumina kudumism\u00fcrkidele (Polyrhachis ja Oeacophylla), kuna neile meeldib k\u00f5rgele ehitada v\u00f5i vajavad peremeestaimi. Meie tavalistes 30x30x60 suurustes areenides v\u00f5ib olla raske eemaldada n\u00e4iteks formikaariumi p\u00f5hja j\u00e4\u00e4vaid loomaj\u00e4\u00e4tmeid. Selles spetsiaalselt kohandatud basseinis ei ole see enam probleemiks. Ka lehep\u00f5llumeeste Acromyrmex v\u00f5i Atta sipelgate toitumisbasseinide puhul on l\u00fckanduks v\u00e4ga praktiline, sest taimede j\u00e4\u00e4gid ja muud j\u00e4\u00e4tmed saab mugavalt \u00e4ra visata. Lisaks saab kasutada eraldi saadaolevat l\u00fckandukseraami (art. nr. 1005648), et v\u00e4ltida loomade p\u00f5genemist t\u00f6\u00f6 ajal. Tavalise \u00fclemise ava jaoks on eraldi saadaval ka l\u00e4bimurde kaitseraam 30\u00d730 ja areenikate 30\u00d730.<\/p>\n<p><strong>M\u00e4rkus:<\/strong> Klaas on l\u00f5igatud vastavalt DIN 1249 standardile, tolerantsiga +\/- 1 mm. \u00c4\u00e4rmiselt v\u00e4ikeste sipelgaliikide puhul on oluline t\u00e4iendav l\u00e4bil\u00f6\u00f6gikaitse.<\/p>","protected":false},"excerpt":{"rendered":"<p><strong>\u00dchendus:<\/strong> 2x auk 50 mm<\/p>","protected":false},"featured_media":6727,"comment_status":"open","ping_status":"closed","template":"","meta":{"_acf_changed":false,"content-type":"","_monsterinsights_skip_tracking":false,"_monsterinsights_sitenote_active":false,"_monsterinsights_sitenote_note":"","_monsterinsights_sitenote_category":0},"product_brand":[],"product_cat":[85,86],"product_tag":[],"class_list":{"0":"post-6736","1":"product","2":"type-product","3":"status-publish","4":"has-post-thumbnail","6":"product_cat-ant-arenas","7":"product_cat-formicariums","8":"product_shipping_class-forwarding-on-pallet","10":"first","11":"instock","12":"taxable","13":"shipping-taxable","14":"purchasable","15":"product-type-simple"},"acf":[],"aioseo_notices":[],"jetpack_sharing_enabled":true,"_links":{"self":[{"href":"https:\/\/antcube.shop\/et\/wp-json\/wp\/v2\/product\/6736","targetHints":{"allow":["GET"]}}],"collection":[{"href":"https:\/\/antcube.shop\/et\/wp-json\/wp\/v2\/product"}],"about":[{"href":"https:\/\/antcube.shop\/et\/wp-json\/wp\/v2\/types\/product"}],"replies":[{"embeddable":true,"href":"https:\/\/antcube.shop\/et\/wp-json\/wp\/v2\/comments?post=6736"}],"wp:featuredmedia":[{"embeddable":true,"href":"https:\/\/antcube.shop\/et\/wp-json\/wp\/v2\/media\/6727"}],"wp:attachment":[{"href":"https:\/\/antcube.shop\/et\/wp-json\/wp\/v2\/media?parent=6736"}],"wp:term":[{"taxonomy":"product_brand","embeddable":true,"href":"https:\/\/antcube.shop\/et\/wp-json\/wp\/v2\/product_brand?post=6736"},{"taxonomy":"product_cat","embeddable":true,"href":"https:\/\/antcube.shop\/et\/wp-json\/wp\/v2\/product_cat?post=6736"},{"taxonomy":"product_tag","embeddable":true,"href":"https:\/\/antcube.shop\/et\/wp-json\/wp\/v2\/product_tag?post=6736"}],"curies":[{"name":"wp","href":"https:\/\/api.w.org\/{rel}","templated":true}]}}