{"id":6668,"date":"2023-12-05T14:03:20","date_gmt":"2023-12-05T13:03:20","guid":{"rendered":"https:\/\/antcube.shop\/product\/arena-hochstand-20x20cm\/"},"modified":"2026-04-10T14:36:17","modified_gmt":"2026-04-10T12:36:17","slug":"areeni-korge-stend-20x20cm","status":"publish","type":"product","link":"https:\/\/antcube.shop\/et\/toode\/areeni-korge-stend-20x20cm\/","title":{"rendered":"Arena k\u00f5rge stend 20x20cm"},"content":{"rendered":"<div class=\"tab-body active\">\n<p><strong>M\u00f5\u00f5tmed:<\/strong> 20x20x10<\/p>\n<p><strong>Materjal: <\/strong>PMMA<\/p>\n<p><strong>V\u00e4rv: <\/strong>kristallselge, l\u00e4bipaistev, l\u00e4bipaistev<\/p>\n<p><strong>Sisu:<\/strong><br \/>\n4x k\u00f5rge aluse alus<br \/>\n2x logo ees ja taga<br \/>\n2x k\u00fclgosa ilma logota<\/p>\n<p><strong>M\u00e4rkus:<\/strong> Osad tarnitakse komplektina v\u00f5i pistikus\u00fcsteemina. Liimimine ei ole vajalik.<\/p>\n<p><span data-text-color=\"alert\"><strong>T\u00c4HELEPANU:<\/strong><\/span> Palun \u00fchendage osad hoolikalt, kuna m\u00f5ned \u00fchendused on tundlikud.<\/p>\n<p><strong>Kirjeldus:<\/strong> Sipelgasarena k\u00f5rge statiiv t\u00f6\u00f6tati v\u00e4lja selleks, et ANTCUBE'i sipelgasareneid saaks paigutada sipelgasfarmide \u00fchendusk\u00f5rgusele vastavale k\u00f5rgusele. See v\u00f5imaldab kasutada formikaariumi palju ruumis\u00e4\u00e4stlikumalt, kasutades sipelgafarmi ja sipelgate areeni \u00fchendusena l\u00fchemat torut\u00fckki. Samuti v\u00f5imaldab see kasutada meie kristallselgeid akr\u00fc\u00fclmee sipelgatorusid \u00fchendusena, ilma et peaks t\u00f6\u00f6tama k\u00fc\u00fcnarnukkidega.<\/p>\n<p><strong>Taotlus:<\/strong> sipelgate areenil koos <strong>p\u00f5randapind 20x20cm<\/strong><\/p>\n<\/div>","protected":false},"excerpt":{"rendered":"<p>Sipelgate areenile, mille p\u00f5randapindala on 20x20cm<\/p>","protected":false},"featured_media":6586,"comment_status":"open","ping_status":"closed","template":"","meta":{"_acf_changed":false,"content-type":"","_monsterinsights_skip_tracking":false,"_monsterinsights_sitenote_active":false,"_monsterinsights_sitenote_note":"","_monsterinsights_sitenote_category":0},"product_brand":[],"product_cat":[119,239],"product_tag":[],"class_list":{"0":"post-6668","1":"product","2":"type-product","3":"status-publish","4":"has-post-thumbnail","6":"product_cat-formicarium-components","7":"product_cat-useful-additions","9":"first","10":"instock","11":"taxable","12":"shipping-taxable","13":"purchasable","14":"product-type-simple"},"acf":[],"aioseo_notices":[],"jetpack_sharing_enabled":true,"_links":{"self":[{"href":"https:\/\/antcube.shop\/et\/wp-json\/wp\/v2\/product\/6668","targetHints":{"allow":["GET"]}}],"collection":[{"href":"https:\/\/antcube.shop\/et\/wp-json\/wp\/v2\/product"}],"about":[{"href":"https:\/\/antcube.shop\/et\/wp-json\/wp\/v2\/types\/product"}],"replies":[{"embeddable":true,"href":"https:\/\/antcube.shop\/et\/wp-json\/wp\/v2\/comments?post=6668"}],"wp:featuredmedia":[{"embeddable":true,"href":"https:\/\/antcube.shop\/et\/wp-json\/wp\/v2\/media\/6586"}],"wp:attachment":[{"href":"https:\/\/antcube.shop\/et\/wp-json\/wp\/v2\/media?parent=6668"}],"wp:term":[{"taxonomy":"product_brand","embeddable":true,"href":"https:\/\/antcube.shop\/et\/wp-json\/wp\/v2\/product_brand?post=6668"},{"taxonomy":"product_cat","embeddable":true,"href":"https:\/\/antcube.shop\/et\/wp-json\/wp\/v2\/product_cat?post=6668"},{"taxonomy":"product_tag","embeddable":true,"href":"https:\/\/antcube.shop\/et\/wp-json\/wp\/v2\/product_tag?post=6668"}],"curies":[{"name":"wp","href":"https:\/\/api.w.org\/{rel}","templated":true}]}}