{"id":6631,"date":"2023-12-04T15:12:05","date_gmt":"2023-12-04T14:12:05","guid":{"rendered":"https:\/\/antcube.shop\/product\/klebeklammern-transparent-2-stk\/"},"modified":"2026-04-11T18:28:14","modified_gmt":"2026-04-11T16:28:14","slug":"kleepsud-labipaistvad-2-tk-2","status":"publish","type":"product","link":"https:\/\/antcube.shop\/et\/toode\/kleepsud-labipaistvad-2-tk-2\/","title":{"rendered":"Liimiklambrid - l\u00e4bipaistvad 2 tk."},"content":{"rendered":"<p><strong>M\u00f5\u00f5tmed:<\/strong> 24 x 13 mm<br \/>\n<strong>Materjal:<\/strong> Akr\u00fc\u00fcl<br \/>\n<strong>Kogus:<\/strong> 2 t\u00fckki<\/p>\n<p><strong>Kirjeldus:<\/strong> L\u00e4bipaistvad plastklambrid kleepuva pinnaga. Sobib suurep\u00e4raselt meie punaste fooliumide ja soojendusmattide kinnitamiseks meie sipelgapesade esi- v\u00f5i tagak\u00fcljele. Soojendusmatte ei pea seega kindlalt sipelgafarmi tagak\u00fcljele kleepima ja neid saab vajadusel kinnitada. L\u00e4bipaistva materjali t\u00f5ttu ei h\u00e4iri optikat.<\/p>\n<p><strong>V\u00e4rv:<\/strong> l\u00e4bipaistev<\/p>","protected":false},"excerpt":{"rendered":"<p>M\u00f5\u00f5tmed: Materjal: 24 x 13 mm: Materjal: Akr\u00fc\u00fcl Kogus: 2 tk Kirjeldus: L\u00e4bipaistvad plastklambrid kleepuva pinnaga. Sobivad suurep\u00e4raselt meie punaste fooliumide ja soojendusmattide kinnitamiseks meie sipelgapesade esi- v\u00f5i tagak\u00fcljele. Soojendusmatte ei pea seega kindlalt sipelgafarmi tagak\u00fcljele kleepima ja neid saab","protected":false},"featured_media":6628,"comment_status":"open","ping_status":"closed","template":"","meta":{"_acf_changed":false,"content-type":"","_monsterinsights_skip_tracking":false,"_monsterinsights_sitenote_active":false,"_monsterinsights_sitenote_note":"","_monsterinsights_sitenote_category":0},"product_brand":[],"product_cat":[359,119,239],"product_tag":[],"class_list":{"0":"post-6631","1":"product","2":"type-product","3":"status-publish","4":"has-post-thumbnail","6":"product_cat-light-heat-humidity","7":"product_cat-formicarium-components","8":"product_cat-useful-additions","10":"first","11":"instock","12":"taxable","13":"shipping-taxable","14":"purchasable","15":"product-type-simple"},"acf":[],"aioseo_notices":[],"jetpack_sharing_enabled":true,"_links":{"self":[{"href":"https:\/\/antcube.shop\/et\/wp-json\/wp\/v2\/product\/6631","targetHints":{"allow":["GET"]}}],"collection":[{"href":"https:\/\/antcube.shop\/et\/wp-json\/wp\/v2\/product"}],"about":[{"href":"https:\/\/antcube.shop\/et\/wp-json\/wp\/v2\/types\/product"}],"replies":[{"embeddable":true,"href":"https:\/\/antcube.shop\/et\/wp-json\/wp\/v2\/comments?post=6631"}],"wp:featuredmedia":[{"embeddable":true,"href":"https:\/\/antcube.shop\/et\/wp-json\/wp\/v2\/media\/6628"}],"wp:attachment":[{"href":"https:\/\/antcube.shop\/et\/wp-json\/wp\/v2\/media?parent=6631"}],"wp:term":[{"taxonomy":"product_brand","embeddable":true,"href":"https:\/\/antcube.shop\/et\/wp-json\/wp\/v2\/product_brand?post=6631"},{"taxonomy":"product_cat","embeddable":true,"href":"https:\/\/antcube.shop\/et\/wp-json\/wp\/v2\/product_cat?post=6631"},{"taxonomy":"product_tag","embeddable":true,"href":"https:\/\/antcube.shop\/et\/wp-json\/wp\/v2\/product_tag?post=6631"}],"curies":[{"name":"wp","href":"https:\/\/api.w.org\/{rel}","templated":true}]}}