{"id":6581,"date":"2023-12-04T13:54:37","date_gmt":"2023-12-04T12:54:37","guid":{"rendered":"https:\/\/antcube.shop\/product\/humidity-control-ii-timer\/"},"modified":"2026-04-02T12:12:11","modified_gmt":"2026-04-02T10:12:11","slug":"niiskuskontroll-ii-taimeri","status":"publish","type":"product","link":"https:\/\/antcube.shop\/et\/toode\/niiskuskontroll-ii-taimeri\/","title":{"rendered":"Niiskuse kontroll II + taimeri"},"content":{"rendered":"<p><strong>Kirjeldus:<\/strong> Humidity Control 2 on digitaalne h\u00fcgrostaat, mis ei j\u00e4ta soovida midagi enneolematu hinnaga.<br \/>\nSellel on kaks vooluahelat, mis v\u00f5imaldavad erinevaid seadistusi p\u00e4eval ja \u00f6\u00f6sel. Seadmesse on integreeritud reaalajas t\u00f6\u00f6tav kell, nii et \u00fcmberl\u00fclitumine p\u00e4eva ja \u00f6\u00f6 vahel toimub paindlikult kellaaja kaudu. Integreeritud on ka taimeri, mis v\u00f5imaldab kella kaudu seadistada kaks sisse- ja v\u00e4ljal\u00fclitamise aega. V\u00e4ikseim ajavahemik on \u00fcks minut.<br \/>\nMuude funktsioonide hulka kuuluvad h\u00e4irefunktsioon (visuaalne ja helisignaal), v\u00f5imalus l\u00fclituda \u00f5huniisutaja re\u017eiimilt kuivatusre\u017eiimile, nt ventilaatoritega kasutamiseks, ja v\u00f5imalus m\u00f5jutada h\u00fcgrostaatide l\u00fclitusre\u017eiimi. Saate m\u00e4\u00e4rata h\u00fcgrostaatide \u00fcmberl\u00fclitamise h\u00e4lbe. N\u00e4iteks saate siin valida v\u00e4\u00e4rtuseks 15, st niisutaja l\u00fclitub sisse ainult siis, kui m\u00f5\u00f5detud \u00f5huniiskus on 15% alla seadepunkti. See v\u00f5ib olla kasulik, et v\u00e4ltida niisutaja pidevat sisse- ja v\u00e4ljal\u00fclitamist, sest ka niiskus k\u00f5igub looduses.<br \/>\nSeadmed \u00fchendatakse Schuko-konnektorite abil. Maksimaalne l\u00fclitusv\u00f5imsus on 1000W. N\u00e4idik n\u00e4itab pidevalt m\u00f5\u00f5detud niiskust. Vahemik on 1 kuni 99%.<\/p>\n<p>- Kaks ahelat erinevate niiskuse seadete jaoks p\u00e4eval ja \u00f6\u00f6sel<br \/>\n- Reaalajas kella, kellaaeg on m\u00e4\u00e4ratletud aja j\u00e4rgi<br \/>\n- Integreeritud taimer<br \/>\n- P\u00fcsiv niiskusn\u00e4idik<br \/>\n- Seadet saab l\u00fclitada niisutava ja kuivatava seadme vahel.<br \/>\n- H\u00e4irefunktsioon k\u00f5rvalekalde korral (reguleeritav vahemikus 1% kuni 50% suhteline \u00f5huniiskus)<br \/>\n- T\u00e4pne kaugandur<br \/>\n- Maandatud pistikupesad<br \/>\n- L\u00fclitusv\u00f5imsus max. 1000<\/p>","protected":false},"excerpt":{"rendered":"<p>Kirjeldus: Humidity Control 2 on digitaalne h\u00fcgrostaat, mis ei j\u00e4ta soovida midagi enneolematu hinnaga. Sellel on kaks ahelat, mis v\u00f5imaldavad erinevaid seadistusi p\u00e4eval ja \u00f6\u00f6sel. Seadmesse on integreeritud reaalajas t\u00f6\u00f6tav kell, nii et vahetamine p\u00e4eva ja \u00f6\u00f6 vahel toimub paindlikult kellaaja kaudu. Taimer on","protected":false},"featured_media":6602,"comment_status":"open","ping_status":"closed","template":"","meta":{"_acf_changed":false,"content-type":"","_monsterinsights_skip_tracking":false,"_monsterinsights_sitenote_active":false,"_monsterinsights_sitenote_note":"","_monsterinsights_sitenote_category":0},"product_brand":[],"product_cat":[359,119],"product_tag":[],"class_list":{"0":"post-6581","1":"product","2":"type-product","3":"status-publish","4":"has-post-thumbnail","6":"product_cat-light-heat-humidity","7":"product_cat-formicarium-components","9":"first","10":"instock","11":"taxable","12":"shipping-taxable","13":"purchasable","14":"product-type-simple"},"acf":[],"aioseo_notices":[],"jetpack_sharing_enabled":true,"_links":{"self":[{"href":"https:\/\/antcube.shop\/et\/wp-json\/wp\/v2\/product\/6581","targetHints":{"allow":["GET"]}}],"collection":[{"href":"https:\/\/antcube.shop\/et\/wp-json\/wp\/v2\/product"}],"about":[{"href":"https:\/\/antcube.shop\/et\/wp-json\/wp\/v2\/types\/product"}],"replies":[{"embeddable":true,"href":"https:\/\/antcube.shop\/et\/wp-json\/wp\/v2\/comments?post=6581"}],"wp:featuredmedia":[{"embeddable":true,"href":"https:\/\/antcube.shop\/et\/wp-json\/wp\/v2\/media\/6602"}],"wp:attachment":[{"href":"https:\/\/antcube.shop\/et\/wp-json\/wp\/v2\/media?parent=6581"}],"wp:term":[{"taxonomy":"product_brand","embeddable":true,"href":"https:\/\/antcube.shop\/et\/wp-json\/wp\/v2\/product_brand?post=6581"},{"taxonomy":"product_cat","embeddable":true,"href":"https:\/\/antcube.shop\/et\/wp-json\/wp\/v2\/product_cat?post=6581"},{"taxonomy":"product_tag","embeddable":true,"href":"https:\/\/antcube.shop\/et\/wp-json\/wp\/v2\/product_tag?post=6581"}],"curies":[{"name":"wp","href":"https:\/\/api.w.org\/{rel}","templated":true}]}}