{"id":6580,"date":"2023-12-04T13:54:31","date_gmt":"2023-12-04T12:54:31","guid":{"rendered":"https:\/\/antcube.shop\/product\/thermo-control-pro-ii\/"},"modified":"2026-02-14T18:04:10","modified_gmt":"2026-02-14T17:04:10","slug":"thermo-control-pro-ii","status":"publish","type":"product","link":"https:\/\/antcube.shop\/et\/toode\/thermo-control-pro-ii\/","title":{"rendered":"Thermo Control Pro II"},"content":{"rendered":"<p><strong>Kirjeldus:<\/strong> Thermo Control PRO II on Thermo Control II edasiarendus. Peamised erinevused on reaalajas t\u00f6\u00f6tav kell ja kaks temperatuuriringi, nii et p\u00e4eval ja \u00f6\u00f6sel saab seadistada erinevaid temperatuure. \u00dcleminek p\u00e4evase ja \u00f6ise t\u00f6\u00f6 vahel toimub ajaliselt kontrollitult.<br \/>\nErinevalt Thermo Control II mudelist saab selle mudeli taimeri aega seadistada minutites. On kaks v\u00f5imalikku sisse\/v\u00e4lja l\u00fclitamise aega.<br \/>\nLisaks saab seadet l\u00fclitada k\u00fctte- ja jahutusre\u017eiimi vahel, nt ventilaatorite k\u00e4itamiseks. Kui seatud temperatuur on saavutatud, l\u00fclitub termostaat sisse, mitte v\u00e4lja.<br \/>\nMaksimaalne l\u00fclitusv\u00f5imsus on 1000W. Temperatuurivahemik 0-50\u00b0C.<\/p>\n<p>- Kaks l\u00fclitusahelat erinevate p\u00e4evaste ja \u00f6iste seadete jaoks<br \/>\n- Reaalajas kella, kellaaeg on m\u00e4\u00e4ratletud aja j\u00e4rgi<br \/>\n- Integreeritud taimer<br \/>\n- P\u00fcsiv temperatuuri n\u00e4idik<br \/>\n- L\u00fclitatav k\u00fctte- ja jahutusre\u017eiimi vahel<br \/>\n- H\u00e4irefunktsioon k\u00f5rvalekalde korral (reguleeritav vahemikus 1\u00b0C kuni 15\u00b0C)<br \/>\n- 2m pikkune kaugandur, sobib ka akvaariumide jaoks<br \/>\n- Maandatud pistikupesad<br \/>\n- L\u00fclitusv\u00f5imsus max. 1000 vatti<\/p>\n<p>- Soovitatav kasutada koos soojendusmattide, soojenduskaablite, k\u00fcttekivide ja keraamiliste kiirgussoojendajatega, et v\u00e4ltida \u00fclekuumenemist terraariumis.<\/p>\n<p><strong>Veebilink:<\/strong> http:\/\/www.antstore.net\/viewtopic.php?f=18&amp;p=108893<\/p>","protected":false},"excerpt":{"rendered":"<p>Kirjeldus: Thermo Control PRO II on Thermo Control II edasiarendus. Peamised erinevused on reaalajas t\u00f6\u00f6tav kell ja kaks temperatuuriringi, nii et p\u00e4eval ja \u00f6\u00f6sel saab seadistada erinevaid temperatuure. \u00dcleminek p\u00e4evase ja \u00f6ise t\u00f6\u00f6 vahel toimub ajaliselt kontrollitult. Erinevalt Thermo Control II-st saab kellaaega seadistada j\u00e4rgmiselt","protected":false},"featured_media":6600,"comment_status":"open","ping_status":"closed","template":"","meta":{"_acf_changed":false,"content-type":"","_monsterinsights_skip_tracking":false,"_monsterinsights_sitenote_active":false,"_monsterinsights_sitenote_note":"","_monsterinsights_sitenote_category":0},"product_brand":[],"product_cat":[359,119],"product_tag":[],"class_list":{"0":"post-6580","1":"product","2":"type-product","3":"status-publish","4":"has-post-thumbnail","6":"product_cat-light-heat-humidity","7":"product_cat-formicarium-components","9":"first","10":"outofstock","11":"taxable","12":"shipping-taxable","13":"purchasable","14":"product-type-simple"},"acf":[],"aioseo_notices":[],"jetpack_sharing_enabled":true,"_links":{"self":[{"href":"https:\/\/antcube.shop\/et\/wp-json\/wp\/v2\/product\/6580","targetHints":{"allow":["GET"]}}],"collection":[{"href":"https:\/\/antcube.shop\/et\/wp-json\/wp\/v2\/product"}],"about":[{"href":"https:\/\/antcube.shop\/et\/wp-json\/wp\/v2\/types\/product"}],"replies":[{"embeddable":true,"href":"https:\/\/antcube.shop\/et\/wp-json\/wp\/v2\/comments?post=6580"}],"wp:featuredmedia":[{"embeddable":true,"href":"https:\/\/antcube.shop\/et\/wp-json\/wp\/v2\/media\/6600"}],"wp:attachment":[{"href":"https:\/\/antcube.shop\/et\/wp-json\/wp\/v2\/media?parent=6580"}],"wp:term":[{"taxonomy":"product_brand","embeddable":true,"href":"https:\/\/antcube.shop\/et\/wp-json\/wp\/v2\/product_brand?post=6580"},{"taxonomy":"product_cat","embeddable":true,"href":"https:\/\/antcube.shop\/et\/wp-json\/wp\/v2\/product_cat?post=6580"},{"taxonomy":"product_tag","embeddable":true,"href":"https:\/\/antcube.shop\/et\/wp-json\/wp\/v2\/product_tag?post=6580"}],"curies":[{"name":"wp","href":"https:\/\/api.w.org\/{rel}","templated":true}]}}