{"id":6579,"date":"2023-12-04T13:54:25","date_gmt":"2023-12-04T12:54:25","guid":{"rendered":"https:\/\/antcube.shop\/product\/thermo-control-ii-timer\/"},"modified":"2026-04-09T15:04:50","modified_gmt":"2026-04-09T13:04:50","slug":"termo-control-ii-taimeri","status":"publish","type":"product","link":"https:\/\/antcube.shop\/et\/toode\/termo-control-ii-taimeri\/","title":{"rendered":"Thermo Control II + taimeri"},"content":{"rendered":"<p><strong>Kirjeldus:<\/strong> Populaarsete Thermo Control termostaatide j\u00e4reltulija puhul meenutab vaid hind algtasemel mudelit.<br \/>\nThermo Control 2 on digitaalne termostaat, mille temperatuurivahemik on 0-50 \u00b0C. See toimib ka termomeetrina t\u00e4nu pideva temperatuuri n\u00e4idikule.<br \/>\nK\u00fctteseadmeid, mille maksimaalne koguv\u00f5imsus on 1200 W, saab \u00fchendada Schuko-konnektori kaudu. Teist Schuko \u00fchendust juhitakse integreeritud taimeri funktsiooni kaudu, mida saab kasutada n\u00e4iteks valgustuse v\u00f5i ventilaatorite t\u00f6\u00f6aja m\u00e4\u00e4ramiseks. Andur sobib \u00f5hu- ja veem\u00f5\u00f5tmiseks ning on \u00fchendatud termostaadiga kaabli kaudu, nagu ka \u00fchendus ja toiteplokk.<br \/>\nLisaks on Thermo Control 2-l h\u00e4irefunktsioon, mis annab visuaalse ja akustilise hoiatuse, kui temperatuur \u00fcletab soovitud temperatuuri v\u00f5i langeb sellest allapoole (v\u00e4\u00e4rtusi saab m\u00e4\u00e4rata vahemikus 1\u00b0C kuni 5\u00b0C).<br \/>\nSeade, millest \u00fckski terraarium ei tohiks ilma j\u00e4\u00e4da!<\/p>\n<p>- Eraldi kasutatava taimeriga, nt valgustuse v\u00f5i ventilatsiooni jaoks.<br \/>\n- H\u00e4irefunktsioon temperatuuri k\u00f5rvalekalde korral (reguleeritav vahemikus 1\u00b0C kuni 5\u00b0C)<br \/>\n- M\u00f5\u00f5detud temperatuuri kuvamine<br \/>\n- 2m pikkune kaugandur, sobib ka akvaariumide jaoks<br \/>\n- Maandatud pistikupesad<br \/>\n- 1200 vati l\u00fclitusv\u00f5imsus<\/p>\n<p>- Soovitatav kasutada koos soojendusmattide, soojenduskaablite, k\u00fcttekivide ja keraamiliste kiirgussoojendajatega, et v\u00e4ltida \u00fclekuumenemist terraariumis.<\/p>\n<p><strong>Veebilink:<\/strong> http:\/\/www.antstore.net\/viewtopic.php?f=18&amp;p=108893<\/p>","protected":false},"excerpt":{"rendered":"<p>Kirjeldus: Populaarsete Thermo Control termostaatide j\u00e4reltulija, ainult hind meenutab algtaseme mudelit. Thermo Control 2 on digitaalne termostaat, mille temperatuurivahemik on 0-50 \u00b0C. See toimib ka termomeetrina t\u00e4nu pideva temperatuuri n\u00e4idikule. Maksimaalse koguv\u00f5imsusega 1200W soojendajaid saab","protected":false},"featured_media":6598,"comment_status":"open","ping_status":"closed","template":"","meta":{"_acf_changed":false,"content-type":"","_monsterinsights_skip_tracking":false,"_monsterinsights_sitenote_active":false,"_monsterinsights_sitenote_note":"","_monsterinsights_sitenote_category":0},"product_brand":[],"product_cat":[359,119],"product_tag":[],"class_list":{"0":"post-6579","1":"product","2":"type-product","3":"status-publish","4":"has-post-thumbnail","6":"product_cat-light-heat-humidity","7":"product_cat-formicarium-components","9":"first","10":"instock","11":"taxable","12":"shipping-taxable","13":"purchasable","14":"product-type-simple"},"acf":[],"aioseo_notices":[],"jetpack_sharing_enabled":true,"_links":{"self":[{"href":"https:\/\/antcube.shop\/et\/wp-json\/wp\/v2\/product\/6579","targetHints":{"allow":["GET"]}}],"collection":[{"href":"https:\/\/antcube.shop\/et\/wp-json\/wp\/v2\/product"}],"about":[{"href":"https:\/\/antcube.shop\/et\/wp-json\/wp\/v2\/types\/product"}],"replies":[{"embeddable":true,"href":"https:\/\/antcube.shop\/et\/wp-json\/wp\/v2\/comments?post=6579"}],"wp:featuredmedia":[{"embeddable":true,"href":"https:\/\/antcube.shop\/et\/wp-json\/wp\/v2\/media\/6598"}],"wp:attachment":[{"href":"https:\/\/antcube.shop\/et\/wp-json\/wp\/v2\/media?parent=6579"}],"wp:term":[{"taxonomy":"product_brand","embeddable":true,"href":"https:\/\/antcube.shop\/et\/wp-json\/wp\/v2\/product_brand?post=6579"},{"taxonomy":"product_cat","embeddable":true,"href":"https:\/\/antcube.shop\/et\/wp-json\/wp\/v2\/product_cat?post=6579"},{"taxonomy":"product_tag","embeddable":true,"href":"https:\/\/antcube.shop\/et\/wp-json\/wp\/v2\/product_tag?post=6579"}],"curies":[{"name":"wp","href":"https:\/\/api.w.org\/{rel}","templated":true}]}}