{"id":6578,"date":"2023-12-04T13:54:19","date_gmt":"2023-12-04T12:54:19","guid":{"rendered":"https:\/\/antcube.shop\/product\/mini-thermo-hygrometer-digital-weis-selbstklebend\/"},"modified":"2026-04-04T11:44:15","modified_gmt":"2026-04-04T09:44:15","slug":"mini-termohugromeeter-digitaalne-valge-isekleepuv","status":"publish","type":"product","link":"https:\/\/antcube.shop\/et\/toode\/mini-termohugromeeter-digitaalne-valge-isekleepuv\/","title":{"rendered":"Mini termo-h\u00fcgromeeter digitaalne - valge - isekleepuv"},"content":{"rendered":"<p><strong>M\u00f5\u00f5tmisvahemik:<\/strong> -10 kuni +60\u00b0C \/ 10% kuni 99%<\/p>\n<p><strong>M\u00f5\u00f5tmed:<\/strong> 52 x39x15 mm<\/p>\n<p><strong>Kirjeldus:<\/strong><br \/>\nMax\/mini funktsiooniga, statiiviga, koos patareiga LR 44 n\u00f6\u00f6pelemendiga.<\/p>\n<p><strong>M\u00e4rkus:<\/strong><br \/>\nV\u00f5imalikult t\u00e4pse m\u00f5\u00f5tmistulemuse saavutamiseks on oluline, et tagumised ventilatsiooniavad ei oleks paigaldusega blokeeritud!<br \/>\nSeadme kinnitamisel veenduge, et loomad ei p\u00e4\u00e4se seadmele v\u00f5i liimkinnitusele ligi, kasutades selleks asjakohast p\u00f5genemiskaitset.<br \/>\nKui aga on oht, et see juhtub, tuleks kinnitamiseks kasutada meie l\u00e4bipaistvaid kleeplokke (art. nr. 1002314).<\/p>\n<p><strong>WEEE reg:<\/strong> DE 78184127<\/p>\n<p><strong>K\u00f5rvaldamise kohta vt akude eeskirju:<\/strong><\/p>\n<p><a href=\"https:\/\/www.antstore.net\/shop\/de\/info\/Batterieverordnung.html\" target=\"_blank\" rel=\"noopener\">https:\/\/www.antstore.net\/shop\/de\/info\/Batterieverordnung.html<\/a><\/p>","protected":false},"excerpt":{"rendered":"<p>M\u00f5\u00f5tepiirkond: -10 kuni +60\u00b0C \/ 10 kuni 99% , m\u00f5\u00f5tmed: 52 x 39 x 15 mm<\/p>","protected":false},"featured_media":6620,"comment_status":"open","ping_status":"closed","template":"","meta":{"_acf_changed":false,"content-type":"","_monsterinsights_skip_tracking":false,"_monsterinsights_sitenote_active":false,"_monsterinsights_sitenote_note":"","_monsterinsights_sitenote_category":0},"product_brand":[],"product_cat":[359,119,239],"product_tag":[],"class_list":{"0":"post-6578","1":"product","2":"type-product","3":"status-publish","4":"has-post-thumbnail","6":"product_cat-light-heat-humidity","7":"product_cat-formicarium-components","8":"product_cat-useful-additions","10":"first","11":"instock","12":"taxable","13":"shipping-taxable","14":"purchasable","15":"product-type-simple"},"acf":[],"aioseo_notices":[],"jetpack_sharing_enabled":true,"_links":{"self":[{"href":"https:\/\/antcube.shop\/et\/wp-json\/wp\/v2\/product\/6578","targetHints":{"allow":["GET"]}}],"collection":[{"href":"https:\/\/antcube.shop\/et\/wp-json\/wp\/v2\/product"}],"about":[{"href":"https:\/\/antcube.shop\/et\/wp-json\/wp\/v2\/types\/product"}],"replies":[{"embeddable":true,"href":"https:\/\/antcube.shop\/et\/wp-json\/wp\/v2\/comments?post=6578"}],"wp:featuredmedia":[{"embeddable":true,"href":"https:\/\/antcube.shop\/et\/wp-json\/wp\/v2\/media\/6620"}],"wp:attachment":[{"href":"https:\/\/antcube.shop\/et\/wp-json\/wp\/v2\/media?parent=6578"}],"wp:term":[{"taxonomy":"product_brand","embeddable":true,"href":"https:\/\/antcube.shop\/et\/wp-json\/wp\/v2\/product_brand?post=6578"},{"taxonomy":"product_cat","embeddable":true,"href":"https:\/\/antcube.shop\/et\/wp-json\/wp\/v2\/product_cat?post=6578"},{"taxonomy":"product_tag","embeddable":true,"href":"https:\/\/antcube.shop\/et\/wp-json\/wp\/v2\/product_tag?post=6578"}],"curies":[{"name":"wp","href":"https:\/\/api.w.org\/{rel}","templated":true}]}}