{"id":6577,"date":"2023-12-04T13:54:13","date_gmt":"2023-12-04T12:54:13","guid":{"rendered":"https:\/\/antcube.shop\/product\/ameisenarena-nebler-gros\/"},"modified":"2026-04-20T09:57:43","modified_gmt":"2026-04-20T07:57:43","slug":"sipelgate-areenil-udukoguja-suur","status":"publish","type":"product","link":"https:\/\/antcube.shop\/et\/toode\/sipelgate-areenil-udukoguja-suur\/","title":{"rendered":"Ant arena - udukoguja - suur"},"content":{"rendered":"<p><strong>Sisu:<\/strong><br \/>\n- Fogger<br \/>\n- 22 mm auguga sobiv pistik vooliku kinnitamiseks sipelgate areeni kaane k\u00fclge<br \/>\n- Pikendatav voolik<\/p>\n<p><strong>Materjal:<\/strong> plastist<\/p>\n<p><strong>V\u00e4rv:<\/strong> must<\/p>\n<p>Tehnilised \u00fcksikasjad:<br \/>\nPinge: vahelduvvool 120-240 V - 50\/60 Hz<br \/>\nKaabli pikkus: 1,20 m<br \/>\nVeepaagi mahutavus: 4L<br \/>\nVooliku pikkus: individuaalselt pikendatav vahemikus 40-160 cm<br \/>\nUdu tekitamine: 150-300 ml\/h<br \/>\nMaksimaalne udustamise k\u00f5rgus: 2 m koos voolikuga<br \/>\nm\u00fcravaba<\/p>\n<p>Kirjeldus:<br \/>\nSipelgate areeni niisutamiseks v\u00f5ib selle udukoguja \u00fchendada otse sipelgate areeni katte k\u00fclge.<\/p>\n<p>&nbsp;<\/p>\n<p>&nbsp;<\/p>\n<p>M\u00e4rkus: 20.01.2025 Tooteuuendus - uus mudel<\/p>","protected":false},"excerpt":{"rendered":"<p>Sisu: - Sumuti - Vastav pistik 22 mm auguga vooliku kinnitamiseks sipelgate areeni kaane k\u00fclge - Pikendatav voolik Materjal: plastist V\u00e4rv: must Tehnilised andmed: Pinge: AC 120-240 V - 50\/60 Hz Kaabli pikkus: 1,20 m Veepaagi maht: 4L Vooliku pikkus: individuaalselt pikendatav vahemikus 40-160 cm Udu tekitamine: Maksimaalne [...]","protected":false},"featured_media":10944,"comment_status":"open","ping_status":"closed","template":"","meta":{"_acf_changed":false,"content-type":"","_monsterinsights_skip_tracking":false,"_monsterinsights_sitenote_active":false,"_monsterinsights_sitenote_note":"","_monsterinsights_sitenote_category":0},"product_brand":[],"product_cat":[359,119,239],"product_tag":[],"class_list":{"0":"post-6577","1":"product","2":"type-product","3":"status-publish","4":"has-post-thumbnail","6":"product_cat-light-heat-humidity","7":"product_cat-formicarium-components","8":"product_cat-useful-additions","10":"first","11":"instock","12":"taxable","13":"shipping-taxable","14":"purchasable","15":"product-type-simple"},"acf":[],"aioseo_notices":[],"jetpack_sharing_enabled":true,"_links":{"self":[{"href":"https:\/\/antcube.shop\/et\/wp-json\/wp\/v2\/product\/6577","targetHints":{"allow":["GET"]}}],"collection":[{"href":"https:\/\/antcube.shop\/et\/wp-json\/wp\/v2\/product"}],"about":[{"href":"https:\/\/antcube.shop\/et\/wp-json\/wp\/v2\/types\/product"}],"replies":[{"embeddable":true,"href":"https:\/\/antcube.shop\/et\/wp-json\/wp\/v2\/comments?post=6577"}],"wp:featuredmedia":[{"embeddable":true,"href":"https:\/\/antcube.shop\/et\/wp-json\/wp\/v2\/media\/10944"}],"wp:attachment":[{"href":"https:\/\/antcube.shop\/et\/wp-json\/wp\/v2\/media?parent=6577"}],"wp:term":[{"taxonomy":"product_brand","embeddable":true,"href":"https:\/\/antcube.shop\/et\/wp-json\/wp\/v2\/product_brand?post=6577"},{"taxonomy":"product_cat","embeddable":true,"href":"https:\/\/antcube.shop\/et\/wp-json\/wp\/v2\/product_cat?post=6577"},{"taxonomy":"product_tag","embeddable":true,"href":"https:\/\/antcube.shop\/et\/wp-json\/wp\/v2\/product_tag?post=6577"}],"curies":[{"name":"wp","href":"https:\/\/api.w.org\/{rel}","templated":true}]}}