{"id":6576,"date":"2023-12-04T13:54:06","date_gmt":"2023-12-04T12:54:06","guid":{"rendered":"https:\/\/antcube.shop\/product\/ameisenarena-nebler-klein\/"},"modified":"2026-04-16T13:36:00","modified_gmt":"2026-04-16T11:36:00","slug":"sipelgate-areenil-udukoguja-vaike","status":"publish","type":"product","link":"https:\/\/antcube.shop\/et\/toode\/sipelgate-areenil-udukoguja-vaike\/","title":{"rendered":"Ant arena - udukoguja - v\u00e4ike"},"content":{"rendered":"<p><strong>Sisu:<\/strong><br \/>\n- Fogger<br \/>\n- 22 mm auguga sobiv pistik vooliku kinnitamiseks sipelgate areeni kaane k\u00fclge<br \/>\n- Pikendatav voolik<\/p>\n<p><strong>Materjal:<\/strong> plastist<\/p>\n<p><strong>V\u00e4rv:<\/strong> must\/valge<\/p>\n<p><strong>Tehnilised andmed:<\/strong><br \/>\nPinge: 230V<br \/>\nV\u00f5imsus: 15W (30ml\/h)<br \/>\nKaabli pikkus: 1,40 m<br \/>\nVeepaagi mahutavus: 360ml<br \/>\n\u00dchendus: \u00dchendus: Euro-pistik<br \/>\nVooliku pikkus: 60 cm -&gt; saab pikendada<\/p>\n<p><strong>Kirjeldus:<\/strong><br \/>\nSipelgasala niisutamiseks v\u00f5ib selle udukoguja asetada otse sipelgasala kaane sisse.<br \/>\nV\u00e4ike Ameisenarena udukoguja on m\u00f5eldud v\u00e4ikeste terraariumide niisutamiseks. Selles mudelis on tehnoloogia palju lihtsamaks tehtud, mis v\u00f5imaldab palju muretumat kasutamist. Vesi imetakse v\u00e4lja vildikasseti kapillaarselt. Seda saab paari lihtsa sammuga v\u00e4lja vahetada, mida tuleks h\u00fcgieenilistel p\u00f5hjustel regulaarselt teha. Toodetud udu suunatakse automaatselt l\u00e4bi vooliku geniaalse otsakukonstruktsiooni abil, ilma et oleks vaja lisaventilaatorit. See v\u00e4hendab j\u00e4llegi oluliselt veaohtlikkust. Udukogus on umbes 30 ml\/h. Mahuti mahutab maksimaalselt 360 ml. Super Fog Nano II saab juhtida taimeri v\u00f5i h\u00fcgrostaatiga. T\u00e4nu teisaldatavale ja pikendatavale voolikule saab Super Fog Nano II sobitada mis tahes terraariumiga. Uus funktsioon on, et membraani saab l\u00f5ppkasutaja vahetada paari lihtsa sammuga. K\u00f5ik muud osad on saadaval ka varuosadena, mis muudab Super Fog Nano II j\u00e4tkusuutlikuks seadmeks.<\/p>\n<p><strong>Hack:<\/strong><br \/>\nKui on vaja pikemat voolikut, saab udukoguja k\u00fclge kinnitada meie 20\/16 mm vooliku (Art. 1000107). Samuti vajate 50mm formicarium-toppe 20mm auguga (Art. 1005033 + 20mm). Pange aga t\u00e4hele, et mida pikem on voolik, seda v\u00e4hem udu j\u00f5uab formikaariumisse.<\/p>\n<p>&nbsp;<\/p>","protected":false},"excerpt":{"rendered":"<p>Sisu: - Udukoguja - Vastav pistik koos auguga vooliku kinnitamiseks sipelgate areeni kaane k\u00fclge - Pikendatav voolik Materjal: plastist V\u00e4rv: must\/valge Tehnilised andmed: Pinge: 230V V\u00f5imsus: 15W (30ml\/h) Kaabli pikkus: 1,40 m Veepaagi mahutavus: 360ml \u00dchendus: Pikkus: 60 cm -&gt; saab pikendada Kirjeldus: Voolik: Vooliku pikkus: 60 cm -&gt; saab pikendada Kirjeldus: Vooliku pikkus: 60 cm -&gt; saab pikendada: Niisutamiseks ant [...]","protected":false},"featured_media":6603,"comment_status":"open","ping_status":"closed","template":"","meta":{"_acf_changed":false,"content-type":"","_monsterinsights_skip_tracking":false,"_monsterinsights_sitenote_active":false,"_monsterinsights_sitenote_note":"","_monsterinsights_sitenote_category":0},"product_brand":[],"product_cat":[359,119],"product_tag":[],"class_list":{"0":"post-6576","1":"product","2":"type-product","3":"status-publish","4":"has-post-thumbnail","6":"product_cat-light-heat-humidity","7":"product_cat-formicarium-components","9":"first","10":"instock","11":"taxable","12":"shipping-taxable","13":"purchasable","14":"product-type-simple"},"acf":[],"aioseo_notices":[],"jetpack_sharing_enabled":true,"_links":{"self":[{"href":"https:\/\/antcube.shop\/et\/wp-json\/wp\/v2\/product\/6576","targetHints":{"allow":["GET"]}}],"collection":[{"href":"https:\/\/antcube.shop\/et\/wp-json\/wp\/v2\/product"}],"about":[{"href":"https:\/\/antcube.shop\/et\/wp-json\/wp\/v2\/types\/product"}],"replies":[{"embeddable":true,"href":"https:\/\/antcube.shop\/et\/wp-json\/wp\/v2\/comments?post=6576"}],"wp:featuredmedia":[{"embeddable":true,"href":"https:\/\/antcube.shop\/et\/wp-json\/wp\/v2\/media\/6603"}],"wp:attachment":[{"href":"https:\/\/antcube.shop\/et\/wp-json\/wp\/v2\/media?parent=6576"}],"wp:term":[{"taxonomy":"product_brand","embeddable":true,"href":"https:\/\/antcube.shop\/et\/wp-json\/wp\/v2\/product_brand?post=6576"},{"taxonomy":"product_cat","embeddable":true,"href":"https:\/\/antcube.shop\/et\/wp-json\/wp\/v2\/product_cat?post=6576"},{"taxonomy":"product_tag","embeddable":true,"href":"https:\/\/antcube.shop\/et\/wp-json\/wp\/v2\/product_tag?post=6576"}],"curies":[{"name":"wp","href":"https:\/\/api.w.org\/{rel}","templated":true}]}}