{"id":6573,"date":"2023-12-04T11:34:55","date_gmt":"2023-12-04T10:34:55","guid":{"rendered":"https:\/\/antcube.shop\/product\/arena-vase-10x20cm-aus-glas\/"},"modified":"2026-04-13T18:24:05","modified_gmt":"2026-04-13T16:24:05","slug":"arena-vaas-10x20cm-klaasist","status":"publish","type":"product","link":"https:\/\/antcube.shop\/et\/toode\/arena-vaas-10x20cm-klaasist\/","title":{"rendered":"Arena vaas 10x20cm klaasist"},"content":{"rendered":"<p><strong>M\u00f5\u00f5tmed:<\/strong> 10\u00d720.4cm<\/p>\n<p><strong>Materjal:<\/strong> klaas, PMMA<\/p>\n<p><strong>V\u00e4rv:<\/strong> kristallselge, l\u00e4bipaistev, l\u00e4bipaistev<\/p>\n<p><strong>Sisu:<\/strong><br \/>\n1x klaasvaas 10x20cm<br \/>\n1x kaas 10\u00d70.4cm<\/p>\n<p><strong>Kirjeldus:<\/strong> Arena Vase on v\u00e4lja t\u00f6\u00f6tatud perekonna Atta v\u00f5i Acromyrmex lehem\u00fcrkide kolooniate toitmiseks. Eemaldatav akr\u00fc\u00fclkate, millel on augud ja pilud s\u00f6\u00f6dataimede okste paigutamiseks ja hoidmiseks, pannakse lihtsalt vaasi peale. Vaas aitab hoida toidutaimi kauem v\u00e4rskena ja samal ajal suurendab niiskust formikaariumis, kuna vesi aurustub pidevalt reservuaaris.<\/p>","protected":false},"excerpt":{"rendered":"<p>M\u00f5\u00f5tmed: Materjal: klaas, PMMA V\u00e4rvus: kristallselge, l\u00e4bipaistev, l\u00e4bipaistev Sisu: 10x20.4cm: Kirjeldus: 1x klaasvaas 10x20cm 1x kaas 10x0.4cm Kirjeldus: Arena Vase on v\u00e4lja t\u00f6\u00f6tatud perekonna Atta v\u00f5i Acromyrmex lehtsahkade kolooniate toitmiseks. Eemaldatav akr\u00fc\u00fclkate, millel on augud ja pilud s\u00f6\u00f6dataimede okste paigutamiseks ja hoidmiseks, pannakse lihtsalt peale","protected":false},"featured_media":6590,"comment_status":"open","ping_status":"closed","template":"","meta":{"_acf_changed":false,"content-type":"","_monsterinsights_skip_tracking":false,"_monsterinsights_sitenote_active":false,"_monsterinsights_sitenote_note":"","_monsterinsights_sitenote_category":0},"product_brand":[],"product_cat":[115,118],"product_tag":[],"class_list":{"0":"post-6573","1":"product","2":"type-product","3":"status-publish","4":"has-post-thumbnail","6":"product_cat-food-and-feeding","7":"product_cat-feeding-bowls","9":"first","10":"instock","11":"taxable","12":"shipping-taxable","13":"purchasable","14":"product-type-simple"},"acf":[],"aioseo_notices":[],"jetpack_sharing_enabled":true,"_links":{"self":[{"href":"https:\/\/antcube.shop\/et\/wp-json\/wp\/v2\/product\/6573","targetHints":{"allow":["GET"]}}],"collection":[{"href":"https:\/\/antcube.shop\/et\/wp-json\/wp\/v2\/product"}],"about":[{"href":"https:\/\/antcube.shop\/et\/wp-json\/wp\/v2\/types\/product"}],"replies":[{"embeddable":true,"href":"https:\/\/antcube.shop\/et\/wp-json\/wp\/v2\/comments?post=6573"}],"wp:featuredmedia":[{"embeddable":true,"href":"https:\/\/antcube.shop\/et\/wp-json\/wp\/v2\/media\/6590"}],"wp:attachment":[{"href":"https:\/\/antcube.shop\/et\/wp-json\/wp\/v2\/media?parent=6573"}],"wp:term":[{"taxonomy":"product_brand","embeddable":true,"href":"https:\/\/antcube.shop\/et\/wp-json\/wp\/v2\/product_brand?post=6573"},{"taxonomy":"product_cat","embeddable":true,"href":"https:\/\/antcube.shop\/et\/wp-json\/wp\/v2\/product_cat?post=6573"},{"taxonomy":"product_tag","embeddable":true,"href":"https:\/\/antcube.shop\/et\/wp-json\/wp\/v2\/product_tag?post=6573"}],"curies":[{"name":"wp","href":"https:\/\/api.w.org\/{rel}","templated":true}]}}