{"id":6570,"date":"2023-12-04T11:34:35","date_gmt":"2023-12-04T10:34:35","guid":{"rendered":"https:\/\/antcube.shop\/product\/ameisen-treppenhaus-30cm\/"},"modified":"2026-04-20T16:40:47","modified_gmt":"2026-04-20T14:40:47","slug":"sipelgatrepp-30cm","status":"publish","type":"product","link":"https:\/\/antcube.shop\/et\/toode\/sipelgatrepp-30cm\/","title":{"rendered":"Sipelgatrepp 30cm"},"content":{"rendered":"<p><strong>M\u00f5\u00f5tmed:<\/strong> 5x5x30cm<\/p>\n<p><strong>Materjal:<\/strong> PMMA<\/p>\n<p><strong>V\u00e4rv:<\/strong> kristallselge, l\u00e4bipaistev, l\u00e4bipaistev<\/p>\n<p><strong>Sisu:<\/strong><br \/>\n1x sipelgatrepp 30cm<br \/>\n2x akr\u00fc\u00fclplaat valikuliseks seinakinnituseks<\/p>\n<p>1x pad sipelgatrepi jaoks<\/p>\n<p><strong>M\u00e4rkus: <\/strong>Osad tarnitakse t\u00e4ielikult kokkupandud tootena. Seinakinnituse kinnitamiseks tuleb lihtsalt lahti keerata akr\u00fc\u00fclkruvid \u00fclevalt ja alt ning eemaldada alus. Kinnitage kaks akr\u00fc\u00fclplaati uuesti kruvidega 1x \u00fclevalt ja 1x alt.<\/p>\n<p><strong>\u00dchendus:<\/strong> 2x voolik 20\/16 mm (v\u00e4ljastpoolt) v\u00f5i voolik 14\/10 mm (seestpoolt) v\u00f5i 24\/20 (v\u00e4ljastpoolt 2. \u00fchendusetapp)<\/p>\n<p><strong>Kirjeldus:<\/strong> Sipelgatreppi kasutatakse selleks, et \u00fcletada k\u00f5rgust areenilt sipelgafarmi.<\/p>\n<p><strong>Taotlus:<\/strong> sipelgafarmide jaoks <strong>m\u00f5\u00f5tmetega 30x30cm v\u00f5i 60x30cm<\/strong><\/p>\n<p><span data-text-color=\"alert\"><strong>Oluline akr\u00fc\u00fcltorudega kasutamiseks:<\/strong><\/span><br \/>\nK\u00f5rgus ei sobi meie <strong>XL-suuruses sipelgafarmid.<\/strong><br \/>\nSest<strong> kasutamine akr\u00fc\u00fcltorudega<\/strong> (nt ant tube - crystal clear 20mm - 1m art. nr. 1000320) voolikute asemel on vaja kokku<strong> 3x \"Toru\u00fchendus kristallselge 20mm jaoks - I\"<\/strong> (art. nr. 1005624). 1x sipelgapargi pistikupesa ja 2x kahe trepikoja pistikupesa jaoks. Lisaks tuleb vanade sipelgapargi pesade puhul (k\u00f5ik enne 12\/2023 ostetud) l\u00fckata sipelgapargi pesale \"l\u00e4bipaistev paindlik tihendusr\u00f5ngas\" (art. nr. 1001437). Vastasel juhul istub \"Toruliitmik kristallselge 20mm - I\" (art. nr. 1005624) liiga l\u00f5dvalt sipelgapesa k\u00fclge. Lisaks sellele, kui <strong>formicarium pad <\/strong>kasutatakse sipelgafarmi v\u00f5i -areeni jaoks, tuleks kasutada ka trepikoda, sest muidu tekib v\u00e4ike k\u00f5rguste vahe trepikoda-pesa ja sipelgafarmi ja -areeni \u00fchenduste vahel.<\/p>","protected":false},"excerpt":{"rendered":"<p>30x30cm v\u00f5i 60x30cm suurustele sipelgap\u00f5ldudele.<\/p>","protected":false},"featured_media":6585,"comment_status":"open","ping_status":"closed","template":"","meta":{"_acf_changed":false,"content-type":"","_monsterinsights_skip_tracking":false,"_monsterinsights_sitenote_active":false,"_monsterinsights_sitenote_note":"","_monsterinsights_sitenote_category":0},"product_brand":[],"product_cat":[345,119,121,120,239],"product_tag":[],"class_list":{"0":"post-6570","1":"product","2":"type-product","3":"status-publish","4":"has-post-thumbnail","6":"product_cat-pipe-connectors","7":"product_cat-formicarium-components","8":"product_cat-connectors","9":"product_cat-hoses","10":"product_cat-useful-additions","12":"first","13":"instock","14":"taxable","15":"shipping-taxable","16":"purchasable","17":"product-type-simple"},"acf":[],"aioseo_notices":[],"jetpack_sharing_enabled":true,"_links":{"self":[{"href":"https:\/\/antcube.shop\/et\/wp-json\/wp\/v2\/product\/6570","targetHints":{"allow":["GET"]}}],"collection":[{"href":"https:\/\/antcube.shop\/et\/wp-json\/wp\/v2\/product"}],"about":[{"href":"https:\/\/antcube.shop\/et\/wp-json\/wp\/v2\/types\/product"}],"replies":[{"embeddable":true,"href":"https:\/\/antcube.shop\/et\/wp-json\/wp\/v2\/comments?post=6570"}],"wp:featuredmedia":[{"embeddable":true,"href":"https:\/\/antcube.shop\/et\/wp-json\/wp\/v2\/media\/6585"}],"wp:attachment":[{"href":"https:\/\/antcube.shop\/et\/wp-json\/wp\/v2\/media?parent=6570"}],"wp:term":[{"taxonomy":"product_brand","embeddable":true,"href":"https:\/\/antcube.shop\/et\/wp-json\/wp\/v2\/product_brand?post=6570"},{"taxonomy":"product_cat","embeddable":true,"href":"https:\/\/antcube.shop\/et\/wp-json\/wp\/v2\/product_cat?post=6570"},{"taxonomy":"product_tag","embeddable":true,"href":"https:\/\/antcube.shop\/et\/wp-json\/wp\/v2\/product_tag?post=6570"}],"curies":[{"name":"wp","href":"https:\/\/api.w.org\/{rel}","templated":true}]}}