{"id":6569,"date":"2023-12-04T11:34:29","date_gmt":"2023-12-04T10:34:29","guid":{"rendered":"https:\/\/antcube.shop\/product\/ameisen-treppenhaus-20cm\/"},"modified":"2026-04-24T10:01:32","modified_gmt":"2026-04-24T08:01:32","slug":"sipelgatrepp-20cm","status":"publish","type":"product","link":"https:\/\/antcube.shop\/et\/toode\/sipelgatrepp-20cm\/","title":{"rendered":"Sipelgatrepp 20cm"},"content":{"rendered":"<p><strong>Kirjeldus:<\/strong> Sipelgatreppi kasutatakse selleks, et \u00fcletada k\u00f5rgust areenilt sipelgafarmi.<\/p>\n<p><strong>M\u00f5\u00f5tmed:<\/strong> 5x5x20cm<\/p>\n<p><strong>Materjal: <\/strong>PMMA<\/p>\n<p><strong>V\u00e4rv: <\/strong>kristallselge, l\u00e4bipaistev, l\u00e4bipaistev<\/p>\n<p data-padding=\"5px\" data-line-height=\"s\"><strong>Sisu:<\/strong><br \/>\n1x sipelgatrepp 20cm<br \/>\n2x akr\u00fc\u00fclplaat valikuliseks seinakinnituseks<\/p>\n<p data-padding=\"5px\" data-line-height=\"s\">1x pad sipelgatrepi jaoks<\/p>\n<p><strong>M\u00e4rkus:<\/strong> Osad tarnitakse t\u00e4ielikult kokkupandud tootena. Seinakinnituse kinnitamiseks tuleb lihtsalt lahti keerata akr\u00fc\u00fclkruvid \u00fclevalt ja alt ning eemaldada alus. Kinnitage kaks akr\u00fc\u00fclplaati uuesti kruvidega 1x \u00fclevalt ja 1x alt.<\/p>\n<p><strong>\u00dchendus:<\/strong> 2x voolik 20\/16 mm (v\u00e4ljastpoolt) v\u00f5i voolik 14\/10 mm (seestpoolt) v\u00f5i 24\/20 (v\u00e4ljastpoolt 2. \u00fchendusetapp)<\/p>\n<p><strong>Taotlus:<\/strong> sipelgafarmide jaoks, mis m\u00f5\u00f5davad <strong>20x20cm v\u00f5i 40x20cm<\/strong><\/p>\n<p><span data-text-color=\"alert\"><strong>Oluline akr\u00fc\u00fcltorudega kasutamiseks:<\/strong><\/span><br \/>\nK\u00f5rgus ei sobi meie <strong>XL-suuruses sipelgafarmid.<\/strong><br \/>\nSest<strong> kasutamine akr\u00fc\u00fcltorudega<\/strong> (nt ant tube - crystal clear 20mm - 1m art. nr. 1000320) voolikute asemel on vaja kokku<strong> 3x \"Toru\u00fchendus kristallselge 20mm jaoks - I\"<\/strong> (art. nr. 1005624). 1x sipelgapargi pistikupesa ja 2x kahe trepikoja pistikupesa jaoks. Lisaks tuleb vanade sipelgapargi pesade puhul (k\u00f5ik enne 12\/2023 ostetud) l\u00fckata sipelgapargi pesale \"l\u00e4bipaistev paindlik tihendusr\u00f5ngas\" (art. nr. 1001437). Vastasel juhul istub \"Toruliitmik kristallselge 20mm - I\" (art. nr. 1005624) liiga l\u00f5dvalt sipelgapesa k\u00fclge. Lisaks sellele, kui <strong>formicarium pad <\/strong>kasutatakse sipelgafarmi v\u00f5i -areeni jaoks, tuleks kasutada ka trepikoda, sest muidu tekib v\u00e4ike k\u00f5rguste vahe trepikoda-pesa ja sipelgafarmi ja -areeni \u00fchenduste vahel.<\/p>","protected":false},"excerpt":{"rendered":"<p>20x20cm v\u00f5i 40x20cm suurustele sipelgap\u00f5ldudele.<\/p>","protected":false},"featured_media":7570,"comment_status":"open","ping_status":"closed","template":"","meta":{"_acf_changed":false,"content-type":"","_monsterinsights_skip_tracking":false,"_monsterinsights_sitenote_active":false,"_monsterinsights_sitenote_note":"","_monsterinsights_sitenote_category":0},"product_brand":[],"product_cat":[345,119,121,120,239],"product_tag":[],"class_list":{"0":"post-6569","1":"product","2":"type-product","3":"status-publish","4":"has-post-thumbnail","6":"product_cat-pipe-connectors","7":"product_cat-formicarium-components","8":"product_cat-connectors","9":"product_cat-hoses","10":"product_cat-useful-additions","12":"first","13":"instock","14":"taxable","15":"shipping-taxable","16":"purchasable","17":"product-type-simple"},"acf":[],"aioseo_notices":[],"jetpack_sharing_enabled":true,"_links":{"self":[{"href":"https:\/\/antcube.shop\/et\/wp-json\/wp\/v2\/product\/6569","targetHints":{"allow":["GET"]}}],"collection":[{"href":"https:\/\/antcube.shop\/et\/wp-json\/wp\/v2\/product"}],"about":[{"href":"https:\/\/antcube.shop\/et\/wp-json\/wp\/v2\/types\/product"}],"replies":[{"embeddable":true,"href":"https:\/\/antcube.shop\/et\/wp-json\/wp\/v2\/comments?post=6569"}],"wp:featuredmedia":[{"embeddable":true,"href":"https:\/\/antcube.shop\/et\/wp-json\/wp\/v2\/media\/7570"}],"wp:attachment":[{"href":"https:\/\/antcube.shop\/et\/wp-json\/wp\/v2\/media?parent=6569"}],"wp:term":[{"taxonomy":"product_brand","embeddable":true,"href":"https:\/\/antcube.shop\/et\/wp-json\/wp\/v2\/product_brand?post=6569"},{"taxonomy":"product_cat","embeddable":true,"href":"https:\/\/antcube.shop\/et\/wp-json\/wp\/v2\/product_cat?post=6569"},{"taxonomy":"product_tag","embeddable":true,"href":"https:\/\/antcube.shop\/et\/wp-json\/wp\/v2\/product_tag?post=6569"}],"curies":[{"name":"wp","href":"https:\/\/api.w.org\/{rel}","templated":true}]}}