{"id":6568,"date":"2023-12-04T11:34:22","date_gmt":"2023-12-04T10:34:22","guid":{"rendered":"https:\/\/antcube.shop\/product\/kornerfutter-minor-100g\/"},"modified":"2026-04-15T17:09:26","modified_gmt":"2026-04-15T15:09:26","slug":"teraviljasoot-minor-100g","status":"publish","type":"product","link":"https:\/\/antcube.shop\/et\/toode\/teraviljasoot-minor-100g\/","title":{"rendered":"Miinus 100g teraviljas\u00f6\u00f6t"},"content":{"rendered":"<p><strong>Sisu:<\/strong> 100g<\/p>\n<p><span id=\"result_box\" class=\"long_text\" lang=\"en\"><strong>Kirjeldus:<\/strong> <\/span>Peeneterade ja seemnete segu granivoorse sipelga, n\u00e4iteks Messor, Pogonomyrmex ja Pheidole, noortele kolooniatele.<br \/>\nSelle v\u00e4ikeste ja pehmete seemnete segu abil toetatakse vundamenti.<br \/>\nPuhas looduslik toode ilma kunstlike lisanditeta. Pestitsiidivaba.<\/p>\n<p><strong>M\u00e4rkus:<\/strong><br \/>\nToidutoru kasutamiseks leiate siit: <a href=\"https:\/\/www.antstore.net\/shop\/images\/documents\/Anleitung-Ameisenfutterroehrchen.pdf\">Link<\/a><br \/>\nteraviljas\u00f6\u00f6jate sipelgate s\u00f6\u00f6dalisand.<br \/>\nKoostist, anal\u00fc\u00fctilisi komponente, k\u00f5lblikkusaega ja partii numbrit vaadake palun pakendi infolehelt.<\/p>\n<p>Infotelefon +49 30 439703870<\/p>\n<p>P\u00e4dev veterinaar- ja toidukontroll:<br \/>\nVeterin\u00e4ramt Steglitz<br \/>\nK\u00f6nigin-Luise-Str. 92<br \/>\n14195 Berliin<\/p>","protected":false},"excerpt":{"rendered":"<p>T\u00e4iendav s\u00f6\u00f6t<\/p>","protected":false},"featured_media":6582,"comment_status":"open","ping_status":"closed","template":"","meta":{"_acf_changed":false,"content-type":"","_monsterinsights_skip_tracking":false,"_monsterinsights_sitenote_active":false,"_monsterinsights_sitenote_note":"","_monsterinsights_sitenote_category":0},"product_brand":[],"product_cat":[115,116],"product_tag":[],"class_list":{"0":"post-6568","1":"product","2":"type-product","3":"status-publish","4":"has-post-thumbnail","6":"product_cat-food-and-feeding","7":"product_cat-food","9":"first","10":"instock","11":"taxable","12":"shipping-taxable","13":"purchasable","14":"product-type-simple"},"acf":[],"aioseo_notices":[],"jetpack_sharing_enabled":true,"_links":{"self":[{"href":"https:\/\/antcube.shop\/et\/wp-json\/wp\/v2\/product\/6568","targetHints":{"allow":["GET"]}}],"collection":[{"href":"https:\/\/antcube.shop\/et\/wp-json\/wp\/v2\/product"}],"about":[{"href":"https:\/\/antcube.shop\/et\/wp-json\/wp\/v2\/types\/product"}],"replies":[{"embeddable":true,"href":"https:\/\/antcube.shop\/et\/wp-json\/wp\/v2\/comments?post=6568"}],"wp:featuredmedia":[{"embeddable":true,"href":"https:\/\/antcube.shop\/et\/wp-json\/wp\/v2\/media\/6582"}],"wp:attachment":[{"href":"https:\/\/antcube.shop\/et\/wp-json\/wp\/v2\/media?parent=6568"}],"wp:term":[{"taxonomy":"product_brand","embeddable":true,"href":"https:\/\/antcube.shop\/et\/wp-json\/wp\/v2\/product_brand?post=6568"},{"taxonomy":"product_cat","embeddable":true,"href":"https:\/\/antcube.shop\/et\/wp-json\/wp\/v2\/product_cat?post=6568"},{"taxonomy":"product_tag","embeddable":true,"href":"https:\/\/antcube.shop\/et\/wp-json\/wp\/v2\/product_tag?post=6568"}],"curies":[{"name":"wp","href":"https:\/\/api.w.org\/{rel}","templated":true}]}}