{"id":6565,"date":"2023-12-04T11:34:02","date_gmt":"2023-12-04T10:34:02","guid":{"rendered":"https:\/\/antcube.shop\/product\/schraub-adapter-50-auf-32-mm-bohrung\/"},"modified":"2026-03-18T18:07:00","modified_gmt":"2026-03-18T17:07:00","slug":"kruviadapter-50-kuni-32-mm-puuriga","status":"publish","type":"product","link":"https:\/\/antcube.shop\/et\/toode\/kruviadapter-50-kuni-32-mm-puuriga\/","title":{"rendered":"Kruviadapter 50 kuni 32 mm puuriga"},"content":{"rendered":"<p><strong>Sisu:<\/strong><br \/>\n2x akr\u00fc\u00fclist ketas 59 x 2mm 32 mm auguga<br \/>\n1x akr\u00fc\u00fclplaat 49 x 4mm 32 mm auguga<br \/>\n2x l\u00e4bipaistev plastikust kruvi mutriga<\/p>\n<p><strong>Toote m\u00f5\u00f5tmed:<\/strong> 59 x 8 mm<\/p>\n<p><strong>Materjal:<\/strong> PMMA, PP<\/p>\n<p><strong>V\u00e4rv:<\/strong> l\u00e4bipaistev \/ kristallselge<\/p>\n<p><strong>Kirjeldus:<\/strong> Adapter 32 mm l\u00e4bim\u00f5\u00f5duga elementide kinnitamiseks 50 mm aukudesse.<\/p>\n<p>See v\u00f5imaldab torude, voolikute v\u00f5i muude \u00fchendusdetailide turvalist, kindlat ja visuaalselt atraktiivset kinnitamist.<\/p>\n<p><strong>M\u00e4rkus:<\/strong> Tarnitakse \u00fcksikutes osades ja tuleb kinnitada ristkruvikeerajaga.<\/p>","protected":false},"excerpt":{"rendered":"<p>Sisu: 2x akr\u00fc\u00fclplaat 59 x 2mm 32 mm auguga 1x akr\u00fc\u00fclplaat 49 x 4mm 20 mm auguga 2x l\u00e4bipaistev plastkruvi mutriga Toote m\u00f5\u00f5tmed: 59 x 8 mm Materjal: 59 x 8 mm: PMMA, PP V\u00e4rv: l\u00e4bipaistev \/ kristallselge Kirjeldus: Materjal: PMMA, PP V\u00e4rv: l\u00e4bipaistev \/ kristallselge: Adapter 20 mm l\u00e4bim\u00f5\u00f5duga elementide kinnitamiseks 50 mm aukudesse. V\u00f5imaldab","protected":false},"featured_media":6609,"comment_status":"open","ping_status":"closed","template":"","meta":{"_acf_changed":false,"content-type":"","_monsterinsights_skip_tracking":false,"_monsterinsights_sitenote_active":false,"_monsterinsights_sitenote_note":"","_monsterinsights_sitenote_category":0},"product_brand":[],"product_cat":[345,119,121,120],"product_tag":[],"class_list":{"0":"post-6565","1":"product","2":"type-product","3":"status-publish","4":"has-post-thumbnail","6":"product_cat-pipe-connectors","7":"product_cat-formicarium-components","8":"product_cat-connectors","9":"product_cat-hoses","11":"first","12":"instock","13":"taxable","14":"shipping-taxable","15":"purchasable","16":"product-type-simple"},"acf":[],"aioseo_notices":[],"jetpack_sharing_enabled":true,"_links":{"self":[{"href":"https:\/\/antcube.shop\/et\/wp-json\/wp\/v2\/product\/6565","targetHints":{"allow":["GET"]}}],"collection":[{"href":"https:\/\/antcube.shop\/et\/wp-json\/wp\/v2\/product"}],"about":[{"href":"https:\/\/antcube.shop\/et\/wp-json\/wp\/v2\/types\/product"}],"replies":[{"embeddable":true,"href":"https:\/\/antcube.shop\/et\/wp-json\/wp\/v2\/comments?post=6565"}],"wp:featuredmedia":[{"embeddable":true,"href":"https:\/\/antcube.shop\/et\/wp-json\/wp\/v2\/media\/6609"}],"wp:attachment":[{"href":"https:\/\/antcube.shop\/et\/wp-json\/wp\/v2\/media?parent=6565"}],"wp:term":[{"taxonomy":"product_brand","embeddable":true,"href":"https:\/\/antcube.shop\/et\/wp-json\/wp\/v2\/product_brand?post=6565"},{"taxonomy":"product_cat","embeddable":true,"href":"https:\/\/antcube.shop\/et\/wp-json\/wp\/v2\/product_cat?post=6565"},{"taxonomy":"product_tag","embeddable":true,"href":"https:\/\/antcube.shop\/et\/wp-json\/wp\/v2\/product_tag?post=6565"}],"curies":[{"name":"wp","href":"https:\/\/api.w.org\/{rel}","templated":true}]}}