{"id":6564,"date":"2023-12-04T11:33:56","date_gmt":"2023-12-04T10:33:56","guid":{"rendered":"https:\/\/antcube.shop\/product\/schraub-adapter-50-auf-27-mm-bohrung\/"},"modified":"2026-04-20T16:40:59","modified_gmt":"2026-04-20T14:40:59","slug":"kruviadapter-50-kuni-27-mm-puuriga","status":"publish","type":"product","link":"https:\/\/antcube.shop\/et\/toode\/kruviadapter-50-kuni-27-mm-puuriga\/","title":{"rendered":"Kruviadapter 50 kuni 27 mm puuriga"},"content":{"rendered":"<p><strong>Sisu:<\/strong><br \/>\n2x akr\u00fc\u00fclist ketas 59 x 2mm 32 mm auguga<br \/>\n1x akr\u00fc\u00fclplaat 49 x 4mm 27 mm auguga<br \/>\n2x L\u00e4bipaistev plastkruvi M4<br \/>\n2x L\u00e4bipaistev mutter M4<\/p>\n<p><strong>Toote m\u00f5\u00f5tmed:<\/strong> 59 x 8 mm<\/p>\n<p><strong>Materjal:<\/strong> PMMA<\/p>\n<p><strong>V\u00e4rv:<\/strong> l\u00e4bipaistev \/ kristallselge<\/p>\n<p><span data-text-color=\"alert\"><strong>T\u00c4HELEPANU:<\/strong><\/span> ainult meie valamu voolikuliitmikele 27mm - 14, 20, 24mm - l\u00e4bipaistev<\/p>\n<p><strong>Kirjeldus:<\/strong> Adapter 27 mm l\u00e4bim\u00f5\u00f5duga elementide kinnitamiseks 50 mm aukudesse. Meie 27 mm tihendid sobivad ka adapterisse.<\/p>\n<p>See v\u00f5imaldab torude, voolikute v\u00f5i muude \u00fchendusdetailide turvalist, kindlat ja visuaalselt atraktiivset kinnitamist.<\/p>\n<p><strong>M\u00e4rkus:<\/strong> Tarnitakse \u00fcksikutes osades ja tuleb kinnitada ristkruvikeerajaga.<\/p>","protected":false},"excerpt":{"rendered":"<p>Sisu: 2x akr\u00fc\u00fclplaat 59 x 2mm 32 mm auguga 1x akr\u00fc\u00fclplaat 49 x 4mm 27 mm auguga 2x L\u00e4bipaistev plastkruvi M4 2x L\u00e4bipaistev mutter M4 Toote m\u00f5\u00f5tmed: Materjal: 59 x 8 mm Materjal: 59 x 8 mm: PMMA V\u00e4rv: l\u00e4bipaistev \/ kristallselge T\u00c4HELEPANU: ainult meie valamu voolikuliitmike 27mm - 14, 20, 24mm jaoks.","protected":false},"featured_media":6593,"comment_status":"open","ping_status":"closed","template":"","meta":{"_acf_changed":false,"content-type":"","_monsterinsights_skip_tracking":false,"_monsterinsights_sitenote_active":false,"_monsterinsights_sitenote_note":"","_monsterinsights_sitenote_category":0},"product_brand":[],"product_cat":[345,119,121,120],"product_tag":[],"class_list":{"0":"post-6564","1":"product","2":"type-product","3":"status-publish","4":"has-post-thumbnail","6":"product_cat-pipe-connectors","7":"product_cat-formicarium-components","8":"product_cat-connectors","9":"product_cat-hoses","11":"first","12":"instock","13":"taxable","14":"shipping-taxable","15":"purchasable","16":"product-type-simple"},"acf":[],"aioseo_notices":[],"jetpack_sharing_enabled":true,"_links":{"self":[{"href":"https:\/\/antcube.shop\/et\/wp-json\/wp\/v2\/product\/6564","targetHints":{"allow":["GET"]}}],"collection":[{"href":"https:\/\/antcube.shop\/et\/wp-json\/wp\/v2\/product"}],"about":[{"href":"https:\/\/antcube.shop\/et\/wp-json\/wp\/v2\/types\/product"}],"replies":[{"embeddable":true,"href":"https:\/\/antcube.shop\/et\/wp-json\/wp\/v2\/comments?post=6564"}],"wp:featuredmedia":[{"embeddable":true,"href":"https:\/\/antcube.shop\/et\/wp-json\/wp\/v2\/media\/6593"}],"wp:attachment":[{"href":"https:\/\/antcube.shop\/et\/wp-json\/wp\/v2\/media?parent=6564"}],"wp:term":[{"taxonomy":"product_brand","embeddable":true,"href":"https:\/\/antcube.shop\/et\/wp-json\/wp\/v2\/product_brand?post=6564"},{"taxonomy":"product_cat","embeddable":true,"href":"https:\/\/antcube.shop\/et\/wp-json\/wp\/v2\/product_cat?post=6564"},{"taxonomy":"product_tag","embeddable":true,"href":"https:\/\/antcube.shop\/et\/wp-json\/wp\/v2\/product_tag?post=6564"}],"curies":[{"name":"wp","href":"https:\/\/api.w.org\/{rel}","templated":true}]}}