{"id":6562,"date":"2023-12-04T11:33:43","date_gmt":"2023-12-04T10:33:43","guid":{"rendered":"https:\/\/antcube.shop\/product\/bundle-offer-messor-structor\/"},"modified":"2026-03-04T17:11:29","modified_gmt":"2026-03-04T16:11:29","slug":"pakkumispakett-messor-structor","status":"publish","type":"product","link":"https:\/\/antcube.shop\/et\/toode\/pakkumispakett-messor-structor\/","title":{"rendered":"Pakkumise pakett - Messor structor"},"content":{"rendered":"<p><span data-text-color=\"secondary\"><strong>Komplektpakkumine, mis sisaldab Messor structor sipelgapesakolooniat (kuninganna koos 11-25 t\u00f6\u00f6lisega + haudmega), stardikomplekti Habitat Desert M koos teise sipelgafarmiga 20\u00d720 M, 3x formikariumi padjad ja purgi meie spetsiaalset terveid blan\u0161eeritud s\u00e4rge 10g (niiske valk).<\/strong><\/span><\/p>\n<p><span data-text-color=\"alert\"><strong>Ainult niikaua, kuni varusid j\u00e4tkub.<\/strong><\/span><\/p>\n<p><strong>K\u00f5ik, mida vajate Messor structor sipelgapesakonna jaoks<\/strong><br \/>\nSee pakett sisaldab k\u00f5ike, mida vajate, et saada edukalt l\u00e4bi paari esimese kuu jooksul Messor structor koloonia. See on paindlikult laiendatav ja sobib selges\u00f5naliselt algajatele sipelgate pidamisel.<\/p>\n<p><strong>Messor structor sipelgaliigid<\/strong><br \/>\nMessor structor on granivoorne (teraviljas\u00f6\u00f6ja) sipelgaliik. Seda liiki leidub peamiselt L\u00f5una-Euroopas ja Vahemere piirkonnas, kuid ka Kesk-Euroopas ning selle levikuala ulatub Iraani ja L\u00f5una-Venemaale. See on ka ainus Messori liik, mida leidub Saksamaal. T\u00f6\u00f6tajad on veidi v\u00e4iksemad kui Messor barbarus'e omad, kuid Messor structor toodab nn suuri t\u00f6\u00f6lisi (suurim t\u00f6\u00f6liskaste) varem.<\/p>\n<p>Kuigi Messor structor on peamiselt levinud steppides, leidub m\u00f5nes riigis populatsioone, kes on rohkem koduselt levinud m\u00e4gistes piirkondades v\u00f5i isegi segametsades. See n\u00e4itab selle liigi suurt kohanemisv\u00f5imet. Messor structor moodustab tavaliselt pol\u00fcg\u00fc\u00fcnseid kolooniaid (mitu kuningannat \u00fches koloonias), kuid esineb ka monog\u00fc\u00fcnselt (ainult \u00fcks kuninganna koloonia kohta).<\/p>\n<p>Teadlased on juba m\u00f5nda aega p\u00fc\u00fcdnud v\u00e4lja selgitada, kas Messor structoril v\u00f5ib olla v\u00e4lja kujunenud mitu eri piirkondades esinevat alamliiki, anal\u00fc\u00fcsides erinevate kolooniate geneetilist materjali. Seda ei ole siiski veel l\u00f5plikult selgitatud.<\/p>\n<p><strong>Messor structor pesa<\/strong><br \/>\nMessor structor eelistab pesitseda liivasel pinnasel. Erinevalt enamikust teistest Messori liikidest on ta siiski suhteliselt paindlik ja m\u00f5nikord v\u00f5ib teda leida kivide all v\u00f5i varjulistes kohtades mullasematel muldadel pesitsemas.<\/p>\n<p><strong>Toit Messor structorile<\/strong><br \/>\nNagu k\u00f5ik Messori liigid, toitub ka Messor structor peamiselt seemnetest, mida kogutakse, ladustatakse ja t\u00f6\u00f6deldakse nn sipelgaleivaks, millel on siis pikem s\u00e4ilivusaeg ja mis aitab kolooniatel \u00fcle elada perioode, mil looduses on v\u00e4hem seemneid. Valgud v\u00f5etakse vastu nii elusalt kui ka surnult. Looduses tapavad nad v\u00e4ikseid putukaid ja kasutavad neid oma pesakonna toitmiseks. Suhkrulahust v\u00f5i mett v\u00f5etakse vastu ainult siis, kui koloonial ei ole piisavalt v\u00e4rsket vett, et katta oma niiskusevajadus.<\/p>\n<p><strong>Optimaalsed kliimatingimused Messor structorile on j\u00e4rgmised:<\/strong><br \/>\n<strong>Niiskus:<\/strong><br \/>\nArena: Pesa ala: 50 - 70%<br \/>\n<strong>Temperatuur:<\/strong><br \/>\nAreen: 22 - 30\u00b0C Pesa ala: 21- 27\u00b0C<\/p>\n<p><strong>Sisu:<\/strong><\/p>\n<p>1x Messor structor antikoloonia (kuninganna + 11-25 t\u00f6\u00f6list + haude)<br \/>\n1x kriketimoos 25g<br \/>\n1x teraviljatoit minor 100g<br \/>\n1x Formicarium pad - 20x20cm<br \/>\n2x Formicarium pad - 20x6cm<\/p>\n<p>1x ANTCUBE - areenil 20x20x10 - lame<br \/>\n1x sipelgate areeni raam 20\u00d720<br \/>\n1x sipelgaplatsi kate 20\u00d720<br \/>\n4x kinnituspunkt areeni katte jaoks<br \/>\n2x ANTCUBE - sipelgafarm - M - 20\u00d720 - seisev<\/p>\n<p>1x 1m toru l\u00e4bipaistev 14\/10 mm<br \/>\n2x ANTCUBE - punane foolium 20\u00d720 - filter<br \/>\n2x kleepsud - l\u00e4bipaistev 2 tk.<br \/>\n1x substraat - k\u00f5rbes - 1kg<br \/>\n1x Formicarium graanulid 200ml - bee\u017e<\/p>\n<p>1x Grid cap &#8211; 10mm &#8211; stainless steel<br \/>\n2x Grid insert acrylic &#8211; 50 mm with sealing ring<br \/>\n1x Grid insert acrylic &#8211; 27 mm with sealing ring<\/p>\n<p>1x mahuti voolikuliitmik 27-14,16,20 mm - l\u00e4bipaistev<br \/>\n2x Foil thermometer &#8211; farm<br \/>\n1x Foil thermometer Display<br \/>\n1x drinking clear 5ml &#8211; sponge<br \/>\n1x Feeding dish white rectangle &#8211; 3 compartments<br \/>\n1x Sipelgap\u00f5genemise kaitse\u00f5li 10ml<br \/>\n1x Pintsetid vedrusterasest - lai - pehme<br \/>\n1x Pintsetid plastikust l\u00e4bipaistvad<br \/>\n1x plastpipett 3ml<br \/>\n1x k\u00e4sil\u00e4\u00e4tse - 2x - 30mm<br \/>\n1x vahtplasti klaasipuhasti 150x18x2,5mm<br \/>\n1x foto seljaosa - k\u00f5rb - 20\u00d710<\/p>\n<p>&nbsp;<\/p>\n<p><strong>Kirjeldus:<\/strong><br \/>\nSee Starter Set Desert sobib k\u00f5igile perekonna Messor liikidele, kes elavad k\u00f5rbetes, steppides v\u00f5i vahemerelises kliimas. \u00dcks kahest talust on m\u00f5eldud seemnete ja sipelgapalade s\u00e4ilitamiseks ning seda tuleks seet\u00f5ttu hoida t\u00e4iesti kuivana, et v\u00e4ltida sipelgate poolt sinna ladustatud seemnete\/terade idanemist v\u00f5i hallitamist.<\/p>\n<p>T\u00e4ielikult l\u00e4bipaistvas farmis (pesa) kasutatakse farmis \"substraat - k\u00f5rb\". Vajaduse korral saab kaanes olevate 50 mm aukude kaudu \u00fchendada lisamooduleid, nt eraldi saadaolevaid udukogujaid, ventilaatoreid v\u00f5i valgustid. Alternatiivina on kaasas sobivad formikariumi pistikud avade sulgemiseks. Soovi korral saab formikaariumi kasutada ka avatud kujul, asetades lihtsalt eemaldatava raami \u00fclesse ja kandes sipelgapesukaitse\u00f5li servale. \"L\u00e4bipaistev 20 ml joogikaussi - k\u00e4sn\" on m\u00f5eldud vee jaoks, \"2 ml toidudosaator - doseeritav\" teraviljatoidu jaoks.<\/p>\n<p><strong>Oluline:<\/strong> Palun niisutage substraati enne kasutamist, et segu saaks sipelgap\u00f5llul siduda ja tugevalt kinni pidada. Lisaks sellele, kui substraat on liiga kuiv ja tolmune, v\u00f5ivad sipelgate hingamisteed ummistuda ja halvimal juhul v\u00f5ivad loomad l\u00e4mbuda.<\/p>\n<p><strong>Soovitus:<\/strong> Soovitame 2 mm k\u00f5rguse substraatkihi, et loomad ei saaks areenile kaevuda, vaid kasutaksid selleks ette n\u00e4htud talu. Samuti soovitame, et farmi pesamaterjal (liiv\/savi, Digfix jne) oleks \u00fches kohas kergelt torgatud, et loomadel oleks lihtsam kaevata.<\/p>\n<p><strong>M\u00e4rkused tootmise kohta<\/strong><br \/>\nKlaas l\u00f5igatakse m\u00f5\u00f5tu vastavalt standardile DIN 1249, lubatud h\u00e4lve on +\/- 1 mm. V\u00e4ga v\u00e4ikeste sipelgaliikide puhul on oluline t\u00e4iendav v\u00e4lja murdumiskaitse.<\/p>\n<p><strong>M\u00e4rkused talu kohta<\/strong><br \/>\nVoolikute kinnitamisel v\u00f5i eemaldamisel v\u00f5tke arvesse j\u00e4rgmist:<br \/>\nKui toru on v\u00e4ga raske \u00fchendusmuhvile sobitada, tuleb muhvi kergelt h\u00f5\u00f5ruda tilga meie l\u00f5hkumisvastase \u00f5li v\u00f5i pulbriga. Seej\u00e4rel tuleks voolik l\u00fckata muhvile keerates v\u00f5i kruvides, ilma muhvi \u00fcles- ja allapoole liigutustega pinguldamata. Sama kehtib ka voolikute eemaldamisel p\u00f5llumajandusettev\u00f5tte \u00fchendusmuhvist. \u00c4rge t\u00f5mmake seda lihtsalt maha!<\/p>\n<p><strong>M\u00e4rkused kriketimoosi kohta:<\/strong><br \/>\nMeie blan\u0161eeritud s\u00e4rge on lihtne viis pakkuda sipelgatele v\u00e4rskelt konserveeritud valgurikast toitu, ilma et oleks vaja toita elavaid putukaid. Sisalduvaid s\u00e4rge (Acheta domesticus) on \u00f5rnalt blan\u0161eeritud, et tagada toitev\u00e4\u00e4rtuste, maitse ja aroomi s\u00e4ilimine. Lisaks on putukate kitiinne kest sel viisil pehmendatud, et see oleks kergemini seeditav. Kollageenvalkude sidemed on l\u00f5hutud, et sipelgad saaksid neid paremini kasutada. Konserveeritud Acheta domesticus on sama toitev\u00e4\u00e4rtusega kui elusad sirkad, kuid on kergemini seeditav.<\/p>\n<p>Cricket Jam ei sobi elusat toitu n\u00f5udvate sipelgaliikide (nt poneriinid (suured sipelgad) nagu Harpegnathos v\u00f5i Odontomachus) k\u00fcttimiseks.<\/p>\n<p><strong>T\u00e4iendavad eelised:<\/strong><br \/>\nGaranteeritult lestavaba<br \/>\nV\u00f5ib doseerida ja veega lahjendada<br \/>\nSteriliseeritud ja vaakumpakendatud<br \/>\nIlma lisaaineteta<br \/>\nPuhtalt mahep\u00f5llumajanduslikust kasvatusest p\u00e4rit ja orgaaniliste j\u00e4\u00e4tmetega toidetud kriketid.<\/p>\n<p><strong>M\u00e4rkus:<\/strong><br \/>\nS\u00e4ilib k\u00fclmikus umbes neli p\u00e4eva p\u00e4rast avamist. K\u00fclmutatuna s\u00e4ilivusaeg on pikem.<br \/>\nT\u00e4helepanu: Esimene portsjon, seej\u00e4rel k\u00fclmutage.<\/p>","protected":false},"excerpt":{"rendered":"<p>Komplektis on 38 t\u00fckki<\/p>\n<p>Suurus: <strong>M<\/strong><\/p>","protected":false},"featured_media":7134,"comment_status":"open","ping_status":"closed","template":"","meta":{"_acf_changed":false,"content-type":"","_monsterinsights_skip_tracking":false,"_monsterinsights_sitenote_active":false,"_monsterinsights_sitenote_note":"","_monsterinsights_sitenote_category":0},"product_brand":[],"product_cat":[355,353,73],"product_tag":[],"class_list":{"0":"post-6562","1":"product","2":"type-product","3":"status-publish","4":"has-post-thumbnail","6":"product_cat-bundle-offers","7":"product_cat-starter-sets-for-harvester-ants","8":"product_cat-starter-sets","10":"first","11":"instock","12":"taxable","13":"shipping-taxable","14":"purchasable","15":"product-type-simple"},"acf":[],"aioseo_notices":[],"jetpack_sharing_enabled":true,"_links":{"self":[{"href":"https:\/\/antcube.shop\/et\/wp-json\/wp\/v2\/product\/6562","targetHints":{"allow":["GET"]}}],"collection":[{"href":"https:\/\/antcube.shop\/et\/wp-json\/wp\/v2\/product"}],"about":[{"href":"https:\/\/antcube.shop\/et\/wp-json\/wp\/v2\/types\/product"}],"replies":[{"embeddable":true,"href":"https:\/\/antcube.shop\/et\/wp-json\/wp\/v2\/comments?post=6562"}],"wp:featuredmedia":[{"embeddable":true,"href":"https:\/\/antcube.shop\/et\/wp-json\/wp\/v2\/media\/7134"}],"wp:attachment":[{"href":"https:\/\/antcube.shop\/et\/wp-json\/wp\/v2\/media?parent=6562"}],"wp:term":[{"taxonomy":"product_brand","embeddable":true,"href":"https:\/\/antcube.shop\/et\/wp-json\/wp\/v2\/product_brand?post=6562"},{"taxonomy":"product_cat","embeddable":true,"href":"https:\/\/antcube.shop\/et\/wp-json\/wp\/v2\/product_cat?post=6562"},{"taxonomy":"product_tag","embeddable":true,"href":"https:\/\/antcube.shop\/et\/wp-json\/wp\/v2\/product_tag?post=6562"}],"curies":[{"name":"wp","href":"https:\/\/api.w.org\/{rel}","templated":true}]}}