{"id":6561,"date":"2023-12-04T11:33:36","date_gmt":"2023-12-04T10:33:36","guid":{"rendered":"https:\/\/antcube.shop\/product\/bundle-offer-camponotus-barbaricus\/"},"modified":"2026-03-30T10:28:01","modified_gmt":"2026-03-30T08:28:01","slug":"pakettpakkumine-camponotus-barbaricus","status":"publish","type":"product","link":"https:\/\/antcube.shop\/et\/toode\/pakettpakkumine-camponotus-barbaricus\/","title":{"rendered":"Pakettpakkumine - Camponotus barbaricus"},"content":{"rendered":"<p><span data-text-color=\"secondary\"><strong>Komplektpakkumine, mis sisaldab Camponotus barbaricus sipelgapesakolooniat (kuninganna koos 5-10 t\u00f6\u00f6listega + haude), stardikomplekti Habitat Desert L koos 2x formikariumi padjaga, purgi meie spetsiaalset terveid blan\u0161eeritud s\u00e4rge (niiske valk) ja 10ml mesirohusegu t\u00e4ienduspakki.<\/strong><\/span><\/p>\n<p><span data-text-color=\"alert\"><strong>Ainult niikaua, kuni varusid j\u00e4tkub.<\/strong><\/span><\/p>\n<p><strong>K\u00f5ik, mida vajate Camponotus barbaricus'e sipelgakoloonia jaoks<\/strong><br \/>\nSee komplekt sisaldab k\u00f5ike, mida vajate Camponotus barbaricus'e koloonia edukaks kasvatamiseks esimestel kuudel. See on paindlikult laiendatav ja sobib selges\u00f5naliselt algajale sipelgate pidajale.<\/p>\n<p><strong>Sipelgaliik Camponotus barbaricus<\/strong><br \/>\nCamponotus barbaricus on \u00fcks suurimaid sipelgaliike Euroopas. Neid leidub Portugalis, Hispaanias, Sitsiilias ja v\u00e4ljaspool Euroopat Marokos, Al\u017eeerias, Tuneesias ja Liib\u00fcas. Tema kolooniad on monog\u00fc\u00fcnsed (ainult \u00fcks kuninganna koloonia kohta) ja nagu enamik Camponotus'e liike, on ka see v\u00e4ga pol\u00fcmorfne sipelgaliik (moodustab nn kaste, st v\u00e4iksemaid ja suuremaid t\u00f6\u00f6lisi).<\/p>\n<p>Looduses v\u00f5ivad nad moodustada mitme 10 000 isendi kolooniaid. Camponotus barbaricus kaitseb agressiivselt oma pesa ja jahimaad ning on oma suuruse t\u00f5ttu selles v\u00e4ga edukas. Suurt\u00fckid (suurim t\u00f6\u00f6liskaste) saavutavad umbes 17 mm suuruse.<\/p>\n<p><strong>Camponotus barbaricus'e pesa<\/strong><br \/>\nCamponotus barbaricus eelistab pesitseda liivasel pinnasel. Erinevalt enamikust Camponotuse liikidest leidub neid harva m\u00e4danenud puidus. Komplektis sisalduv Desert Starter Set on seega ideaalselt kohandatud selle liigi vajadustele.<\/p>\n<p><strong>Camponotus barbaricus'e toit<\/strong><br \/>\nLooduses toitub Camponotus barbaricus peamiselt putukatest ja mesirohtudest. Seet\u00f5ttu oleme k\u00e4esolevasse paketti lisanud nii meie valgurikast s\u00e4rge kui ka meie mesimagusegu, et saaksite pakkuda oma sipelgatele v\u00f5imalikult liigikohast toitu.<\/p>\n<p><strong>Camponotus barbaricus'e jaoks on optimaalsed kliimatingimused j\u00e4rgmised:<\/strong><br \/>\n<strong>Niiskus:<\/strong><br \/>\nArena: Pesa ala: 50 - 60%<br \/>\n<strong>Temperatuur:<\/strong><br \/>\nAreen: 18 - 28\u00b0C Pesa piirkond: 21 - 26\u00b0C<\/p>\n<p><strong>Sisu:<\/strong><\/p>\n<p>1x Camponotus barbaricus (kuninganna koos 1-4 t\u00f6\u00f6listega + haudmik)<br \/>\n1x kriketimoos 25g<br \/>\n1x Honeydew mix (HT) - j\u00e4relpakend 10ml<br \/>\n1x formikaariumi alus - 20x20cm<br \/>\n1x formikaariumi alus - 20x6cm<\/p>\n<p>1x ANTCUBE - areenil 20x20x10 - lame<br \/>\n1x sipelgate areeni raam 20\u00d720<br \/>\n1x sipelgaplatsi kate 20\u00d720<br \/>\n4x kinnituspunkt areeni katte jaoks<br \/>\n1x ANTCUBE - Sipelgafarm - L - 20\u00d720 - p\u00fcstine<\/p>\n<p>1x 0,5m toru l\u00e4bipaistev 20\/16 mm<br \/>\n1x ANTCUBE - punane foolium 20\u00d720 - filter<br \/>\n1x kleepsud - l\u00e4bipaistvad 2 tk.<br \/>\n1x substraat - k\u00f5rbes - 1kg<br \/>\n1x Formicarium graanulid 200ml - bee\u017e<\/p>\n<p>2x Grid insert acrylic &#8211; 50 mm with sealing ring<br \/>\n1x Grid insert acrylic &#8211; 27 mm with sealing ring<br \/>\n1x restikork - 16mm - roostevaba teras<\/p>\n<p>1x mahuti voolikuliitmik 27-14,16,20 mm - l\u00e4bipaistev<br \/>\n1x Foil thermometer &#8211; farm<br \/>\n1x Foil thermometer Display<br \/>\n1x drinking clear 5ml &#8211; sponge<br \/>\n1x Feeding dish white rectangle &#8211; 3 compartments<br \/>\n1x Drinking trough 2ml &#8211; 360 Degrees<br \/>\n1x Sipelgap\u00f5genemise kaitse\u00f5li 10ml<br \/>\n1x Pintsetid vedrusterasest - lai - pehme<br \/>\n1x Pintsetid plastikust l\u00e4bipaistvad<br \/>\n1x plastpipett 3ml<br \/>\n1x k\u00e4sil\u00e4\u00e4tse - 2x - 30mm<br \/>\n1x vahtplasti klaasipuhasti 150x18x2,5mm<br \/>\n1x foto seljaosa - k\u00f5rb - 20\u00d710<\/p>\n<p><strong>Kirjeldus:<\/strong><br \/>\nSee stardikomplekt k\u00f5rbes sobib k\u00f5igile k\u00f5rbetes, steppides v\u00f5i Vahemere kliimas elavatele sipelgaliikidele.<\/p>\n<p>T\u00e4ielikult l\u00e4bipaistva talu (pesa) puhul kasutatakse talu t\u00e4itmiseks \"Soil - Desert\". Vajaduse korral saab kaanes olevate 50 mm aukude kaudu \u00fchendada lisamooduleid, nt eraldi saadaval olevad udukogujad, ventilaatorid v\u00f5i valgustid. Alternatiivina on kaasas sobivad formikariumi pistikud avade sulgemiseks. Soovi korral saab formikaariumi kasutada ka avatud kujul, kinnitades lihtsalt eemaldatava raami ja kandes selle servale sipelgap\u00f5letus\u00f5li. \"Drinker 2ml - 360 kraadi\" on ette n\u00e4htud mettasegu jaoks, \"Drinker clear 20ml - k\u00e4sn\" vee jaoks ja \"Bowl clear 1\u00d720 - k\u00e4sn\" valgurikka toidu jaoks. \"Mini termo-h\u00fcgromeetri analoog - n\u00e4idik - rippuv\" saab kinnitada raami v\u00f5i kaane k\u00fclge ja see n\u00e4itab kliima v\u00e4\u00e4rtusi.<\/p>\n<p><strong>Oluline:<\/strong> Palun niisutage substraati enne kasutamist, et segu saaks sipelgap\u00f5llul siduda ja kindlalt kinni pidada. Lisaks sellele, kui substraat on liiga kuiv ja tolmune, v\u00f5ivad sipelgate hingamisteed ummistuda ja halvimal juhul v\u00f5ivad loomad l\u00e4mbuda.<\/p>\n<p><strong>Soovitus:<\/strong> Soovitame 2 mm k\u00f5rguse substraatkihi, et loomad ei saaks areenile kaevuda, vaid kasutaksid selleks ette n\u00e4htud talu. Samuti soovitame, et farmi pesamaterjal (liiv\/savi, Digfix jne) oleks \u00fches kohas kergelt torgatud, et loomadel oleks lihtsam kaevata.<\/p>\n<p><strong>M\u00e4rkused tootmise kohta<\/strong><br \/>\nKlaas l\u00f5igatakse m\u00f5\u00f5tu vastavalt standardile DIN 1249, lubatud h\u00e4lve on +\/- 1 mm. V\u00e4ga v\u00e4ikeste sipelgaliikide puhul on oluline t\u00e4iendav v\u00e4lja murdumiskaitse.<\/p>\n<p><strong>M\u00e4rkused talu kohta<\/strong><br \/>\nVoolikute kinnitamisel v\u00f5i eemaldamisel v\u00f5tke arvesse j\u00e4rgmist:<br \/>\nKui toru on v\u00e4ga raske \u00fchendusmuhvile sobitada, tuleb muhvi kergelt h\u00f5\u00f5ruda tilga meie l\u00f5hkumisvastase \u00f5li v\u00f5i pulbriga. Seej\u00e4rel tuleks voolik l\u00fckata muhvile keerates v\u00f5i kruvides, ilma muhvi \u00fcles- ja allapoole liigutustega pinguldamata. Sama kehtib ka voolikute eemaldamisel p\u00f5llumajandusettev\u00f5tte \u00fchendusmuhvist. \u00c4rge t\u00f5mmake seda lihtsalt maha!<\/p>\n<p><strong>Juhised:<\/strong> (Versioon 2023, uuendatud versioon 2024. aastaks on saadaval hiljemalt 04\/2024)<\/p>\n<p>- DE <a href=\"https:\/\/www.antstore.net\/shop\/images\/info\/de\/Gebrauchsanweisung%20Starter%20Set%20Habitat.pdf\">Gebrauchsanweisung Starter Set Habitat<\/a> (PDF 3,21 MB)<\/p>\n<p>- ET <a href=\"https:\/\/www.antstore.net\/shop\/images\/info\/en\/Instructions%20for%20use%20-%20Starter%20Set%20Habitat.pdf\">Kasutusjuhend - Starter Set Habitat<\/a> (PDF 3,21 MB)<\/p>\n<p>- ES <a href=\"https:\/\/www.antstore.net\/shop\/images\/info\/es\/Manual%20de%20instrucciones%20-%20Set%20de%20inicio%20H%C3%A1bitat.pdf\">Manual de instrucciones - Set de inicio H\u00e1bitat<\/a> (PDF 3,21 MB)<\/p>\n<p>- FR <a href=\"https:\/\/www.antstore.net\/shop\/images\/info\/fr\/Manuel%20d'instruction%20-%20Kit%20de%20d%C3%A9marrage%20Habitat.pdf\">Manuel d'instruction - Kit de d\u00e9marrage Habitat<\/a> (PDF 3,21 MB)<\/p>\n<p><strong>M\u00e4rkus mesirohu kohta:<\/strong><br \/>\nSisu: 10 ml<br \/>\nSee on looduslik toode, mida oleme p\u00e4rast p\u00f5hjalikke katseid oma laboris t\u00e4iustanud ja arendanud sipelgate poolt v\u00e4ga h\u00e4sti vastuv\u00f5etavaks toiduks. P\u00f5hjus on selles, et t\u00f6\u00f6tlemata mesimett oma kontsentreeritud algsel kujul ei v\u00f5ta sipelgad ja nende ainevahetus h\u00e4sti vastu.<br \/>\nMeie mesi on kogutud Bulgaaria saastamata metsikutest m\u00e4gimetsadest. Mesimarja toodetakse ainult v\u00e4ga piiratud aja jooksul, umbes kaks kuud suvel. Seet\u00f5ttu on see v\u00e4ga haruldane. Metsade eriliste mullaomaduste ja kliima t\u00f5ttu talletatakse puude lehtedes olulisi toitaineid, mida mesilased imavad endasse. See teebki selle mesimagusegu sipelgate jaoks nii ihaldusv\u00e4\u00e4rseks.<\/p>\n<p><strong>Taotlus:<\/strong><br \/>\nToidukogus tuleks tarbida umbes 3 p\u00e4eva jooksul.<\/p>\n<p><strong>Kirjeldus:<\/strong><br \/>\nMesimett saadakse erinevalt lillemeest taimi imevate putukate, n\u00e4iteks kirvade, eritistest. Mesimesi on populaarne toiduallikas paljudele putukatele, nagu sipelgad, mesilased ja kimalased. Mesilased ja kimalased lakuvad seda erinevate puude lehtedelt v\u00f5i n\u00f5eltelt. Sipelgad, n\u00e4iteks Lasius niger, hoiavad s\u00f5na otseses m\u00f5ttes \u00e4ra mesirohtu. Nad kaitsevad neid isegi r\u00f6\u00f6vloomade eest ja kannavad neid v\u00e4rsketele v\u00f5rsetele.<\/p>\n<p>Mesimagus on sipelgate seas eriti populaarne oma m\u00f5nev\u00f5rra teistsuguste komponentide t\u00f5ttu. Peamised suhkrud mesimagus on sahharoos ja fruktoos, kuid v\u00e4iksemas koguses leidub ka maltoosi, trehaloosi, melesitoosi, rafinoosi ja muid oligosahhariide. Lisaks suhkrule ja veele sisaldab mesimesi ka olulisi aminohappeid, mineraalaineid, mikroelemente, adenosiine, fosfaate ja muid koostisosi, n\u00e4iteks vitamiine.<\/p>\n<p><strong>Kasutage:<\/strong><br \/>\nMees\u00f6\u00f6jate sipelgaliikide (Meliphagidae) puhul.<br \/>\nSee on t\u00e4iendav s\u00f6\u00f6t<br \/>\nSeda v\u00f5ib pakkuda loomadele tarnitud kujul. Kuna niiskuse t\u00f5ttu v\u00e4heneb suhkrusisaldus ja algab k\u00e4\u00e4rimisprotsess, tuleb toit iga 3 p\u00e4eva j\u00e4rel asendada. Enne taaskasutamist puhastage s\u00f6\u00f6dakaussi\/toru p\u00f5hjalikult.<br \/>\nP\u00e4rast avamist tuleb pakendit hoida tihedalt suletuna kuni k\u00f5lblikkusaja l\u00f5puni.<\/p>\n<p><strong>Toitumisalane teave 100 g kohta:<\/strong><br \/>\numbes 2,7 % rasvad<br \/>\nmillest k\u00fcllastunud umbes 0,45 %<br \/>\numbes 95 % s\u00fcsivesikuid<br \/>\nmillest suhkur umbes 71<br \/>\numbes 2,85% valku<br \/>\nMineraalained (kaalium, kaltsium, vask, raud, naatrium, magneesium, fosfor, tsink ja muud mikroelemendid). Aminohapped (proliin, leutsiin, fen\u00fc\u00fclalaniin, alaniin, histidiin, isoleutsiin, glutamiinhape, arginiin, asparagiinhape jne) Orgaanilised happed Ens\u00fc\u00fcmid (fermente)Aroomid Inhibiinid (antibakteriaalsed ained) \u00d5ietolm \u00d5ietolm.<\/p>\n<p><strong>Ladustamine:<\/strong><br \/>\nS\u00f6\u00f6da kvaliteedi tagamiseks tuleb s\u00f6\u00f6ta hoida pimedas ja kuivas kohas.<\/p>\n<p><strong>M\u00e4rkus:<\/strong><br \/>\nTeavet s\u00f6\u00f6datorude kasutamise kohta leiate siit: Link<br \/>\nT\u00e4iendav s\u00f6\u00f6t mett s\u00f6\u00f6vate sipelgate jaoks.<br \/>\nKoostise, anal\u00fc\u00fctiliste koostisosade, s\u00e4ilimisaja ja partii numbri leiate pakendi infolehelt.<\/p>\n<p>Infotelefon +49 30 439703870<\/p>\n<p>Vastutav veterinaar- ja toiduinspektsioon:<br \/>\nSteglitzi veterinaarkabinet<br \/>\nK\u00f6nigin-Luise-Str. 92<br \/>\n14195 Berliin<\/p>\n<p><strong>M\u00e4rkus blan\u0161eeritud s\u00e4rge kohta:<\/strong><br \/>\nMeie blan\u0161eeritud s\u00e4rge on lihtne viis pakkuda sipelgatele v\u00e4rskelt konserveeritud valgurikast toitu, ilma et oleks vaja toita elavaid putukaid. Sisalduvaid s\u00e4rge (Acheta domesticus) on \u00f5rnalt blan\u0161eeritud, et tagada toitev\u00e4\u00e4rtuste, maitse ja aroomi s\u00e4ilimine. Lisaks on putukate kitiinne kest sel viisil pehmendatud, et see oleks kergemini seeditav. Kollageenvalkude sidemed on l\u00f5hutud, et sipelgad saaksid neid paremini kasutada. Konserveeritud Acheta domesticus on sama toitev\u00e4\u00e4rtusega kui elusad sirkad, kuid on kergemini seeditav.<\/p>\n<p>Blan\u0161eeritud sirkad ei sobi elusat toitu n\u00f5udvate sipelgaliikide (nt poneriinid (suured sipelgad) nagu Harpegnathos v\u00f5i Odontomachus) k\u00fcttimiseks.<\/p>\n<p><strong>T\u00e4iendavad eelised:<\/strong><br \/>\nGaranteeritult lestavaba<br \/>\nSaab portsjoniteks jaotada<br \/>\nSteriliseeritud ja tolmuimeeritud<br \/>\nIlma lisaaineteta<br \/>\nPuhtalt mahep\u00f5llumajanduslikust kasvatusest p\u00e4rit ja orgaaniliste j\u00e4\u00e4tmetega toidetud kriketid.<\/p>\n<p><strong>Palun v\u00f5tke arvesse:<\/strong><br \/>\nS\u00e4ilib k\u00fclmikus umbes neli p\u00e4eva p\u00e4rast avamist. K\u00fclmutatuna s\u00e4ilivusaeg on pikem.<\/p>","protected":false},"excerpt":{"rendered":"<p>Komplekt koosneb 34 osast<\/p>\n<p>Suurus: <span style=\"color: #0000ff;\"><strong>L<\/strong><\/span><\/p>","protected":false},"featured_media":7132,"comment_status":"open","ping_status":"closed","template":"","meta":{"_acf_changed":false,"content-type":"","_monsterinsights_skip_tracking":false,"_monsterinsights_sitenote_active":false,"_monsterinsights_sitenote_note":"","_monsterinsights_sitenote_category":0},"product_brand":[],"product_cat":[355,73,74],"product_tag":[],"class_list":{"0":"post-6561","1":"product","2":"type-product","3":"status-publish","4":"has-post-thumbnail","6":"product_cat-bundle-offers","7":"product_cat-starter-sets","8":"product_cat-starter-sets-habitat","10":"first","11":"instock","12":"taxable","13":"shipping-taxable","14":"purchasable","15":"product-type-simple"},"acf":[],"aioseo_notices":[],"jetpack_sharing_enabled":true,"_links":{"self":[{"href":"https:\/\/antcube.shop\/et\/wp-json\/wp\/v2\/product\/6561","targetHints":{"allow":["GET"]}}],"collection":[{"href":"https:\/\/antcube.shop\/et\/wp-json\/wp\/v2\/product"}],"about":[{"href":"https:\/\/antcube.shop\/et\/wp-json\/wp\/v2\/types\/product"}],"replies":[{"embeddable":true,"href":"https:\/\/antcube.shop\/et\/wp-json\/wp\/v2\/comments?post=6561"}],"wp:featuredmedia":[{"embeddable":true,"href":"https:\/\/antcube.shop\/et\/wp-json\/wp\/v2\/media\/7132"}],"wp:attachment":[{"href":"https:\/\/antcube.shop\/et\/wp-json\/wp\/v2\/media?parent=6561"}],"wp:term":[{"taxonomy":"product_brand","embeddable":true,"href":"https:\/\/antcube.shop\/et\/wp-json\/wp\/v2\/product_brand?post=6561"},{"taxonomy":"product_cat","embeddable":true,"href":"https:\/\/antcube.shop\/et\/wp-json\/wp\/v2\/product_cat?post=6561"},{"taxonomy":"product_tag","embeddable":true,"href":"https:\/\/antcube.shop\/et\/wp-json\/wp\/v2\/product_tag?post=6561"}],"curies":[{"name":"wp","href":"https:\/\/api.w.org\/{rel}","templated":true}]}}